{"id":6754,"date":"2026-04-03T14:52:22","date_gmt":"2026-04-03T14:52:22","guid":{"rendered":"https:\/\/koellnadvogada.com\/?page_id=6754"},"modified":"2026-04-03T14:57:16","modified_gmt":"2026-04-03T14:57:16","slug":"impressum","status":"publish","type":"page","link":"https:\/\/koellnadvogada.com\/fr\/impressum\/","title":{"rendered":"Mentions l\u00e9gales"},"content":{"rendered":"<div data-elementor-type=\"wp-page\" data-elementor-id=\"6754\" class=\"elementor elementor-6754\" data-elementor-post-type=\"page\">\n\t\t\t\t<div class=\"elementor-element elementor-element-4f082f6 e-flex e-con-boxed e-con e-parent\" data-id=\"4f082f6\" data-element_type=\"container\" data-e-type=\"container\">\n\t\t\t\t\t<div class=\"e-con-inner\">\n\t\t<div class=\"elementor-element elementor-element-2449089 e-con-full e-flex e-con e-child\" data-id=\"2449089\" data-element_type=\"container\" data-e-type=\"container\">\n\t\t\t\t<div class=\"elementor-element elementor-element-6cb82b6 elementor-widget elementor-widget-image\" data-id=\"6cb82b6\" data-element_type=\"widget\" data-e-type=\"widget\" data-widget_type=\"image.default\">\n\t\t\t\t\t\t\t\t\t\t\t\t\t\t\t<img decoding=\"async\" src=\"https:\/\/koellnadvogada.com\/wp-content\/uploads\/elementor\/thumbs\/impressum-cover-page-rlgv7l90lxirwacw92d85dgsd7ynl7ad4fuzjibi6k.jpeg\" title=\"page de garde de la mention l\u00e9gale\" alt=\"impressum-cover-page\" loading=\"lazy\" \/>\t\t\t\t\t\t\t\t\t\t\t\t\t\t\t<\/div>\n\t\t\t\t<div class=\"elementor-element elementor-element-db55b95 elementor-widget elementor-widget-heading\" data-id=\"db55b95\" data-element_type=\"widget\" data-e-type=\"widget\" data-widget_type=\"heading.default\">\n\t\t\t\t\t<h2 class=\"elementor-heading-title elementor-size-default\">Mentions l\u00e9gales<\/h2>\t\t\t\t<\/div>\n\t\t\r\n\t\t<div class=\"elementor-element elementor-element-92d3703 elementor-widget elementor-widget-text-editor\" data-id=\"92d3703\" data-element_type=\"widget\" data-e-type=\"widget\" data-widget_type=\"text-editor.default\">\n\t\t\t\t\t\t\t\t\t<p><strong>Sandra Helena Koelln<\/strong><br \/>Avocate et avocate<br \/>Rue du geai d'\u00e9corce 46<br \/>81249 Munich<br \/>T\u00e9l\u00e9phone : +49 89 4113 0903<br \/>Courriel : sandra@koellnadvogada.com<br \/>Num\u00e9ro fiscal : 89 534 227 015<\/p>\t\t\t\t\t\t\t\t<\/div>\n\t\t\t\t<\/div>\n\t\t<div class=\"elementor-element elementor-element-5d3a113 e-con-full e-flex e-con e-child\" data-id=\"5d3a113\" data-element_type=\"container\" data-e-type=\"container\">\n\t\t\t\t<div class=\"elementor-element elementor-element-49249f2 elementor-widget elementor-widget-ensafservicelist\" data-id=\"49249f2\" data-element_type=\"widget\" data-e-type=\"widget\" data-widget_type=\"ensafservicelist.default\">\n\t\t\t\t<div class=\"elementor-widget-container\">\n\t\t\t\t\t<div class=\"widget widget_categories\"><h3 class=\"widget_title\">Services<\/h3><ul><li><a href=\"https:\/\/koellnadvogada.com\/fr\/cidadania\/\">Citoyennet\u00e9<\/a><span><i class=\"fa-sharp fa-light fa-arrow-right\"><\/i><\/span><\/li><li><a href=\"https:\/\/koellnadvogada.com\/fr\/cidadania-alema\/\">Droit de la famille international<\/a><span><i class=\"fa-sharp fa-light fa-arrow-right\"><\/i><\/span><\/li><li><a href=\"https:\/\/koellnadvogada.com\/fr\/cidadania-portuguesa\/\">Droit des migrations et immigration<\/a><span><i class=\"fa-sharp fa-light fa-arrow-right\"><\/i><\/span><\/li><li><a href=\"https:\/\/koellnadvogada.com\/fr\/cidadania-italiana\/\">Droit civil (des affaires)<\/a><span><i class=\"fa-sharp fa-light fa-arrow-right\"><\/i><\/span><\/li><li><a href=\"https:\/\/koellnadvogada.com\/fr\/cidadania-espanhola\/\">Droit successoral et successions<\/a><span><i class=\"fa-sharp fa-light fa-arrow-right\"><\/i><\/span><\/li><li><a href=\"https:\/\/koellnadvogada.com\/fr\/reconhecimento-de-decisoes-estrangeiras\/\">Reconnaissance des d\u00e9cisions \u00e9trang\u00e8res<\/a><span><i class=\"fa-sharp fa-light fa-arrow-right\"><\/i><\/span><\/li><li><a href=\"https:\/\/koellnadvogada.com\/fr\/direito-penal\/\">Droit P\u00e9nal<\/a><span><i class=\"fa-sharp fa-light fa-arrow-right\"><\/i><\/span><\/li><\/ul><\/div>\t\t\t\t<\/div>\n\t\t\t\t<\/div>\n\t\t\t\t<div class=\"elementor-element elementor-element-75652ff elementor-widget elementor-widget-ensafcontactinfo\" data-id=\"75652ff\" data-element_type=\"widget\" data-e-type=\"widget\" data-widget_type=\"ensafcontactinfo.default\">\n\t\t\t\t<div class=\"elementor-widget-container\">\n\t\t\t\t\t<div class=\"widget widget_call\"><div class=\"widget-call\"><h4 class=\"box-title\">Besoin d'aide ?<\/h4><p class=\"box_text\">Un soutien juridique sp\u00e9cialis\u00e9 lorsque vous en avez le plus besoin.<\/p><div class=\"widget_call\"><div class=\"info-box\"><div class=\"info-box_icon\"><i class=\"fa-brands fa-whatsapp\"><\/i><\/div><div><span class=\"info-box_subtitle\">Contact<\/span><p class=\"info-box_text\"><a href=\"https:\/\/wa.me\/4915566359635?text=Ol%C3%A1%2C%20preciso%20de%20assessoria%20jur%C3%ADdica%20para%20avaliar%20minha%20situa%C3%A7%C3%A3o%20e%20obter%20esclarecimentos%20sobre%3A\" class=\"info-box_link\">+49 15566 359635<\/a>\n<\/p><\/div><\/div><div class=\"info-box\"><div class=\"info-box_icon\"><i class=\"fas fa-envelope\"><\/i><\/div><div><span class=\"info-box_subtitle\">Courrier \u00e9lectronique<\/span><p class=\"info-box_text\"><a href=\"mailto:info@koellnadvogada.com\" class=\"info-box_link\">info@koellnadvogada.com<\/a>\n<\/p><\/div><\/div><\/div><\/div><\/div>\t\t\t\t<\/div>\n\t\t\t\t<\/div>\n\t\t\t\t<\/div>\n\t\t\t\t\t<\/div>\n\t\t\t\t<\/div>\n\t\t\t\t<\/div>","protected":false},"excerpt":{"rendered":"<p>Impressum Sandra Helena KoellnRechtsanw\u00e4ltin und AdvogadaEichelh\u00e4herstr. 4681249 M\u00fcnchenPhone: +49 89 4113\u200b 0903E-Mail: sandra@koellnadvogada.comSteuernummer: 89\u200b 534 \u200b227 \u200b015 Servi\u00e7os Cidadania Direito de Fam\u00edlia Internacional Direito Migrat\u00f3rio e Imigra\u00e7\u00e3o Direito Civil (Empresarial) Direito Sucess\u00f3rio e Heran\u00e7as Reconhecimento de Decis\u00f5es Estrangeiras Direito Penal Precisa de Ajuda? Suporte jur\u00eddico especializado quando voc\u00ea mais precisa. Contato +49 15566 359635 E-mail&#8230;<\/p>","protected":false},"author":1,"featured_media":0,"parent":0,"menu_order":0,"comment_status":"closed","ping_status":"closed","template":"","meta":{"footnotes":""},"class_list":["post-6754","page","type-page","status-publish","hentry"],"_links":{"self":[{"href":"https:\/\/koellnadvogada.com\/fr\/wp-json\/wp\/v2\/pages\/6754","targetHints":{"allow":["GET"]}}],"collection":[{"href":"https:\/\/koellnadvogada.com\/fr\/wp-json\/wp\/v2\/pages"}],"about":[{"href":"https:\/\/koellnadvogada.com\/fr\/wp-json\/wp\/v2\/types\/page"}],"author":[{"embeddable":true,"href":"https:\/\/koellnadvogada.com\/fr\/wp-json\/wp\/v2\/users\/1"}],"replies":[{"embeddable":true,"href":"https:\/\/koellnadvogada.com\/fr\/wp-json\/wp\/v2\/comments?post=6754"}],"version-history":[{"count":4,"href":"https:\/\/koellnadvogada.com\/fr\/wp-json\/wp\/v2\/pages\/6754\/revisions"}],"predecessor-version":[{"id":6760,"href":"https:\/\/koellnadvogada.com\/fr\/wp-json\/wp\/v2\/pages\/6754\/revisions\/6760"}],"wp:attachment":[{"href":"https:\/\/koellnadvogada.com\/fr\/wp-json\/wp\/v2\/media?parent=6754"}],"curies":[{"name":"wp","href":"https:\/\/api.w.org\/{rel}","templated":true}]}}