{"id":6419,"date":"2026-03-25T13:47:01","date_gmt":"2026-03-25T13:47:01","guid":{"rendered":"https:\/\/aquamarine-lemur-517961.hostingersite.com\/?page_id=6419"},"modified":"2026-04-05T15:51:42","modified_gmt":"2026-04-05T15:51:42","slug":"cidadania-italiana","status":"publish","type":"page","link":"https:\/\/koellnadvogada.com\/fr\/cidadania-italiana\/","title":{"rendered":"Citoyennet\u00e9 italienne"},"content":{"rendered":"<div data-elementor-type=\"wp-page\" data-elementor-id=\"6419\" class=\"elementor elementor-6419\" data-elementor-post-type=\"page\">\n\t\t\t\t<div class=\"elementor-element elementor-element-35034b4 e-flex e-con-boxed e-con e-parent\" data-id=\"35034b4\" data-element_type=\"container\" data-e-type=\"container\">\n\t\t\t\t\t<div class=\"e-con-inner\">\n\t\t<div class=\"elementor-element elementor-element-0436402 e-con-full e-flex e-con e-child\" data-id=\"0436402\" data-element_type=\"container\" data-e-type=\"container\">\n\t\t\t\t<div class=\"elementor-element elementor-element-54f12d0 elementor-widget elementor-widget-image\" data-id=\"54f12d0\" data-element_type=\"widget\" data-e-type=\"widget\" data-widget_type=\"image.default\">\n\t\t\t\t\t\t\t\t\t\t\t\t\t\t\t<img decoding=\"async\" src=\"https:\/\/koellnadvogada.com\/wp-content\/uploads\/elementor\/thumbs\/Italian_citizenship_law_202603251437-rl141a45yie8f53au50g0v2tvr7kh20jv6xodgr0ek.jpeg\" title=\"Loi_sur_la_citoyennet\u00e9_italienne\" alt=\"Italian_citizenship_law_202603251437\" loading=\"lazy\" \/>\t\t\t\t\t\t\t\t\t\t\t\t\t\t\t<\/div>\n\t\t\t\t<div class=\"elementor-element elementor-element-4034301 elementor-widget elementor-widget-heading\" data-id=\"4034301\" data-element_type=\"widget\" data-e-type=\"widget\" data-widget_type=\"heading.default\">\n\t\t\t\t\t<h2 class=\"elementor-heading-title elementor-size-default\">Citoyennet\u00e9 Italienne : Nouvelle Loi 2025, Jure Sanguinis et Proc\u00e9dure<\/h2>\t\t\t\t<\/div>\n\t\t\r\n\t\t<div class=\"elementor-element elementor-element-c1816d5 elementor-widget elementor-widget-text-editor\" data-id=\"c1816d5\" data-element_type=\"widget\" data-e-type=\"widget\" data-widget_type=\"text-editor.default\">\n\t\t\t\t\t\t\t\t\t<p>La citoyennet\u00e9 italienne par filiation (jure sanguinis) a connu une <strong>changement l\u00e9gislatif historique en 2025<\/strong>. Le d\u00e9cret-loi n\u00b0 36\/2025 (connu sous le nom de d\u00e9cret Tajani), transform\u00e9 en <strong>Loi n\u00ba 74\/2025<\/strong> Le 24 mai 2025, une limite g\u00e9n\u00e9rationnelle a \u00e9t\u00e9 introduite qui n'existait pas auparavant : d\u00e9sormais, seuls les enfants et petits-enfants d'Italiens n\u00e9s en Italie peuvent demander la reconnaissance de la citoyennet\u00e9. La Cour constitutionnelle italienne a confirm\u00e9 la constitutionnalit\u00e9 de cette restriction en mars 2026.<\/p><p>Le cabinet Sandra Koelln offre des conseils juridiques \u00e0 jour sur les nouvelles r\u00e8gles et accompagne la constitution du dossier documentaire, les traductions et la soumission du dossier \u2014 que ce soit par voie consulaire, directement dans une commune en Italie, ou par voie judiciaire lorsque applicable.<\/p><p>\u00a0<\/p><h2>Nouvelles R\u00e8gles : Loi 74\/2025 (D\u00e9cret Tajani)<\/h2><p>Jusqu'en mars 2025, l'Italie n'imposait pas de limite g\u00e9n\u00e9rationnelle pour la reconnaissance de la citoyennet\u00e9 par filiation. Il suffisait de prouver une lign\u00e9e ininterrompue jusqu'\u00e0 un anc\u00eatre italien n\u00e9 apr\u00e8s le 17 mars 1861 (date de l'unification de l'Italie). Ce sc\u00e9nario a radicalement chang\u00e9.<\/p><h3>Qu'est-ce qui a chang\u00e9<\/h3><ul><li><strong>Limite de 2 g\u00e9n\u00e9rations : <\/strong>Aujourd'hui, seuls les enfants et petits-enfants d'Italiens n\u00e9s en Italie peuvent demander la citoyennet\u00e9. Les arri\u00e8re-petits-enfants, les arri\u00e8re-arri\u00e8re-petits-enfants et les g\u00e9n\u00e9rations suivantes sont exclus.<\/li><li><strong>R\u00e8gle du mineur (2024) : <\/strong>si l'anc\u00eatre italien a \u00e9t\u00e9 naturalis\u00e9 citoyen d'un autre pays alors que le fils \u00e9tait encore mineur, la cha\u00eene de transmission est consid\u00e9r\u00e9e comme interrompue<\/li><li><strong>Enfants n\u00e9s \u00e0 l'\u00e9tranger (\u00e0 partir de mai 2025) : <\/strong>les enfants d'Italiens n\u00e9s en dehors de l'Italie n'acqui\u00e8rent la citoyennet\u00e9 automatique que si le p\u00e8re\/la m\u00e8re a r\u00e9sid\u00e9 en Italie pendant au moins 2 ans avant la naissance<\/li><li><strong>Taux de 600 \u20ac : <\/strong>Le co\u00fbt de la demande est pass\u00e9 de 300 \u20ac \u00e0 600 \u20ac, avec une nouvelle augmentation pr\u00e9vue \u00e0 700 \u20ac.<\/li><\/ul><h3>R\u00e8gle de Transition<\/h3><p><strong>Important: <\/strong>les demandes d\u00e9pos\u00e9es ou les nominations confirm\u00e9es aupr\u00e8s des consulats, des communes ou des tribunaux <strong>jusqu'au 27 mars 2025 (23h59, heure de Rome)<\/strong> continuent d'\u00eatre \u00e9valu\u00e9s par les r\u00e8gles pr\u00e9c\u00e9dentes, sans limite g\u00e9n\u00e9rationnelle. Si vous aviez d\u00e9j\u00e0 une proc\u00e9dure en cours avant cette date, vos droits sont pr\u00e9serv\u00e9s.<\/p><h3>R\u00e9cup\u00e9ration de citoyennet\u00e9 (R\u00e8gle des mineurs)<\/h3><p>La nouvelle loi a \u00e9galement apport\u00e9 une fen\u00eatre positive : les personnes n\u00e9es en Italie ou qui ont r\u00e9sid\u00e9 dans le pays pendant au moins 2 ans cons\u00e9cutifs et qui ont perdu la citoyennet\u00e9 italienne selon l'ancienne r\u00e8gle des mineurs peuvent demander sa r\u00e9cup\u00e9ration entre le 1er juillet 2025 et le 31 d\u00e9cembre 2027.<\/p><p>\u00a0<\/p><h2>Exigences actuelles pour la citoyennet\u00e9 italienne<\/h2><ul><li>\u00catre enfant ou petit-enfant d'un citoyen italien n\u00e9 en Italie<\/li><li>Cha\u00eene documentaire compl\u00e8te : actes de naissance, de mariage et de d\u00e9c\u00e8s de toute la lign\u00e9e<\/li><li>L'anc\u00eatre italien ne pouvait pas s'\u00eatre naturalis\u00e9 citoyen d'un autre pays avant la naissance du descendant suivant dans la lign\u00e9e (ou pendant que celui-ci \u00e9tait mineur)<\/li><li>CNN (Certificat de Naturalisation N\u00e9gatif) de l'anc\u00eatre italien<\/li><li>Documents traduits en italien par un traducteur asserment\u00e9 et apostill\u00e9s (Apostille de La Haye)<\/li><\/ul><h3>Cas de la Ligne Maternelle Pr\u00e9-1948<\/h3><p>Historiquement, la loi italienne ne reconnaissait pas la transmission de la citoyennet\u00e9 par lign\u00e9e maternelle pour les enfants n\u00e9s avant le 01\/01\/1948. Ces cas n\u00e9cessitaient une action en justice (recours aupr\u00e8s du Tribunal Civil de Rome). Avec la loi 74\/2025, on s'attend \u00e0 ce que cette voie judiciaire sp\u00e9cifique soit progressivement remplac\u00e9e par les nouvelles r\u00e8gles g\u00e9n\u00e9rales, mais les proc\u00e9dures d\u00e9j\u00e0 en cours continuent leur d\u00e9roulement normalement.<\/p><p>\u00a0<\/p><h2>Voies vers la Reconnaissance<\/h2><h3>Voie consulaire<\/h3><p>La demande est faite aupr\u00e8s du consulat italien de la juridiction de r\u00e9sidence. Le temps d'attente peut varier de 2 \u00e0 12 ans selon le consulat \u2014 les consulats des grandes villes d'Am\u00e9rique latine ont tendance \u00e0 avoir des files d'attente consid\u00e9rablement plus longues.<\/p><h3>Via judiciaire (recours au tribunal de Rome)<\/h3><p>Pour les cas de lign\u00e9e maternelle pr\u00e9-1948, le processus judiciaire est la seule option. Il peut \u00e9galement \u00eatre utilis\u00e9 en alternative lorsque la file d'attente consulaire est excessivement longue. Le d\u00e9lai moyen est de 12 \u00e0 24 mois.<\/p><h3>Directement \u00e0 la commune en Italie<\/h3><p>Pour ceux qui peuvent r\u00e9sider temporairement en Italie, la demande peut \u00eatre faite directement aupr\u00e8s de la comune (municipalit\u00e9). Le d\u00e9lai l\u00e9gal est de 120 jours apr\u00e8s le protocole, ce qui rend cette voie beaucoup plus rapide que la voie consulaire.<\/p><p>\u00a0<\/p><h2>Questions Fr\u00e9quentes sur la Citoyennet\u00e9 Italienne<\/h2><h3>Combien de g\u00e9n\u00e9rations peuvent demander la citoyennet\u00e9 italienne ?<\/h3><p>Avec la loi 74\/2025 (d\u00e9cret Tajani), entr\u00e9e en vigueur en mai 2025, seuls les enfants et petits-enfants d'Italiens n\u00e9s en Italie peuvent demander la citoyennet\u00e9. Les arri\u00e8re-petits-enfants et les g\u00e9n\u00e9rations suivantes ne sont plus \u00e9ligibles selon les nouvelles r\u00e8gles. Les proc\u00e9dures d\u00e9pos\u00e9es avant le 28 mars 2025 suivront toujours les anciennes r\u00e8gles (sans limite g\u00e9n\u00e9rationnelle).<\/p><h3>Ai-je besoin d'aller en Italie pour demander la citoyennet\u00e9\u00a0?<\/h3><p>Pas n\u00e9cessairement. Le processus peut \u00eatre r\u00e9alis\u00e9 par voie consulaire (dans le pays de r\u00e9sidence) ou judiciaire (Tribunal de Rome). Cependant, si vous optez pour la voie communale, il sera n\u00e9cessaire d'\u00e9tablir une r\u00e9sidence temporaire en Italie.<\/p><h3>Combien de temps dure la proc\u00e9dure ?<\/h3><p>Voie consulaire : 2 \u00e0 12 ans (varie \u00e9norm\u00e9ment d'un consulat \u00e0 l'autre et tend \u00e0 \u00eatre plus long dans les pays d'Am\u00e9rique latine). Voie judiciaire : 12 \u00e0 24 mois. Via comune : 120 jours apr\u00e8s le protocole (d\u00e9lai l\u00e9gal). Avec les nouvelles restrictions, on esp\u00e8re que les files d'attente consulaires diminueront progressivement.<\/p><h3>Mon grand-p\u00e8re\/ma grand-m\u00e8re \u00e9tait italien(ne). Ai-je encore droit?<\/h3><p>Oui, les petits-enfants d'Italiens n\u00e9s en Italie peuvent toujours b\u00e9n\u00e9ficier de la loi 74\/2025. Ce qui a chang\u00e9, c'est que les arri\u00e8re-petits-enfants et les g\u00e9n\u00e9rations suivantes n'y ont plus droit. Si la transmission se fait par la ligne maternelle et que le descendant est n\u00e9 avant 1948, il peut \u00eatre n\u00e9cessaire de saisir les tribunaux. Chaque cas doit \u00eatre analys\u00e9 individuellement.<\/p><h3>Que se passe-t-il si j'ai d\u00e9j\u00e0 un dossier en cours ?<\/h3><p>Les processus enregistr\u00e9s ou dont la date est confirm\u00e9e jusqu'au 27 mars 2025 (23h59, heure de Rome) continuent d'\u00eatre \u00e9valu\u00e9s selon les r\u00e8gles pr\u00e9c\u00e9dentes. Cela s'applique aux demandes dans les consulats, les communes et les tribunaux. Le statut de cittadinanza d\u00e9j\u00e0 reconnu d'autres membres de la famille n'affecte pas votre cas.<\/p>\t\t\t\t\t\t\t\t<\/div>\n\t\t\t\t<\/div>\n\t\t<div class=\"elementor-element elementor-element-afada39 e-con-full e-flex e-con e-child\" data-id=\"afada39\" data-element_type=\"container\" data-e-type=\"container\">\n\t\t\t\t<div class=\"elementor-element elementor-element-71bcdac elementor-widget elementor-widget-ensafcontactinfo\" data-id=\"71bcdac\" data-element_type=\"widget\" data-e-type=\"widget\" data-widget_type=\"ensafcontactinfo.default\">\n\t\t\t\t<div class=\"elementor-widget-container\">\n\t\t\t\t\t<div class=\"widget widget_call\"><div class=\"widget-call\"><h4 class=\"box-title\">Besoin d'aide ?<\/h4><p class=\"box_text\">Suporte jur\u00eddico\nespecializado para\norientar voc\u00ea com seguran\u00e7a.<\/p><div class=\"widget_call\"><div class=\"info-box\"><div class=\"info-box_icon\"><i class=\"fa-brands fa-whatsapp\"><\/i><\/div><div><span class=\"info-box_subtitle\">Contate-nos:<\/span><p class=\"info-box_text\"><!-- WhatsApp -->\n<a href=\"https:\/\/wa.me\/4915566359635?text=Ol\u00e1,%20preciso%20de%20assessoria%20jur\u00eddica...\" target=\"_blank\">\n  WhatsApp\n<\/a>\n<\/p><\/div><\/div><div class=\"info-box\"><div class=\"info-box_icon\"><i class=\"fas fa-envelope\"><\/i><\/div><div><span class=\"info-box_subtitle\">Courrier \u00e9lectronique<\/span><p class=\"info-box_text\"><a href=\"mailto:info@koellnadvogada.com\" class=\"info-box_link\">info@koellnadvogada.com<\/a>\n<\/p><\/div><\/div><\/div><\/div><\/div>\t\t\t\t<\/div>\n\t\t\t\t<\/div>\n\t\t\t\t<div class=\"elementor-element elementor-element-e6964fc elementor-hidden-mobile elementor-widget elementor-widget-ensafservicelist\" data-id=\"e6964fc\" data-element_type=\"widget\" data-e-type=\"widget\" data-widget_type=\"ensafservicelist.default\">\n\t\t\t\t<div class=\"elementor-widget-container\">\n\t\t\t\t\t<div class=\"widget widget_categories\"><h3 class=\"widget_title\">Citoyennet\u00e9<\/h3><ul><li><a href=\"https:\/\/koellnadvogada.com\/fr\/cidadania-alema\/\">Allemande<\/a><span><i class=\"fa-sharp fa-light fa-arrow-right\"><\/i><\/span><\/li><li><a href=\"https:\/\/koellnadvogada.com\/fr\/cidadania-portuguesa\/\">Portugais<\/a><span><i class=\"fa-sharp fa-light fa-arrow-right\"><\/i><\/span><\/li><li><a href=\"https:\/\/koellnadvogada.com\/fr\/cidadania-espanhola\/\">Espagnol<\/a><span><i class=\"fa-sharp fa-light fa-arrow-right\"><\/i><\/span><\/li><\/ul><\/div>\t\t\t\t<\/div>\n\t\t\t\t<\/div>\n\t\t\t\t<div class=\"elementor-element elementor-element-b7c6839 elementor-hidden-mobile elementor-widget elementor-widget-ensafservicelist\" data-id=\"b7c6839\" data-element_type=\"widget\" data-e-type=\"widget\" data-widget_type=\"ensafservicelist.default\">\n\t\t\t\t<div class=\"elementor-widget-container\">\n\t\t\t\t\t<div class=\"widget widget_categories\"><h3 class=\"widget_title\">Autres Services<\/h3><ul><li><a href=\"https:\/\/koellnadvogada.com\/fr\/cidadania\/\">Citoyennet\u00e9<\/a><span><i class=\"fa-sharp fa-light fa-arrow-right\"><\/i><\/span><\/li><li><a href=\"https:\/\/koellnadvogada.com\/fr\/direito-de-familia-internacional\/\">Droit de la famille international<\/a><span><i class=\"fa-sharp fa-light fa-arrow-right\"><\/i><\/span><\/li><li><a href=\"https:\/\/koellnadvogada.com\/fr\/direito-migratorio-e-imigracao\/\">Droit des migrations et immigration<\/a><span><i class=\"fa-sharp fa-light fa-arrow-right\"><\/i><\/span><\/li><li><a href=\"https:\/\/koellnadvogada.com\/fr\/direito-civil\/\">Droit civil<\/a><span><i class=\"fa-sharp fa-light fa-arrow-right\"><\/i><\/span><\/li><li><a href=\"https:\/\/koellnadvogada.com\/fr\/direito-sucessorio-e-herancas\/\">Droit successoral et successions<\/a><span><i class=\"fa-sharp fa-light fa-arrow-right\"><\/i><\/span><\/li><li><a href=\"https:\/\/koellnadvogada.com\/fr\/reconhecimento-de-decisoes-estrangeiras\/\">Reconnaissance des d\u00e9cisions \u00e9trang\u00e8res<\/a><span><i class=\"fa-sharp fa-light fa-arrow-right\"><\/i><\/span><\/li><li><a href=\"https:\/\/koellnadvogada.com\/fr\/direito-penal\/\">Droit P\u00e9nal<\/a><span><i class=\"fa-sharp fa-light fa-arrow-right\"><\/i><\/span><\/li><\/ul><\/div>\t\t\t\t<\/div>\n\t\t\t\t<\/div>\n\t\t\t\t<\/div>\n\t\t\t\t\t<\/div>\n\t\t\t\t<\/div>\n\t\t<div class=\"elementor-element elementor-element-7c53e1a e-flex e-con-boxed e-con e-parent\" data-id=\"7c53e1a\" data-element_type=\"container\" data-e-type=\"container\">\n\t\t\t\t\t<div class=\"e-con-inner\">\n\t\t\t\t<div class=\"elementor-element elementor-element-ffb86b8 elementor-widget elementor-widget-ensafcontactform\" data-id=\"ffb86b8\" data-element_type=\"widget\" data-e-type=\"widget\" data-widget_type=\"ensafcontactform.default\">\n\t\t\t\t<div class=\"elementor-widget-container\">\n\t\t\t\t\t<div class=\"contact-from-1-wrap\"><div class=\"row gx-60 gy-40\"><div class=\"col-xl-6\"><div class=\"contact-form\"><div class=\"title-area mb-35\"><span class=\"sub-title justify-content-center sub\">Avez-vous besoin de conseils juridiques ?<\/span><h4 class=\"sec-title title\">Contactez-nous<\/h4><\/div><div class=\"quote-form ajax-contact\">\n<div class=\"wpcf7 no-js\" id=\"wpcf7-f4134-o1\" lang=\"en-US\" dir=\"ltr\" data-wpcf7-id=\"4134\">\n<div class=\"screen-reader-response\"><p role=\"status\" aria-live=\"polite\" aria-atomic=\"true\"><\/p> <ul><\/ul><\/div>\n<form action=\"\/fr\/wp-json\/wp\/v2\/pages\/6419#wpcf7-f4134-o1\" method=\"post\" class=\"wpcf7-form init\" aria-label=\"Contact form\" novalidate=\"novalidate\" data-status=\"init\" data-trp-original-action=\"\/fr\/wp-json\/wp\/v2\/pages\/6419#wpcf7-f4134-o1\">\n<fieldset class=\"hidden-fields-container\"><input type=\"hidden\" name=\"_wpcf7\" value=\"4134\" \/><input type=\"hidden\" name=\"_wpcf7_version\" value=\"6.1.5\" \/><input type=\"hidden\" name=\"_wpcf7_locale\" value=\"en_US\" \/><input type=\"hidden\" name=\"_wpcf7_unit_tag\" value=\"wpcf7-f4134-o1\" \/><input type=\"hidden\" name=\"_wpcf7_container_post\" value=\"0\" \/><input type=\"hidden\" name=\"_wpcf7_posted_data_hash\" value=\"\" \/><input type=\"hidden\" name=\"_wpcf7_recaptcha_response\" value=\"\" \/>\n<\/fieldset>\n<div class=\"row\">\n<div class=\"form-group col-md-12\">\n<span class=\"wpcf7-form-control-wrap\" data-name=\"text-165\"><input size=\"40\" maxlength=\"400\" class=\"wpcf7-form-control wpcf7-text wpcf7-validates-as-required form-control\" aria-required=\"true\" aria-invalid=\"false\" placeholder=\"Nom\" value=\"\" type=\"text\" name=\"text-165\" \/><\/span>\n<i class=\"fas fa-user\"><\/i>\n<\/div>\n<div class=\"form-group col-md-6\">\n<span class=\"wpcf7-form-control-wrap\" data-name=\"email-166\"><input size=\"40\" maxlength=\"400\" class=\"wpcf7-form-control wpcf7-email wpcf7-validates-as-required wpcf7-text wpcf7-validates-as-email form-control\" aria-required=\"true\" aria-invalid=\"false\" placeholder=\"Courriel\" value=\"\" type=\"email\" name=\"email-166\" \/><\/span>\n<i class=\"fas fa-envelope\"><\/i>\n<\/div>\n<div class=\"form-group col-md-6\">\n<span class=\"wpcf7-form-control-wrap\" data-name=\"number-167\"><input class=\"wpcf7-form-control wpcf7-number wpcf7-validates-as-required wpcf7-validates-as-number form-control\" aria-required=\"true\" aria-invalid=\"false\" placeholder=\"Num\u00e9ro\" value=\"\" type=\"number\" name=\"number-167\" \/><\/span>\n<i class=\"fas fa-phone\"><\/i>\n<\/div>\n<div class=\"form-group col-12\">\n<span class=\"wpcf7-form-control-wrap\" data-name=\"textarea-168\"><textarea cols=\"40\" rows=\"10\" maxlength=\"2000\" class=\"wpcf7-form-control wpcf7-textarea wpcf7-validates-as-required form-control\" aria-required=\"true\" aria-invalid=\"false\" placeholder=\"D\u00e9crivez bri\u00e8vement votre situation et le sujet que vous souhaitez aborder. Plus ce sera clair, mieux nous pourrons vous guider.\" name=\"textarea-168\"><\/textarea><\/span>\n<i class=\"fas fa-pencil\"><\/i>\n<\/div>\n<div class=\"form-btn col-12 mt-2\">\n<button class=\"th-btn bg-theme w-100\">Envoyer un message <i class=\"fa-regular fa-arrow-right-long\"><\/i><\/button>\n<\/div>\n<\/div>\n<p class=\"form-messages mb-0 mt-3\"><\/p><div class=\"wpcf7-response-output\" aria-hidden=\"true\"><\/div>\n<input type=\"hidden\" name=\"trp-form-language\" value=\"fr\"\/><\/form>\n<\/div>\n<\/div><\/div><\/div><div class=\"col-xl-6 shape-mockup-wrap\"><div class=\"contact-icon-box-wrap\"><div class=\"info-box\"><div class=\"info-contnt\"><\/div><\/div><\/div><\/div><\/div><\/div>\t\t\t\t<\/div>\n\t\t\t\t<\/div>\n\t\t\t\t\t<\/div>\n\t\t\t\t<\/div>\n\t\t\t\t<\/div>","protected":false},"excerpt":{"rendered":"<p>Cidadania Italiana: Nova Lei 2025, Jure Sanguinis e Processo A cidadania italiana por descend\u00eancia (jure sanguinis) passou por uma mudan\u00e7a legislativa hist\u00f3rica em 2025. O Decreto-Lei n\u00ba 36\/2025 (conhecido como Decreto Tajani), convertido na Lei n\u00ba 74\/2025 em 24 de maio de 2025, introduziu um limite geracional que n\u00e3o existia antes: agora, apenas filhos e&#8230;<\/p>","protected":false},"author":1,"featured_media":0,"parent":0,"menu_order":0,"comment_status":"closed","ping_status":"closed","template":"","meta":{"footnotes":""},"class_list":["post-6419","page","type-page","status-publish","hentry"],"_links":{"self":[{"href":"https:\/\/koellnadvogada.com\/fr\/wp-json\/wp\/v2\/pages\/6419","targetHints":{"allow":["GET"]}}],"collection":[{"href":"https:\/\/koellnadvogada.com\/fr\/wp-json\/wp\/v2\/pages"}],"about":[{"href":"https:\/\/koellnadvogada.com\/fr\/wp-json\/wp\/v2\/types\/page"}],"author":[{"embeddable":true,"href":"https:\/\/koellnadvogada.com\/fr\/wp-json\/wp\/v2\/users\/1"}],"replies":[{"embeddable":true,"href":"https:\/\/koellnadvogada.com\/fr\/wp-json\/wp\/v2\/comments?post=6419"}],"version-history":[{"count":22,"href":"https:\/\/koellnadvogada.com\/fr\/wp-json\/wp\/v2\/pages\/6419\/revisions"}],"predecessor-version":[{"id":6971,"href":"https:\/\/koellnadvogada.com\/fr\/wp-json\/wp\/v2\/pages\/6419\/revisions\/6971"}],"wp:attachment":[{"href":"https:\/\/koellnadvogada.com\/fr\/wp-json\/wp\/v2\/media?parent=6419"}],"curies":[{"name":"wp","href":"https:\/\/api.w.org\/{rel}","templated":true}]}}