{"id":6382,"date":"2026-03-25T13:01:07","date_gmt":"2026-03-25T13:01:07","guid":{"rendered":"https:\/\/aquamarine-lemur-517961.hostingersite.com\/?page_id=6382"},"modified":"2026-04-05T15:50:59","modified_gmt":"2026-04-05T15:50:59","slug":"cidadania","status":"publish","type":"page","link":"https:\/\/koellnadvogada.com\/fr\/cidadania\/","title":{"rendered":"Citoyennet\u00e9"},"content":{"rendered":"<div data-elementor-type=\"wp-page\" data-elementor-id=\"6382\" class=\"elementor elementor-6382\" data-elementor-post-type=\"page\">\n\t\t\t\t<div class=\"elementor-element elementor-element-ad026f3 e-flex e-con-boxed e-con e-parent\" data-id=\"ad026f3\" data-element_type=\"container\" data-e-type=\"container\">\n\t\t\t\t\t<div class=\"e-con-inner\">\n\t\t<div class=\"elementor-element elementor-element-d674b4d e-con-full e-flex e-con e-child\" data-id=\"d674b4d\" data-element_type=\"container\" data-e-type=\"container\">\n\t\t\t\t<div class=\"elementor-element elementor-element-c029e34 elementor-widget elementor-widget-image\" data-id=\"c029e34\" data-element_type=\"widget\" data-e-type=\"widget\" data-widget_type=\"image.default\">\n\t\t\t\t\t\t\t\t\t\t\t\t\t\t\t<img decoding=\"async\" src=\"https:\/\/koellnadvogada.com\/wp-content\/uploads\/elementor\/thumbs\/cidadania-rl126uuqzzgrz5kqpfdjtmi6nilsj2beqfafhj8k3w.jpeg\" title=\"citoyennet\u00e9\" alt=\"cidadania\" loading=\"lazy\" \/>\t\t\t\t\t\t\t\t\t\t\t\t\t\t\t<\/div>\n\t\t\t\t<div class=\"elementor-element elementor-element-63e9130 elementor-widget elementor-widget-heading\" data-id=\"63e9130\" data-element_type=\"widget\" data-e-type=\"widget\" data-widget_type=\"heading.default\">\n\t\t\t\t\t<h2 class=\"elementor-heading-title elementor-size-default\">Citoyennet\u00e9 europ\u00e9enne : Conseil juridique sp\u00e9cialis\u00e9<\/h2>\t\t\t\t<\/div>\n\t\t\r\n\t\t<div class=\"elementor-element elementor-element-cd54a84 elementor-widget elementor-widget-text-editor\" data-id=\"cd54a84\" data-element_type=\"widget\" data-e-type=\"widget\" data-widget_type=\"text-editor.default\">\n\t\t\t\t\t\t\t\t\t<p>Obtenir une citoyennet\u00e9 europ\u00e9enne ouvre des portes \u00e0 la libre circulation, au travail et \u00e0 la r\u00e9sidence dans n'importe quel pays de l'Union europ\u00e9enne. Que ce soit par naturalisation, descendance ou droit historique, le processus exige une connaissance juridique sp\u00e9cifique et une documentation pr\u00e9cise.<\/p><p>Le bureau <strong>Sandra Koelln Advocacia &amp; Associados<\/strong>, dont le si\u00e8ge social est \u00e0 Munich, offre des conseils complets pour les proc\u00e9dures de citoyennet\u00e9 dans quatre pays europ\u00e9ens : <strong>Allemagne, Portugal, Italie et Espagne<\/strong>. Nous servons des clients de diverses nationalit\u00e9s, avec un accent particulier sur la communaut\u00e9 lusophone et latino-am\u00e9ricaine r\u00e9sidant en Europe.<\/p><p>La Dre Sandra Koelln est une avocate trilingue (portugais, allemand et anglais), inscrite au <strong>OAB Br\u00e9sil, RAK Munich et Ordre des avocats du Portugal<\/strong> \u2014 une qualification unique qui permet d'intervenir directement dans les syst\u00e8mes juridiques de diff\u00e9rents pays, sans interm\u00e9diaires.<br \/>Nos Services de Citoyennet\u00e9<\/p><h3>Citoyennet\u00e9 allemande<\/h3><p>Naturalisation pour les r\u00e9sidents en Allemagne, reconnaissance de la citoyennet\u00e9 par descendance (Abstammung), et proc\u00e9dures en vertu de la nouvelle loi sur la nationalit\u00e9 de 2024 \u2014 y compris la permission de la double citoyennet\u00e9 et le d\u00e9lai de r\u00e9sidence r\u00e9duit de 5 ans.<\/p><p><a href=\"https:\/\/koellnadvogada.com\/fr\/cidadania-alema\/\"><em>En savoir plus : \/citoyennet\u00e9\/citoyennet\u00e9-allemande\/<\/em><\/a><\/p><h3>Citoyennet\u00e9 portugaise<\/h3><p>Processus de nationalit\u00e9 portugaise par ascendance, mariage, naturalisation ou dans le cadre du r\u00e9gime sp\u00e9cial pour les communaut\u00e9s s\u00e9farades. L'inscription de Dr. Sandra \u00e0 l'Ordre des Avocats du Portugal permet une intervention directe aupr\u00e8s des autorit\u00e9s portugaises.<\/p><p><em><a href=\"https:\/\/koellnadvogada.com\/fr\/cidadania-portuguesa\/\">\u2192 En savoir plus : \/cidadania\/cidadania-portuguesa\/<\/a><br \/><\/em><\/p><h3>Citoyennet\u00e9 italienne<\/h3><p>Reconnaissance de citoyennet\u00e9 italienne par filiation (jure sanguinis), sans limite g\u00e9n\u00e9rationnelle. Conseil pour la constitution du dossier documentaire, traductions et demande aupr\u00e8s des consulats italiens ou directement dans les communes en Italie.<\/p><p><a href=\"https:\/\/koellnadvogada.com\/fr\/cidadania-italiana\/\"><em>\u2192 En savoir plus : \/citoyennet\u00e9\/citoyennet\u00e9-italienne\/<\/em><\/a><\/p><h3>Citoyennet\u00e9 espagnole<\/h3><p>Proc\u00e9dure en vertu de la loi sur la m\u00e9moire d\u00e9mocratique, citoyennet\u00e9 par descendance et naturalisation pour les r\u00e9sidents en Espagne ou les \u00e9trangers ayant des liens historiques avec le pays.<\/p><p><a href=\"https:\/\/koellnadvogada.com\/fr\/cidadania-espanhola\/\"><em>En savoir plus\u00a0: \/citoyennet\u00e9\/citoyennet\u00e9-espagnole\/<\/em><\/a><\/p><h2>Pourquoi faire appel \u00e0 une assistance juridique sp\u00e9cialis\u00e9e ?<\/h2><p>Les processus de citoyennet\u00e9 impliquent des l\u00e9gislations qui changent fr\u00e9quemment, des documents qui doivent \u00eatre traduits et apostill\u00e9s, et des autorit\u00e9s dans diff\u00e9rents pays ayant des proc\u00e9dures distinctes. Une erreur dans la documentation peut signifier des mois de retard, voire le rejet de la demande.<\/p><p>Avec une assistance juridique sp\u00e9cialis\u00e9e, vous avez l'assurance que chaque \u00e9tape du processus sera men\u00e9e correctement \u2014 de l'analyse initiale d'\u00e9ligibilit\u00e9 \u00e0 l'obtention du passeport europ\u00e9en.<\/p><h2>Qui nous servons<\/h2><p>Notre bureau s'occupe de clients de toutes nationalit\u00e9s ayant besoin de conseils juridiques pour les proc\u00e9dures de citoyennet\u00e9 europ\u00e9enne. Bien que la majorit\u00e9 de nos clients provienne de la communaut\u00e9 br\u00e9silienne et lusophone en Allemagne, nous travaillons r\u00e9guli\u00e8rement avec des personnes originaires de pays tels que le Mozambique, l'Angola, la Colombie, l'Argentine et d'autres, offrant un service en portugais, allemand et anglais.<\/p><p><em>\u00a0<\/em><\/p>\t\t\t\t\t\t\t\t<\/div>\n\t\t\t\t<\/div>\n\t\t<div class=\"elementor-element elementor-element-a911c07 e-con-full e-flex e-con e-child\" data-id=\"a911c07\" data-element_type=\"container\" data-e-type=\"container\">\n\t\t\t\t<div class=\"elementor-element elementor-element-4b9de92 elementor-widget elementor-widget-ensafcontactinfo\" data-id=\"4b9de92\" data-element_type=\"widget\" data-e-type=\"widget\" data-widget_type=\"ensafcontactinfo.default\">\n\t\t\t\t<div class=\"elementor-widget-container\">\n\t\t\t\t\t<div class=\"widget widget_call\"><div class=\"widget-call\"><h4 class=\"box-title\">Besoin d'aide ?<\/h4><p class=\"box_text\">Suporte jur\u00eddico\nespecializado para\norientar voc\u00ea com seguran\u00e7a.<\/p><div class=\"widget_call\"><div class=\"info-box\"><div class=\"info-box_icon\"><i class=\"fa-brands fa-whatsapp\"><\/i><\/div><div><span class=\"info-box_subtitle\">Contate-nos:<\/span><p class=\"info-box_text\"><!-- WhatsApp -->\n<a href=\"https:\/\/wa.me\/4915566359635?text=Ol\u00e1,%20preciso%20de%20assessoria%20jur\u00eddica...\" target=\"_blank\">\n  WhatsApp\n<\/a>\n<\/p><\/div><\/div><div class=\"info-box\"><div class=\"info-box_icon\"><i class=\"fas fa-envelope\"><\/i><\/div><div><span class=\"info-box_subtitle\">Courrier \u00e9lectronique<\/span><p class=\"info-box_text\"><a href=\"mailto:info@koellnadvogada.com\" class=\"info-box_link\">info@koellnadvogada.com<\/a>\n<\/p><\/div><\/div><\/div><\/div><\/div>\t\t\t\t<\/div>\n\t\t\t\t<\/div>\n\t\t\t\t<div class=\"elementor-element elementor-element-64570e6 elementor-hidden-mobile elementor-widget elementor-widget-ensafservicelist\" data-id=\"64570e6\" data-element_type=\"widget\" data-e-type=\"widget\" data-widget_type=\"ensafservicelist.default\">\n\t\t\t\t<div class=\"elementor-widget-container\">\n\t\t\t\t\t<div class=\"widget widget_categories\"><h3 class=\"widget_title\">Autres Services<\/h3><ul><li><a href=\"https:\/\/koellnadvogada.com\/fr\/direito-de-familia-internacional\/\">Droit de la famille international<\/a><span><i class=\"fa-sharp fa-light fa-arrow-right\"><\/i><\/span><\/li><li><a href=\"https:\/\/koellnadvogada.com\/fr\/direito-migratorio-e-imigracao\/\">Droit des migrations et immigration<\/a><span><i class=\"fa-sharp fa-light fa-arrow-right\"><\/i><\/span><\/li><li><a href=\"https:\/\/koellnadvogada.com\/fr\/direito-civil\/\">Droit civil<\/a><span><i class=\"fa-sharp fa-light fa-arrow-right\"><\/i><\/span><\/li><li><a href=\"https:\/\/koellnadvogada.com\/fr\/direito-sucessorio-e-herancas\/\">Droit successoral et successions<\/a><span><i class=\"fa-sharp fa-light fa-arrow-right\"><\/i><\/span><\/li><li><a href=\"https:\/\/koellnadvogada.com\/fr\/reconhecimento-de-decisoes-estrangeiras\/\">Reconnaissance des d\u00e9cisions \u00e9trang\u00e8res<\/a><span><i class=\"fa-sharp fa-light fa-arrow-right\"><\/i><\/span><\/li><li><a href=\"https:\/\/koellnadvogada.com\/fr\/direito-penal\/\">Droit P\u00e9nal<\/a><span><i class=\"fa-sharp fa-light fa-arrow-right\"><\/i><\/span><\/li><\/ul><\/div>\t\t\t\t<\/div>\n\t\t\t\t<\/div>\n\t\t\t\t<\/div>\n\t\t\t\t\t<\/div>\n\t\t\t\t<\/div>\n\t\t\t\t<\/div>","protected":false},"excerpt":{"rendered":"<p>Cidadania Europeia: Assessoria Jur\u00eddica Especializada Obter uma cidadania europeia abre portas para a livre circula\u00e7\u00e3o, trabalho e resid\u00eancia em qualquer pa\u00eds da Uni\u00e3o Europeia. Seja por naturaliza\u00e7\u00e3o, descend\u00eancia ou direito hist\u00f3rico, o processo exige conhecimento jur\u00eddico espec\u00edfico e documenta\u00e7\u00e3o precisa. O escrit\u00f3rio Sandra Koelln Advocacia &amp; Associados, com sede em Munique, oferece assessoria completa para&#8230;<\/p>","protected":false},"author":1,"featured_media":0,"parent":0,"menu_order":0,"comment_status":"closed","ping_status":"closed","template":"","meta":{"footnotes":""},"class_list":["post-6382","page","type-page","status-publish","hentry"],"_links":{"self":[{"href":"https:\/\/koellnadvogada.com\/fr\/wp-json\/wp\/v2\/pages\/6382","targetHints":{"allow":["GET"]}}],"collection":[{"href":"https:\/\/koellnadvogada.com\/fr\/wp-json\/wp\/v2\/pages"}],"about":[{"href":"https:\/\/koellnadvogada.com\/fr\/wp-json\/wp\/v2\/types\/page"}],"author":[{"embeddable":true,"href":"https:\/\/koellnadvogada.com\/fr\/wp-json\/wp\/v2\/users\/1"}],"replies":[{"embeddable":true,"href":"https:\/\/koellnadvogada.com\/fr\/wp-json\/wp\/v2\/comments?post=6382"}],"version-history":[{"count":33,"href":"https:\/\/koellnadvogada.com\/fr\/wp-json\/wp\/v2\/pages\/6382\/revisions"}],"predecessor-version":[{"id":6962,"href":"https:\/\/koellnadvogada.com\/fr\/wp-json\/wp\/v2\/pages\/6382\/revisions\/6962"}],"wp:attachment":[{"href":"https:\/\/koellnadvogada.com\/fr\/wp-json\/wp\/v2\/media?parent=6382"}],"curies":[{"name":"wp","href":"https:\/\/api.w.org\/{rel}","templated":true}]}}