{"id":5352,"date":"2026-02-10T19:55:14","date_gmt":"2026-02-10T19:55:14","guid":{"rendered":"https:\/\/koellnadvogada.com\/?page_id=5352"},"modified":"2026-04-05T23:03:17","modified_gmt":"2026-04-05T23:03:17","slug":"direito-migratorio-e-imigracao","status":"publish","type":"page","link":"https:\/\/koellnadvogada.com\/fr\/direito-migratorio-e-imigracao\/","title":{"rendered":"Droit des migrations et immigration"},"content":{"rendered":"<div data-elementor-type=\"wp-page\" data-elementor-id=\"5352\" class=\"elementor elementor-5352\" data-elementor-post-type=\"page\">\n\t\t\t\t<div class=\"elementor-element elementor-element-316a714 e-flex e-con-boxed e-con e-parent\" data-id=\"316a714\" data-element_type=\"container\" data-e-type=\"container\">\n\t\t\t\t\t<div class=\"e-con-inner\">\n\t\t<div class=\"elementor-element elementor-element-e499bec e-con-full e-flex e-con e-child\" data-id=\"e499bec\" data-element_type=\"container\" data-e-type=\"container\">\n\t\t\t\t<div class=\"elementor-element elementor-element-dc7ebdd elementor-widget elementor-widget-image\" data-id=\"dc7ebdd\" data-element_type=\"widget\" data-e-type=\"widget\" data-widget_type=\"image.default\">\n\t\t\t\t\t\t\t\t\t\t\t\t\t\t\t<img decoding=\"async\" src=\"https:\/\/koellnadvogada.com\/wp-content\/uploads\/elementor\/thumbs\/koelln-law-office-desk-rlkxu2n9ptecpjqzad8yt2vxc5w2j1gdph8ibewwik.jpeg\" title=\"koelln-law-office-desk\" alt=\"koelln-law-office-desk\" loading=\"lazy\" \/>\t\t\t\t\t\t\t\t\t\t\t\t\t\t\t<\/div>\n\t\t\t\t<div class=\"elementor-element elementor-element-ecb4681 elementor-widget elementor-widget-heading\" data-id=\"ecb4681\" data-element_type=\"widget\" data-e-type=\"widget\" data-widget_type=\"heading.default\">\n\t\t\t\t\t<h2 class=\"elementor-heading-title elementor-size-default\">Droit des migrations et immigration<\/h2>\t\t\t\t<\/div>\n\t\t\r\n\t\t<div class=\"elementor-element elementor-element-fbb8d5f elementor-widget elementor-widget-text-editor\" data-id=\"fbb8d5f\" data-element_type=\"widget\" data-e-type=\"widget\" data-widget_type=\"text-editor.default\">\n\t\t\t\t\t\t\t\t\t<p class=\"p1\">Consultation juridique sp\u00e9cialis\u00e9e en droit de la migration, intervenant dans les proc\u00e9dures de visa, autorisation de r\u00e9sidence, regroupement familial, s\u00e9jour l\u00e9gal et r\u00e9gularisation migratoire en Allemagne. Orientation personnalis\u00e9e selon le profil du demandeur, le but du s\u00e9jour et les exigences l\u00e9gales applicables \u00e0 chaque situation.<\/p><p class=\"p1\">Analyse technique de la documentation, pr\u00e9paration strat\u00e9gique du processus et suivi aupr\u00e8s des autorit\u00e9s comp\u00e9tentes, en accordant une attention particuli\u00e8re aux sp\u00e9cificit\u00e9s de chaque dossier et aux d\u00e9lais administratifs. Actions pr\u00e9ventives pour \u00e9viter les refus, les incoh\u00e9rences documentaires et les risques li\u00e9s au s\u00e9jour l\u00e9gal dans le pays.<\/p><p class=\"p1\">Soutien juridique dans les situations impliquant des changements de statut migratoire, le renouvellement de permis, la naturalisation et les r\u00e9percussions \u00e9ventuelles d\u00e9coulant de questions administratives ou juridiques, garantissant une approche structur\u00e9e et la s\u00e9curit\u00e9 juridique tout au long de la proc\u00e9dure.<\/p>\t\t\t\t\t\t\t\t<\/div>\n\t\t\t\t<\/div>\n\t\t<div class=\"elementor-element elementor-element-26c65be e-con-full e-flex e-con e-child\" data-id=\"26c65be\" data-element_type=\"container\" data-e-type=\"container\">\n\t\t\t\t<div class=\"elementor-element elementor-element-fe162f6 elementor-widget elementor-widget-ensafcontactinfo\" data-id=\"fe162f6\" data-element_type=\"widget\" data-e-type=\"widget\" data-widget_type=\"ensafcontactinfo.default\">\n\t\t\t\t<div class=\"elementor-widget-container\">\n\t\t\t\t\t<div class=\"widget widget_call\"><div class=\"widget-call\"><h4 class=\"box-title\">Besoin d'aide ?<\/h4><p class=\"box_text\">Suporte jur\u00eddico\nespecializado para\norientar voc\u00ea com seguran\u00e7a.<\/p><div class=\"widget_call\"><div class=\"info-box\"><div class=\"info-box_icon\"><i class=\"fa-brands fa-whatsapp\"><\/i><\/div><div><span class=\"info-box_subtitle\">Contate-nos:<\/span><p class=\"info-box_text\"><!-- WhatsApp -->\n<a href=\"https:\/\/wa.me\/4915566359635?text=Ol\u00e1,%20preciso%20de%20assessoria%20jur\u00eddica...\" target=\"_blank\">\n  WhatsApp\n<\/a>\n<\/p><\/div><\/div><div class=\"info-box\"><div class=\"info-box_icon\"><i class=\"fas fa-envelope\"><\/i><\/div><div><span class=\"info-box_subtitle\">Courrier \u00e9lectronique<\/span><p class=\"info-box_text\"><a href=\"mailto:info@koellnadvogada.com\" class=\"info-box_link\">info@koellnadvogada.com<\/a>\n<\/p><\/div><\/div><\/div><\/div><\/div>\t\t\t\t<\/div>\n\t\t\t\t<\/div>\n\t\t\t\t<div class=\"elementor-element elementor-element-f2d1225 elementor-hidden-mobile elementor-widget elementor-widget-ensafservicelist\" data-id=\"f2d1225\" data-element_type=\"widget\" data-e-type=\"widget\" data-widget_type=\"ensafservicelist.default\">\n\t\t\t\t<div class=\"elementor-widget-container\">\n\t\t\t\t\t<div class=\"widget widget_categories\"><h3 class=\"widget_title\">Domaines d'intervention<\/h3><ul><li><a href=\"https:\/\/koellnadvogada.com\/fr\/cidadania\/\">Citoyennet\u00e9<\/a><span><i class=\"fa-sharp fa-light fa-arrow-right\"><\/i><\/span><\/li><li><a href=\"https:\/\/koellnadvogada.com\/fr\/direito-de-familia-internacional\/\">Droit de la famille international<\/a><span><i class=\"fa-sharp fa-light fa-arrow-right\"><\/i><\/span><\/li><li><a href=\"https:\/\/koellnadvogada.com\/fr\/direito-civil\/\">Droit civil<\/a><span><i class=\"fa-sharp fa-light fa-arrow-right\"><\/i><\/span><\/li><li><a href=\"https:\/\/koellnadvogada.com\/fr\/direito-sucessorio-e-herancas\/\">Droit successoral et successions<\/a><span><i class=\"fa-sharp fa-light fa-arrow-right\"><\/i><\/span><\/li><li><a href=\"https:\/\/koellnadvogada.com\/fr\/reconhecimento-de-decisoes-estrangeiras\/\">Reconnaissance des d\u00e9cisions \u00e9trang\u00e8res<\/a><span><i class=\"fa-sharp fa-light fa-arrow-right\"><\/i><\/span><\/li><li><a href=\"https:\/\/koellnadvogada.com\/fr\/direito-penal\/\">Droit P\u00e9nal<\/a><span><i class=\"fa-sharp fa-light fa-arrow-right\"><\/i><\/span><\/li><\/ul><\/div>\t\t\t\t<\/div>\n\t\t\t\t<\/div>\n\t\t\t\t<\/div>\n\t\t\t\t\t<\/div>\n\t\t\t\t<\/div>\n\t\t\t\t<\/div>","protected":false},"excerpt":{"rendered":"<p>Direito Migrat\u00f3rio e Imigra\u00e7\u00e3o Assessoria jur\u00eddica especializada em Direito Migrat\u00f3rio, com atua\u00e7\u00e3o em processos de visto, autoriza\u00e7\u00e3o de resid\u00eancia, reagrupamento familiar, perman\u00eancia legal e regulariza\u00e7\u00e3o migrat\u00f3ria na Alemanha. Orienta\u00e7\u00e3o individualizada conforme o perfil do requerente, finalidade da resid\u00eancia e exig\u00eancias legais aplic\u00e1veis a cada situa\u00e7\u00e3o. An\u00e1lise t\u00e9cnica da documenta\u00e7\u00e3o, prepara\u00e7\u00e3o estrat\u00e9gica do processo e acompanhamento&#8230;<\/p>","protected":false},"author":1,"featured_media":0,"parent":0,"menu_order":0,"comment_status":"closed","ping_status":"closed","template":"","meta":{"footnotes":""},"class_list":["post-5352","page","type-page","status-publish","hentry"],"_links":{"self":[{"href":"https:\/\/koellnadvogada.com\/fr\/wp-json\/wp\/v2\/pages\/5352","targetHints":{"allow":["GET"]}}],"collection":[{"href":"https:\/\/koellnadvogada.com\/fr\/wp-json\/wp\/v2\/pages"}],"about":[{"href":"https:\/\/koellnadvogada.com\/fr\/wp-json\/wp\/v2\/types\/page"}],"author":[{"embeddable":true,"href":"https:\/\/koellnadvogada.com\/fr\/wp-json\/wp\/v2\/users\/1"}],"replies":[{"embeddable":true,"href":"https:\/\/koellnadvogada.com\/fr\/wp-json\/wp\/v2\/comments?post=5352"}],"version-history":[{"count":19,"href":"https:\/\/koellnadvogada.com\/fr\/wp-json\/wp\/v2\/pages\/5352\/revisions"}],"predecessor-version":[{"id":7147,"href":"https:\/\/koellnadvogada.com\/fr\/wp-json\/wp\/v2\/pages\/5352\/revisions\/7147"}],"wp:attachment":[{"href":"https:\/\/koellnadvogada.com\/fr\/wp-json\/wp\/v2\/media?parent=5352"}],"curies":[{"name":"wp","href":"https:\/\/api.w.org\/{rel}","templated":true}]}}