{"id":5350,"date":"2026-02-10T19:54:49","date_gmt":"2026-02-10T19:54:49","guid":{"rendered":"https:\/\/koellnadvogada.com\/?page_id=5350"},"modified":"2026-04-05T23:10:45","modified_gmt":"2026-04-05T23:10:45","slug":"direito-sucessorio-e-herancas","status":"publish","type":"page","link":"https:\/\/koellnadvogada.com\/fr\/direito-sucessorio-e-herancas\/","title":{"rendered":"Droit successoral et successions"},"content":{"rendered":"<div data-elementor-type=\"wp-page\" data-elementor-id=\"5350\" class=\"elementor elementor-5350\" data-elementor-post-type=\"page\">\n\t\t\t\t<div class=\"elementor-element elementor-element-062f6cd e-flex e-con-boxed e-con e-parent\" data-id=\"062f6cd\" data-element_type=\"container\" data-e-type=\"container\">\n\t\t\t\t\t<div class=\"e-con-inner\">\n\t\t<div class=\"elementor-element elementor-element-77934a5 e-con-full e-flex e-con e-child\" data-id=\"77934a5\" data-element_type=\"container\" data-e-type=\"container\">\n\t\t\t\t<div class=\"elementor-element elementor-element-9e3b75b elementor-widget elementor-widget-image\" data-id=\"9e3b75b\" data-element_type=\"widget\" data-e-type=\"widget\" data-widget_type=\"image.default\">\n\t\t\t\t\t\t\t\t\t\t\t\t\t\t\t<img decoding=\"async\" src=\"https:\/\/koellnadvogada.com\/wp-content\/uploads\/elementor\/thumbs\/transferencia-patrimonio-sandra-koelln2-ribum846ho03yla6gvkkmeow6ctgyy28se67b5wn9o.png\" title=\"transfert-patrimoine-sandra-koelln\" alt=\"transferencia-patrimonio-sandra-koelln2\" loading=\"lazy\" \/>\t\t\t\t\t\t\t\t\t\t\t\t\t\t\t<\/div>\n\t\t\t\t<div class=\"elementor-element elementor-element-ee88328 elementor-widget elementor-widget-heading\" data-id=\"ee88328\" data-element_type=\"widget\" data-e-type=\"widget\" data-widget_type=\"heading.default\">\n\t\t\t\t\t<h2 class=\"elementor-heading-title elementor-size-default\">Droit successoral et successions<\/h2>\t\t\t\t<\/div>\n\t\t\r\n\t\t<div class=\"elementor-element elementor-element-ef5e937 elementor-widget elementor-widget-text-editor\" data-id=\"ef5e937\" data-element_type=\"widget\" data-e-type=\"widget\" data-widget_type=\"text-editor.default\">\n\t\t\t\t\t\t\t\t\t<p class=\"p1\">Conseil juridique sp\u00e9cialis\u00e9 en mati\u00e8res successorales, intervenant dans les successions internationales, le partage des biens et l'organisation patrimoniale impliquant diff\u00e9rentes juridictions. Analyse strat\u00e9gique de la l\u00e9gislation applicable, tenant compte des conflits de lois, du domicile des parties, de la localisation des biens et des impacts transnationaux.<\/p><p class=\"p1\">Conseil dans la structuration de la planification successorale, ax\u00e9 sur la protection du patrimoine, la s\u00e9curit\u00e9 juridique de la transmission des biens et la pr\u00e9vention des litiges futurs. Intervention dans les successions, la reconnaissance et l'ex\u00e9cution de d\u00e9cisions \u00e9trang\u00e8res, ainsi que dans la r\u00e9gularisation d'actifs situ\u00e9s dans plus d'un pays.<\/p><p class=\"p1\">Accompagnement technique \u00e0 toutes les \u00e9tapes du processus successoral, avec une approche attentive et structur\u00e9e, ax\u00e9e sur la pr\u00e9servation du patrimoine familial et l'harmonisation des r\u00e8gles applicables dans des contextes internationaux.<\/p>\t\t\t\t\t\t\t\t<\/div>\n\t\t\t\t<\/div>\n\t\t<div class=\"elementor-element elementor-element-0685580 e-con-full e-flex e-con e-child\" data-id=\"0685580\" data-element_type=\"container\" data-e-type=\"container\">\n\t\t\t\t<div class=\"elementor-element elementor-element-79dfe8a elementor-widget elementor-widget-ensafcontactinfo\" data-id=\"79dfe8a\" data-element_type=\"widget\" data-e-type=\"widget\" data-widget_type=\"ensafcontactinfo.default\">\n\t\t\t\t<div class=\"elementor-widget-container\">\n\t\t\t\t\t<div class=\"widget widget_call\"><div class=\"widget-call\"><h4 class=\"box-title\">Besoin d'aide ?<\/h4><p class=\"box_text\">Suporte jur\u00eddico\nespecializado para\norientar voc\u00ea com seguran\u00e7a.<\/p><div class=\"widget_call\"><div class=\"info-box\"><div class=\"info-box_icon\"><i class=\"fa-brands fa-whatsapp\"><\/i><\/div><div><span class=\"info-box_subtitle\">Contate-nos:<\/span><p class=\"info-box_text\"><!-- WhatsApp -->\n<a href=\"https:\/\/wa.me\/4915566359635?text=Ol\u00e1,%20preciso%20de%20assessoria%20jur\u00eddica...\" target=\"_blank\">\n  WhatsApp\n<\/a>\n<\/p><\/div><\/div><div class=\"info-box\"><div class=\"info-box_icon\"><i class=\"fas fa-envelope\"><\/i><\/div><div><span class=\"info-box_subtitle\">Courrier \u00e9lectronique<\/span><p class=\"info-box_text\"><a href=\"mailto:info@koellnadvogada.com\" class=\"info-box_link\">info@koellnadvogada.com<\/a>\n<\/p><\/div><\/div><\/div><\/div><\/div>\t\t\t\t<\/div>\n\t\t\t\t<\/div>\n\t\t\t\t<div class=\"elementor-element elementor-element-90f3370 elementor-hidden-mobile elementor-widget elementor-widget-ensafservicelist\" data-id=\"90f3370\" data-element_type=\"widget\" data-e-type=\"widget\" data-widget_type=\"ensafservicelist.default\">\n\t\t\t\t<div class=\"elementor-widget-container\">\n\t\t\t\t\t<div class=\"widget widget_categories\"><h3 class=\"widget_title\">Domaines d'intervention<\/h3><ul><li><a href=\"https:\/\/koellnadvogada.com\/fr\/cidadania\/\">Citoyennet\u00e9<\/a><span><i class=\"fa-sharp fa-light fa-arrow-right\"><\/i><\/span><\/li><li><a href=\"https:\/\/koellnadvogada.com\/fr\/direito-de-familia-internacional\/\">Droit de la famille international<\/a><span><i class=\"fa-sharp fa-light fa-arrow-right\"><\/i><\/span><\/li><li><a href=\"https:\/\/koellnadvogada.com\/fr\/direito-migratorio-e-imigracao\/\">Droit des migrations et immigration<\/a><span><i class=\"fa-sharp fa-light fa-arrow-right\"><\/i><\/span><\/li><li><a href=\"https:\/\/koellnadvogada.com\/fr\/direito-civil\/\">Droit civil<\/a><span><i class=\"fa-sharp fa-light fa-arrow-right\"><\/i><\/span><\/li><li><a href=\"https:\/\/koellnadvogada.com\/fr\/reconhecimento-de-decisoes-estrangeiras\/\">Reconnaissance des d\u00e9cisions \u00e9trang\u00e8res<\/a><span><i class=\"fa-sharp fa-light fa-arrow-right\"><\/i><\/span><\/li><li><a href=\"https:\/\/koellnadvogada.com\/fr\/direito-penal\/\">Droit P\u00e9nal<\/a><span><i class=\"fa-sharp fa-light fa-arrow-right\"><\/i><\/span><\/li><\/ul><\/div>\t\t\t\t<\/div>\n\t\t\t\t<\/div>\n\t\t\t\t<\/div>\n\t\t\t\t\t<\/div>\n\t\t\t\t<\/div>\n\t\t\t\t<\/div>","protected":false},"excerpt":{"rendered":"<p>Direito Sucess\u00f3rio e Heran\u00e7as Assessoria jur\u00eddica especializada em mat\u00e9rias sucess\u00f3rias, com atua\u00e7\u00e3o em heran\u00e7as internacionais, partilha de bens e organiza\u00e7\u00e3o patrimonial envolvendo diferentes jurisdi\u00e7\u00f5es. An\u00e1lise estrat\u00e9gica da legisla\u00e7\u00e3o aplic\u00e1vel, considerando conflitos de leis, domic\u00edlio das partes, localiza\u00e7\u00e3o dos bens e impactos transnacionais. Orienta\u00e7\u00e3o na estrutura\u00e7\u00e3o de planejamento sucess\u00f3rio, com foco na prote\u00e7\u00e3o do patrim\u00f4nio, na&#8230;<\/p>","protected":false},"author":1,"featured_media":0,"parent":0,"menu_order":0,"comment_status":"closed","ping_status":"closed","template":"","meta":{"footnotes":""},"class_list":["post-5350","page","type-page","status-publish","hentry"],"_links":{"self":[{"href":"https:\/\/koellnadvogada.com\/fr\/wp-json\/wp\/v2\/pages\/5350","targetHints":{"allow":["GET"]}}],"collection":[{"href":"https:\/\/koellnadvogada.com\/fr\/wp-json\/wp\/v2\/pages"}],"about":[{"href":"https:\/\/koellnadvogada.com\/fr\/wp-json\/wp\/v2\/types\/page"}],"author":[{"embeddable":true,"href":"https:\/\/koellnadvogada.com\/fr\/wp-json\/wp\/v2\/users\/1"}],"replies":[{"embeddable":true,"href":"https:\/\/koellnadvogada.com\/fr\/wp-json\/wp\/v2\/comments?post=5350"}],"version-history":[{"count":13,"href":"https:\/\/koellnadvogada.com\/fr\/wp-json\/wp\/v2\/pages\/5350\/revisions"}],"predecessor-version":[{"id":7156,"href":"https:\/\/koellnadvogada.com\/fr\/wp-json\/wp\/v2\/pages\/5350\/revisions\/7156"}],"wp:attachment":[{"href":"https:\/\/koellnadvogada.com\/fr\/wp-json\/wp\/v2\/media?parent=5350"}],"curies":[{"name":"wp","href":"https:\/\/api.w.org\/{rel}","templated":true}]}}