{"id":6433,"date":"2026-03-25T16:30:36","date_gmt":"2026-03-25T16:30:36","guid":{"rendered":"https:\/\/aquamarine-lemur-517961.hostingersite.com\/?page_id=6433"},"modified":"2026-04-05T15:51:31","modified_gmt":"2026-04-05T15:51:31","slug":"cidadania-espanhola","status":"publish","type":"page","link":"https:\/\/koellnadvogada.com\/es\/cidadania-espanhola\/","title":{"rendered":"Ciudadan\u00eda espa\u00f1ola"},"content":{"rendered":"<div data-elementor-type=\"wp-page\" data-elementor-id=\"6433\" class=\"elementor elementor-6433\" data-elementor-post-type=\"page\">\n\t\t\t\t<div class=\"elementor-element elementor-element-5850384 e-flex e-con-boxed e-con e-parent\" data-id=\"5850384\" data-element_type=\"container\" data-e-type=\"container\">\n\t\t\t\t\t<div class=\"e-con-inner\">\n\t\t<div class=\"elementor-element elementor-element-d279cea e-con-full e-flex e-con e-child\" data-id=\"d279cea\" data-element_type=\"container\" data-e-type=\"container\">\n\t\t\t\t<div class=\"elementor-element elementor-element-3bb57e7 elementor-widget elementor-widget-image\" data-id=\"3bb57e7\" data-element_type=\"widget\" data-e-type=\"widget\" data-widget_type=\"image.default\">\n\t\t\t\t\t\t\t\t\t\t\t\t\t\t\t<img decoding=\"async\" src=\"https:\/\/koellnadvogada.com\/wp-content\/uploads\/elementor\/thumbs\/Spanish_citizenship_law_202603251437-rl141dvipujdpkxu86myau4o9ap1bufh7pjmaklfpo.jpeg\" title=\"Ley_de_ciudadan\u00eda_espa\u00f1ola_202603251437\" alt=\"Spanish_citizenship_law_202603251437\" loading=\"lazy\" \/>\t\t\t\t\t\t\t\t\t\t\t\t\t\t\t<\/div>\n\t\t\t\t<div class=\"elementor-element elementor-element-206ceba elementor-widget elementor-widget-heading\" data-id=\"206ceba\" data-element_type=\"widget\" data-e-type=\"widget\" data-widget_type=\"heading.default\">\n\t\t\t\t\t<h2 class=\"elementor-heading-title elementor-size-default\">Ciudadan\u00eda Espa\u00f1ola: Ley de Memoria Democr\u00e1tica y Descendencia<\/h2>\t\t\t\t<\/div>\n\t\t\r\n\t\t<div class=\"elementor-element elementor-element-56ab171 elementor-widget elementor-widget-text-editor\" data-id=\"56ab171\" data-element_type=\"widget\" data-e-type=\"widget\" data-widget_type=\"text-editor.default\">\n\t\t\t\t\t\t\t\t\t<p>Espa\u00f1a ofrece diversas v\u00edas de acceso a la ciudadan\u00eda para descendientes de espa\u00f1oles y para extranjeros con lazos hist\u00f3ricos con el pa\u00eds. La Ley de Memoria Democr\u00e1tica (Ley 20\/2022), en vigor desde octubre de 2022, ampli\u00f3 significativamente el acceso a la nacionalidad espa\u00f1ola para descendientes de exiliados y emigrantes.<\/p><p>La oficina Sandra Koelln ofrece asesoramiento jur\u00eddico y acompa\u00f1amiento en procesos de ciudadan\u00eda espa\u00f1ola, con atenci\u00f3n en portugu\u00e9s, alem\u00e1n e ingl\u00e9s.<\/p><p>\u00a0<\/p><h2>Ley de Memoria Democr\u00e1tica (Ley 20\/2022)<\/h2><p>A <strong>Ley de Memoria Democr\u00e1tica<\/strong> concede el derecho a la ciudadan\u00eda espa\u00f1ola a los descendientes de espa\u00f1oles que emigraron o fueron exiliados durante la Guerra Civil y la dictadura franquista. Las principales categor\u00edas beneficiadas son:<\/p><ul><li><strong>Hijos y nietos <\/strong>de espa\u00f1oles de origen, nacidos en el extranjero<\/li><li><strong>Hijos de madres <\/strong>que perdieron la ciudadan\u00eda espa\u00f1ola al casarse con extranjeros (legislaci\u00f3n discriminatoria anterior)<\/li><li><strong>Hijos y nietos de exiliados <\/strong>que perdieron o tuvieron que renunciar a la ciudadan\u00eda espanola por motivos politicos<\/li><\/ul><p><strong>Atenci\u00f3n: <\/strong>El plazo para solicitar la ciudadan\u00eda bajo esta ley es limitado. Se recomienda iniciar el proceso lo antes posible para no perder el derecho.<\/p><p>\u00a0<\/p><h2>Otras V\u00edas para la Ciudadan\u00eda Espa\u00f1ola<\/h2><h3>Por Descendencia (Opci\u00f3n)<\/h3><p>Los nacidos en el extranjero cuyo padre o madre era espa\u00f1ol de origen podr\u00e1n ejercer el derecho de opci\u00f3n a la nacionalidad espa\u00f1ola. Este derecho deber\u00e1 ejercitarse dentro de unos plazos determinados por la ley.<\/p><h3>Por Residencia<\/h3><p>Los extranjeros que residan legalmente en Espa\u00f1a pueden solicitar la naturalizaci\u00f3n tras 10 a\u00f1os de residencia continuada. Este plazo se reduce a 2 a\u00f1os para nacionales de pa\u00edses iberoamericanos (incluido Brasil), Portugal, Andorra, Filipinas, Guinea Ecuatorial y para descendientes de sefard\u00edes.<\/p><h3>Por Matrimonio<\/h3><p>C\u00f3nyuges de ciudadanos espa\u00f1oles pueden solicitar la ciudadan\u00eda tras 1 a\u00f1o de residencia legal en Espa\u00f1a, estando casados hace al menos 1 a\u00f1o.<\/p><p>\u00a0<\/p><h2>Documentaci\u00f3n Necesaria<\/h2><ul><li>Certificados de nacimiento, matrimonio y defunci\u00f3n del solicitante y ascendientes espa\u00f1oles<\/li><li>Documentos que acrediten la ciudadan\u00eda espa\u00f1ola del ascendiente (DNI, pasaporte, certificado de inscripci\u00f3n consular)<\/li><li>Para la Ley de Memoria Democr\u00e1tica: documentaci\u00f3n que acredite el exilio o la emigraci\u00f3n del ascendiente<\/li><li>Documentos traducidos al espa\u00f1ol y apostillados (Apostilla de La Haya)<\/li><li>Certificado de antecedentes penales<\/li><\/ul><p>\u00a0<\/p><h2>Preguntas Frecuentes sobre Ciudadan\u00eda Espa\u00f1ola<\/h2><h3>\u00bfLa Ley de Memoria Democr\u00e1tica todav\u00eda est\u00e1 en vigor?<\/h3><p>La ley fue aprobada en octubre de 2022 con un plazo de aplicaci\u00f3n espec\u00edfico para las solicitudes de ciudadan\u00eda. Es esencial verificar los plazos vigentes, ya que pueden ser limitados. Consulte a nuestra oficina para confirmar la elegibilidad y el plazo aplicable a su caso.<\/p><h3>Soy bisnieto de espa\u00f1ol. \u00bfTengo derecho?<\/h3><p>Depende de la v\u00eda. La Ley de Memoria Democr\u00e1tica atiende principalmente a hijos y nietos. Para bisnietos, la estrategia generalmente implica que el nieto adquiera primero la ciudadan\u00eda, y luego el bisnieto la solicite como hijo de espa\u00f1ol. Cada caso debe ser analizado individualmente.<\/p><h3>\u00bfLos brasile\u00f1os tienen ventaja para obtener ciudadan\u00eda espa\u00f1ola?<\/h3><p>S\u00ed. Nacionales de pa\u00edses iberoamericanos, incluyendo Brasil, tienen plazo reducido de residencia para naturalizaci\u00f3n: apenas 2 a\u00f1os en vez de 10. Es una de las v\u00edas m\u00e1s accesibles para brasile\u00f1os que residen o pretenden residir en Espa\u00f1a.<\/p><h3>\u00bfPuedo tener doble ciudadan\u00eda con Espa\u00f1a?<\/h3><p>S\u00ed, siempre y cuando la otra ciudadan\u00eda sea de un pa\u00eds iberoamericano (incluido Brasil). En estos casos, Espa\u00f1a permite la doble ciudadan\u00eda sin necesidad de renuncia. Para otras nacionalidades, las reglas var\u00edan.<\/p>\t\t\t\t\t\t\t\t<\/div>\n\t\t\t\t<\/div>\n\t\t<div class=\"elementor-element elementor-element-36b30e0 e-con-full e-flex e-con e-child\" data-id=\"36b30e0\" data-element_type=\"container\" data-e-type=\"container\">\n\t\t\t\t<div class=\"elementor-element elementor-element-a8958c5 elementor-widget elementor-widget-ensafcontactinfo\" data-id=\"a8958c5\" data-element_type=\"widget\" data-e-type=\"widget\" data-widget_type=\"ensafcontactinfo.default\">\n\t\t\t\t<div class=\"elementor-widget-container\">\n\t\t\t\t\t<div class=\"widget widget_call\"><div class=\"widget-call\"><h4 class=\"box-title\">\u00bfNecesitas ayuda?<\/h4><p class=\"box_text\">Suporte jur\u00eddico\nespecializado para\norientar voc\u00ea com seguran\u00e7a.<\/p><div class=\"widget_call\"><div class=\"info-box\"><div class=\"info-box_icon\"><i class=\"fa-brands fa-whatsapp\"><\/i><\/div><div><span class=\"info-box_subtitle\">Contate-nos:<\/span><p class=\"info-box_text\"><!-- WhatsApp -->\n<a href=\"https:\/\/wa.me\/4915566359635?text=Ol\u00e1,%20preciso%20de%20assessoria%20jur\u00eddica...\" target=\"_blank\">\n  WhatsApp\n<\/a>\n<\/p><\/div><\/div><div class=\"info-box\"><div class=\"info-box_icon\"><i class=\"fas fa-envelope\"><\/i><\/div><div><span class=\"info-box_subtitle\">Correo electr\u00f3nico<\/span><p class=\"info-box_text\"><a href=\"mailto:info@koellnadvogada.com\" class=\"info-box_link\">info@koellnadvogada.com<\/a>\n<\/p><\/div><\/div><\/div><\/div><\/div>\t\t\t\t<\/div>\n\t\t\t\t<\/div>\n\t\t\t\t<div class=\"elementor-element elementor-element-7b56ead elementor-hidden-mobile elementor-widget elementor-widget-ensafservicelist\" data-id=\"7b56ead\" data-element_type=\"widget\" data-e-type=\"widget\" data-widget_type=\"ensafservicelist.default\">\n\t\t\t\t<div class=\"elementor-widget-container\">\n\t\t\t\t\t<div class=\"widget widget_categories\"><h3 class=\"widget_title\">Ciudadan\u00eda<\/h3><ul><li><a href=\"https:\/\/koellnadvogada.com\/es\/cidadania-alema\/\">Alemana<\/a><span><i class=\"fa-sharp fa-light fa-arrow-right\"><\/i><\/span><\/li><li><a href=\"https:\/\/koellnadvogada.com\/es\/cidadania-portuguesa\/\">Portuguesa<\/a><span><i class=\"fa-sharp fa-light fa-arrow-right\"><\/i><\/span><\/li><li><a href=\"https:\/\/koellnadvogada.com\/es\/cidadania-italiana\/\">Italiano<\/a><span><i class=\"fa-sharp fa-light fa-arrow-right\"><\/i><\/span><\/li><\/ul><\/div>\t\t\t\t<\/div>\n\t\t\t\t<\/div>\n\t\t\t\t<div class=\"elementor-element elementor-element-3ac0549 elementor-hidden-mobile elementor-widget elementor-widget-ensafservicelist\" data-id=\"3ac0549\" data-element_type=\"widget\" data-e-type=\"widget\" data-widget_type=\"ensafservicelist.default\">\n\t\t\t\t<div class=\"elementor-widget-container\">\n\t\t\t\t\t<div class=\"widget widget_categories\"><h3 class=\"widget_title\">Otros Servicios<\/h3><ul><li><a href=\"https:\/\/koellnadvogada.com\/es\/cidadania\/\">Ciudadan\u00eda<\/a><span><i class=\"fa-sharp fa-light fa-arrow-right\"><\/i><\/span><\/li><li><a href=\"https:\/\/koellnadvogada.com\/es\/direito-de-familia-internacional\/\">Derecho de familia internacional<\/a><span><i class=\"fa-sharp fa-light fa-arrow-right\"><\/i><\/span><\/li><li><a href=\"https:\/\/koellnadvogada.com\/es\/direito-migratorio-e-imigracao\/\">Derecho de Migraci\u00f3n e Inmigraci\u00f3n<\/a><span><i class=\"fa-sharp fa-light fa-arrow-right\"><\/i><\/span><\/li><li><a href=\"https:\/\/koellnadvogada.com\/es\/direito-civil\/\">Derecho civil<\/a><span><i class=\"fa-sharp fa-light fa-arrow-right\"><\/i><\/span><\/li><li><a href=\"https:\/\/koellnadvogada.com\/es\/direito-sucessorio-e-herancas\/\">Derecho de sucesiones y herencias<\/a><span><i class=\"fa-sharp fa-light fa-arrow-right\"><\/i><\/span><\/li><li><a href=\"https:\/\/koellnadvogada.com\/es\/reconhecimento-de-decisoes-estrangeiras\/\">Reconocimiento de resoluciones extranjeras<\/a><span><i class=\"fa-sharp fa-light fa-arrow-right\"><\/i><\/span><\/li><li><a href=\"https:\/\/koellnadvogada.com\/es\/direito-penal\/\">Derecho penal<\/a><span><i class=\"fa-sharp fa-light fa-arrow-right\"><\/i><\/span><\/li><\/ul><\/div>\t\t\t\t<\/div>\n\t\t\t\t<\/div>\n\t\t\t\t<\/div>\n\t\t\t\t\t<\/div>\n\t\t\t\t<\/div>\n\t\t\t\t<\/div>","protected":false},"excerpt":{"rendered":"<p>Cidadania Espanhola: Lei de Mem\u00f3ria Democr\u00e1tica e Descend\u00eancia A Espanha oferece diversas vias de acesso \u00e0 cidadania para descendentes de espanhois e para estrangeiros com la\u00e7os hist\u00f3ricos com o pa\u00eds. A Lei de Mem\u00f3ria Democr\u00e1tica (Lei 20\/2022), em vigor desde outubro de 2022, ampliou significativamente o acesso \u00e0 nacionalidade espanhola para descendentes de exilados e&#8230;<\/p>","protected":false},"author":1,"featured_media":0,"parent":0,"menu_order":0,"comment_status":"closed","ping_status":"closed","template":"","meta":{"footnotes":""},"class_list":["post-6433","page","type-page","status-publish","hentry"],"_links":{"self":[{"href":"https:\/\/koellnadvogada.com\/es\/wp-json\/wp\/v2\/pages\/6433","targetHints":{"allow":["GET"]}}],"collection":[{"href":"https:\/\/koellnadvogada.com\/es\/wp-json\/wp\/v2\/pages"}],"about":[{"href":"https:\/\/koellnadvogada.com\/es\/wp-json\/wp\/v2\/types\/page"}],"author":[{"embeddable":true,"href":"https:\/\/koellnadvogada.com\/es\/wp-json\/wp\/v2\/users\/1"}],"replies":[{"embeddable":true,"href":"https:\/\/koellnadvogada.com\/es\/wp-json\/wp\/v2\/comments?post=6433"}],"version-history":[{"count":19,"href":"https:\/\/koellnadvogada.com\/es\/wp-json\/wp\/v2\/pages\/6433\/revisions"}],"predecessor-version":[{"id":6968,"href":"https:\/\/koellnadvogada.com\/es\/wp-json\/wp\/v2\/pages\/6433\/revisions\/6968"}],"wp:attachment":[{"href":"https:\/\/koellnadvogada.com\/es\/wp-json\/wp\/v2\/media?parent=6433"}],"curies":[{"name":"wp","href":"https:\/\/api.w.org\/{rel}","templated":true}]}}