{"id":6382,"date":"2026-03-25T13:01:07","date_gmt":"2026-03-25T13:01:07","guid":{"rendered":"https:\/\/aquamarine-lemur-517961.hostingersite.com\/?page_id=6382"},"modified":"2026-04-05T15:50:59","modified_gmt":"2026-04-05T15:50:59","slug":"cidadania","status":"publish","type":"page","link":"https:\/\/koellnadvogada.com\/es\/cidadania\/","title":{"rendered":"Ciudadan\u00eda"},"content":{"rendered":"<div data-elementor-type=\"wp-page\" data-elementor-id=\"6382\" class=\"elementor elementor-6382\" data-elementor-post-type=\"page\">\n\t\t\t\t<div class=\"elementor-element elementor-element-ad026f3 e-flex e-con-boxed e-con e-parent\" data-id=\"ad026f3\" data-element_type=\"container\" data-e-type=\"container\">\n\t\t\t\t\t<div class=\"e-con-inner\">\n\t\t<div class=\"elementor-element elementor-element-d674b4d e-con-full e-flex e-con e-child\" data-id=\"d674b4d\" data-element_type=\"container\" data-e-type=\"container\">\n\t\t\t\t<div class=\"elementor-element elementor-element-c029e34 elementor-widget elementor-widget-image\" data-id=\"c029e34\" data-element_type=\"widget\" data-e-type=\"widget\" data-widget_type=\"image.default\">\n\t\t\t\t\t\t\t\t\t\t\t\t\t\t\t<img decoding=\"async\" src=\"https:\/\/koellnadvogada.com\/wp-content\/uploads\/elementor\/thumbs\/cidadania-rl126uuqzzgrz5kqpfdjtmi6nilsj2beqfafhj8k3w.jpeg\" title=\"ciudadan\u00eda\" alt=\"cidadania\" loading=\"lazy\" \/>\t\t\t\t\t\t\t\t\t\t\t\t\t\t\t<\/div>\n\t\t\t\t<div class=\"elementor-element elementor-element-63e9130 elementor-widget elementor-widget-heading\" data-id=\"63e9130\" data-element_type=\"widget\" data-e-type=\"widget\" data-widget_type=\"heading.default\">\n\t\t\t\t\t<h2 class=\"elementor-heading-title elementor-size-default\">Ciudadan\u00eda Europea: Asesoramiento Jur\u00eddico Especializado<\/h2>\t\t\t\t<\/div>\n\t\t\r\n\t\t<div class=\"elementor-element elementor-element-cd54a84 elementor-widget elementor-widget-text-editor\" data-id=\"cd54a84\" data-element_type=\"widget\" data-e-type=\"widget\" data-widget_type=\"text-editor.default\">\n\t\t\t\t\t\t\t\t\t<p>Obtener una ciudadan\u00eda europea abre puertas para la libre circulaci\u00f3n, trabajo y residencia en cualquier pa\u00eds de la Uni\u00f3n Europea. Sea por naturalizaci\u00f3n, descendencia o derecho hist\u00f3rico, el proceso exige conocimiento jur\u00eddico espec\u00edfico y documentaci\u00f3n precisa.<\/p><p>La oficina <strong>Sandra Koelln Abogac\u00eda y Asociados<\/strong>, con sede en M\u00fanich, ofrece asesoramiento completo para procesos de ciudadan\u00eda en cuatro pa\u00edses europeos: <strong>Alemania, Portugal, Italia y Espa\u00f1a<\/strong>. Atendemos a clientes de diversas nacionalidades, con destaque para la comunidad lus\u00f3fona y latinoamericana residente en Europa.<\/p><p>La Dra. Sandra Koelln es abogada triling\u00fce (portugu\u00e9s, alem\u00e1n e ingl\u00e9s), inscrita en el Colegio de Abogados portugu\u00e9s. <strong>OAB Brasil, RAK M\u00fanich y Orden de Abogados de Portugal<\/strong> \u2014 una calificaci\u00f3n \u00fanica que permite actuar directamente en los sistemas jur\u00eddicos de diferentes pa\u00edses, sin intermediarios.<br \/>Nuestros Servicios de Ciudadan\u00eda<\/p><h3>Ciudadan\u00eda alemana<\/h3><p>Naturalizaci\u00f3n para residentes en Alemania, reconocimiento de ciudadan\u00eda por descendencia (Abstammung), y procesos bajo la nueva ley de nacionalidad de 2024 \u2014 incluyendo el permiso de doble ciudadan\u00eda y el plazo reducido de 5 a\u00f1os de residencia.<\/p><p><a href=\"https:\/\/koellnadvogada.com\/es\/cidadania-alema\/\"><em>\u2192 Saber m\u00e1s: \/ciudadania\/ciudadania-alemana\/<\/em><\/a><\/p><h3>Ciudadan\u00eda portuguesa<\/h3><p>Casos de nacionalidad portuguesa por descendencia, matrimonio, naturalizaci\u00f3n o en virtud del r\u00e9gimen especial de las comunidades sefard\u00edes. La pertenencia de la Dra. Sandra al Colegio de Abogados portugu\u00e9s le permite actuar directamente ante las autoridades portuguesas.<\/p><p><em><a href=\"https:\/\/koellnadvogada.com\/es\/cidadania-portuguesa\/\">\u2192 Saber m\u00e1s: \/ciudadania\/ciudadania-portuguesa\/<\/a><br \/><\/em><\/p><h3>Ciudadan\u00eda italiana<\/h3><p>Reconocimiento de ciudadan\u00eda italiana por descendencia (ius sanguinis), sin l\u00edmite generacional. Asesoramiento en el montaje del expediente documental, traducciones y solicitud en los consulados italianos o directamente en comunas en Italia.<\/p><p><a href=\"https:\/\/koellnadvogada.com\/es\/cidadania-italiana\/\"><em>\u2192 M\u00e1s informaci\u00f3n: \/cidadania\/cidadania-italiana\/<\/em><\/a><\/p><h3>Ciudadan\u00eda espa\u00f1ola<\/h3><p>Procesos bajo la Ley de Memoria Democr\u00e1tica, ciudadan\u00eda por descendencia y naturalizaci\u00f3n para residentes en Espa\u00f1a o extranjeros con v\u00ednculos hist\u00f3ricos con el pa\u00eds.<\/p><p><a href=\"https:\/\/koellnadvogada.com\/es\/cidadania-espanhola\/\"><em>\u2192 M\u00e1s informaci\u00f3n: \/ciudadan\u00eda\/ciudadan\u00eda-espa\u00f1ola\/<\/em><\/a><\/p><h2>\u00bfPor qu\u00e9 contar con asesor\u00eda jur\u00eddica especializada?<\/h2><p>Los procesos de ciudadan\u00eda involucran legislaciones que cambian con frecuencia, documentos que necesitan ser traducidos y apostillados, y autoridades en diferentes pa\u00edses con procedimientos distintos. Un error en la documentaci\u00f3n puede significar meses de retraso o incluso la negativa de la solicitud.<\/p><p>Con un asesoramiento jur\u00eddico especializado, puede estar seguro de que cada etapa del proceso se llevar\u00e1 a cabo correctamente: desde el an\u00e1lisis inicial de elegibilidad hasta la obtenci\u00f3n de su pasaporte europeo.<\/p><h2>A Qui\u00e9nes Atendemos<\/h2><p>Nuestro bufete asiste a clientes de cualquier nacionalidad que necesiten asesoramiento jur\u00eddico sobre procesos de ciudadan\u00eda europea. Aunque la mayor\u00eda de nuestros clientes proceden de las comunidades brasile\u00f1a y lus\u00f3fona de Alemania, trabajamos regularmente con personas de pa\u00edses como Mozambique, Angola, Colombia, Argentina y otros, ofreciendo servicios en portugu\u00e9s, alem\u00e1n e ingl\u00e9s.<\/p><p><em>\u00a0<\/em><\/p>\t\t\t\t\t\t\t\t<\/div>\n\t\t\t\t<\/div>\n\t\t<div class=\"elementor-element elementor-element-a911c07 e-con-full e-flex e-con e-child\" data-id=\"a911c07\" data-element_type=\"container\" data-e-type=\"container\">\n\t\t\t\t<div class=\"elementor-element elementor-element-4b9de92 elementor-widget elementor-widget-ensafcontactinfo\" data-id=\"4b9de92\" data-element_type=\"widget\" data-e-type=\"widget\" data-widget_type=\"ensafcontactinfo.default\">\n\t\t\t\t<div class=\"elementor-widget-container\">\n\t\t\t\t\t<div class=\"widget widget_call\"><div class=\"widget-call\"><h4 class=\"box-title\">\u00bfNecesitas ayuda?<\/h4><p class=\"box_text\">Suporte jur\u00eddico\nespecializado para\norientar voc\u00ea com seguran\u00e7a.<\/p><div class=\"widget_call\"><div class=\"info-box\"><div class=\"info-box_icon\"><i class=\"fa-brands fa-whatsapp\"><\/i><\/div><div><span class=\"info-box_subtitle\">Contate-nos:<\/span><p class=\"info-box_text\"><!-- WhatsApp -->\n<a href=\"https:\/\/wa.me\/4915566359635?text=Ol\u00e1,%20preciso%20de%20assessoria%20jur\u00eddica...\" target=\"_blank\">\n  WhatsApp\n<\/a>\n<\/p><\/div><\/div><div class=\"info-box\"><div class=\"info-box_icon\"><i class=\"fas fa-envelope\"><\/i><\/div><div><span class=\"info-box_subtitle\">Correo electr\u00f3nico<\/span><p class=\"info-box_text\"><a href=\"mailto:info@koellnadvogada.com\" class=\"info-box_link\">info@koellnadvogada.com<\/a>\n<\/p><\/div><\/div><\/div><\/div><\/div>\t\t\t\t<\/div>\n\t\t\t\t<\/div>\n\t\t\t\t<div class=\"elementor-element elementor-element-64570e6 elementor-hidden-mobile elementor-widget elementor-widget-ensafservicelist\" data-id=\"64570e6\" data-element_type=\"widget\" data-e-type=\"widget\" data-widget_type=\"ensafservicelist.default\">\n\t\t\t\t<div class=\"elementor-widget-container\">\n\t\t\t\t\t<div class=\"widget widget_categories\"><h3 class=\"widget_title\">Otros Servicios<\/h3><ul><li><a href=\"https:\/\/koellnadvogada.com\/es\/direito-de-familia-internacional\/\">Derecho de familia internacional<\/a><span><i class=\"fa-sharp fa-light fa-arrow-right\"><\/i><\/span><\/li><li><a href=\"https:\/\/koellnadvogada.com\/es\/direito-migratorio-e-imigracao\/\">Derecho de Migraci\u00f3n e Inmigraci\u00f3n<\/a><span><i class=\"fa-sharp fa-light fa-arrow-right\"><\/i><\/span><\/li><li><a href=\"https:\/\/koellnadvogada.com\/es\/direito-civil\/\">Derecho civil<\/a><span><i class=\"fa-sharp fa-light fa-arrow-right\"><\/i><\/span><\/li><li><a href=\"https:\/\/koellnadvogada.com\/es\/direito-sucessorio-e-herancas\/\">Derecho de sucesiones y herencias<\/a><span><i class=\"fa-sharp fa-light fa-arrow-right\"><\/i><\/span><\/li><li><a href=\"https:\/\/koellnadvogada.com\/es\/reconhecimento-de-decisoes-estrangeiras\/\">Reconocimiento de resoluciones extranjeras<\/a><span><i class=\"fa-sharp fa-light fa-arrow-right\"><\/i><\/span><\/li><li><a href=\"https:\/\/koellnadvogada.com\/es\/direito-penal\/\">Derecho penal<\/a><span><i class=\"fa-sharp fa-light fa-arrow-right\"><\/i><\/span><\/li><\/ul><\/div>\t\t\t\t<\/div>\n\t\t\t\t<\/div>\n\t\t\t\t<\/div>\n\t\t\t\t\t<\/div>\n\t\t\t\t<\/div>\n\t\t\t\t<\/div>","protected":false},"excerpt":{"rendered":"<p>Cidadania Europeia: Assessoria Jur\u00eddica Especializada Obter uma cidadania europeia abre portas para a livre circula\u00e7\u00e3o, trabalho e resid\u00eancia em qualquer pa\u00eds da Uni\u00e3o Europeia. Seja por naturaliza\u00e7\u00e3o, descend\u00eancia ou direito hist\u00f3rico, o processo exige conhecimento jur\u00eddico espec\u00edfico e documenta\u00e7\u00e3o precisa. O escrit\u00f3rio Sandra Koelln Advocacia &amp; Associados, com sede em Munique, oferece assessoria completa para&#8230;<\/p>","protected":false},"author":1,"featured_media":0,"parent":0,"menu_order":0,"comment_status":"closed","ping_status":"closed","template":"","meta":{"footnotes":""},"class_list":["post-6382","page","type-page","status-publish","hentry"],"_links":{"self":[{"href":"https:\/\/koellnadvogada.com\/es\/wp-json\/wp\/v2\/pages\/6382","targetHints":{"allow":["GET"]}}],"collection":[{"href":"https:\/\/koellnadvogada.com\/es\/wp-json\/wp\/v2\/pages"}],"about":[{"href":"https:\/\/koellnadvogada.com\/es\/wp-json\/wp\/v2\/types\/page"}],"author":[{"embeddable":true,"href":"https:\/\/koellnadvogada.com\/es\/wp-json\/wp\/v2\/users\/1"}],"replies":[{"embeddable":true,"href":"https:\/\/koellnadvogada.com\/es\/wp-json\/wp\/v2\/comments?post=6382"}],"version-history":[{"count":33,"href":"https:\/\/koellnadvogada.com\/es\/wp-json\/wp\/v2\/pages\/6382\/revisions"}],"predecessor-version":[{"id":6962,"href":"https:\/\/koellnadvogada.com\/es\/wp-json\/wp\/v2\/pages\/6382\/revisions\/6962"}],"wp:attachment":[{"href":"https:\/\/koellnadvogada.com\/es\/wp-json\/wp\/v2\/media?parent=6382"}],"curies":[{"name":"wp","href":"https:\/\/api.w.org\/{rel}","templated":true}]}}