{"id":5346,"date":"2026-02-10T19:52:55","date_gmt":"2026-02-10T19:52:55","guid":{"rendered":"https:\/\/koellnadvogada.com\/?page_id=5346"},"modified":"2026-04-05T15:53:31","modified_gmt":"2026-04-05T15:53:31","slug":"direito-civil","status":"publish","type":"page","link":"https:\/\/koellnadvogada.com\/es\/direito-civil\/","title":{"rendered":"Derecho civil"},"content":{"rendered":"<div data-elementor-type=\"wp-page\" data-elementor-id=\"5346\" class=\"elementor elementor-5346\" data-elementor-post-type=\"page\">\n\t\t\t\t<div class=\"elementor-element elementor-element-37d732b e-flex e-con-boxed e-con e-parent\" data-id=\"37d732b\" data-element_type=\"container\" data-e-type=\"container\">\n\t\t\t\t\t<div class=\"e-con-inner\">\n\t\t<div class=\"elementor-element elementor-element-cbfc89a e-con-full e-flex e-con e-child\" data-id=\"cbfc89a\" data-element_type=\"container\" data-e-type=\"container\">\n\t\t\t\t<div class=\"elementor-element elementor-element-28ecc8e elementor-widget elementor-widget-image\" data-id=\"28ecc8e\" data-element_type=\"widget\" data-e-type=\"widget\" data-widget_type=\"image.default\">\n\t\t\t\t\t\t\t\t\t\t\t\t\t\t\t<img decoding=\"async\" src=\"https:\/\/koellnadvogada.com\/wp-content\/uploads\/elementor\/thumbs\/foto-empresas-relacoes-comerciais-x8-riff19nvzglm3e1z57nq1srwa2fez380eby7w39wb0.png\" title=\"fotos-empresas-relaciones-comerciales-x8\" alt=\"foto-empresas-relacoes-comerciais-x8\" loading=\"lazy\" \/>\t\t\t\t\t\t\t\t\t\t\t\t\t\t\t<\/div>\n\t\t\t\t<div class=\"elementor-element elementor-element-b4ad586 elementor-widget elementor-widget-heading\" data-id=\"b4ad586\" data-element_type=\"widget\" data-e-type=\"widget\" data-widget_type=\"heading.default\">\n\t\t\t\t\t<h2 class=\"elementor-heading-title elementor-size-default\">Derecho civil<\/h2>\t\t\t\t<\/div>\n\t\t\r\n\t\t<div class=\"elementor-element elementor-element-5b59c39 elementor-widget elementor-widget-text-editor\" data-id=\"5b59c39\" data-element_type=\"widget\" data-e-type=\"widget\" data-widget_type=\"text-editor.default\">\n\t\t\t\t\t\t\t\t\t<p class=\"p1\">Asesor\u00eda jur\u00eddica estrat\u00e9gica a empresas en materias de derecho civil, con actuaci\u00f3n orientada a la estructuraci\u00f3n segura de las relaciones comerciales y a la mitigaci\u00f3n de riesgos jur\u00eddicos. Elaboraci\u00f3n, revisi\u00f3n y an\u00e1lisis de contratos empresariales, garantizando claridad, equilibrio y protecci\u00f3n de los intereses involucrados en cada operaci\u00f3n.<\/p><p class=\"p1\">Actuaci\u00f3n en cuestiones relacionadas con la responsabilidad civil, el cumplimiento contractual, las negociaciones comerciales y la gesti\u00f3n preventiva de conflictos, siempre con foco en la preservaci\u00f3n de la actividad empresarial y en la seguridad jur\u00eddica de las decisiones. Apoyo t\u00e9cnico en la conducci\u00f3n de disputas, buscando soluciones eficientes, ya sea por v\u00eda negocial o judicial.<\/p><p class=\"p1\">Especial atenci\u00f3n a las operaciones con elementos internacionales, considerando impactos transnacionales, diferencias legislativas y particularidades regulatorias. Asesoramiento continuo para empresas que act\u00faan o mantienen relaciones comerciales entre diferentes jurisdicciones, con enfoque integrado y alineado a las exigencias del entorno jur\u00eddico global.<\/p>\t\t\t\t\t\t\t\t<\/div>\n\t\t\t\t<\/div>\n\t\t<div class=\"elementor-element elementor-element-fe54c2a e-con-full e-flex e-con e-child\" data-id=\"fe54c2a\" data-element_type=\"container\" data-e-type=\"container\">\n\t\t\t\t<div class=\"elementor-element elementor-element-e93c8ce elementor-widget elementor-widget-ensafcontactinfo\" data-id=\"e93c8ce\" data-element_type=\"widget\" data-e-type=\"widget\" data-widget_type=\"ensafcontactinfo.default\">\n\t\t\t\t<div class=\"elementor-widget-container\">\n\t\t\t\t\t<div class=\"widget widget_call\"><div class=\"widget-call\"><h4 class=\"box-title\">\u00bfNecesitas ayuda?<\/h4><p class=\"box_text\">Suporte jur\u00eddico\nespecializado para\norientar voc\u00ea com seguran\u00e7a.<\/p><div class=\"widget_call\"><div class=\"info-box\"><div class=\"info-box_icon\"><i class=\"fa-brands fa-whatsapp\"><\/i><\/div><div><span class=\"info-box_subtitle\">Contate-nos:<\/span><p class=\"info-box_text\"><!-- WhatsApp -->\n<a href=\"https:\/\/wa.me\/4915566359635?text=Ol\u00e1,%20preciso%20de%20assessoria%20jur\u00eddica...\" target=\"_blank\">\n  WhatsApp\n<\/a>\n<\/p><\/div><\/div><div class=\"info-box\"><div class=\"info-box_icon\"><i class=\"fas fa-envelope\"><\/i><\/div><div><span class=\"info-box_subtitle\">Correo electr\u00f3nico<\/span><p class=\"info-box_text\"><a href=\"mailto:info@koellnadvogada.com\" class=\"info-box_link\">info@koellnadvogada.com<\/a>\n<\/p><\/div><\/div><\/div><\/div><\/div>\t\t\t\t<\/div>\n\t\t\t\t<\/div>\n\t\t\t\t<div class=\"elementor-element elementor-element-206f229 elementor-hidden-mobile elementor-widget elementor-widget-ensafservicelist\" data-id=\"206f229\" data-element_type=\"widget\" data-e-type=\"widget\" data-widget_type=\"ensafservicelist.default\">\n\t\t\t\t<div class=\"elementor-widget-container\">\n\t\t\t\t\t<div class=\"widget widget_categories\"><h3 class=\"widget_title\">Otros Servicios<\/h3><ul><li><a href=\"https:\/\/koellnadvogada.com\/es\/cidadania\/\">Ciudadan\u00eda<\/a><span><i class=\"fa-sharp fa-light fa-arrow-right\"><\/i><\/span><\/li><li><a href=\"https:\/\/koellnadvogada.com\/es\/direito-de-familia-internacional\/\">Derecho de familia internacional<\/a><span><i class=\"fa-sharp fa-light fa-arrow-right\"><\/i><\/span><\/li><li><a href=\"https:\/\/koellnadvogada.com\/es\/direito-migratorio-e-imigracao\/\">Derecho de Migraci\u00f3n e Inmigraci\u00f3n<\/a><span><i class=\"fa-sharp fa-light fa-arrow-right\"><\/i><\/span><\/li><li><a href=\"https:\/\/koellnadvogada.com\/es\/direito-civil\/\">Derecho civil<\/a><span><i class=\"fa-sharp fa-light fa-arrow-right\"><\/i><\/span><\/li><li><a href=\"https:\/\/koellnadvogada.com\/es\/direito-sucessorio-e-herancas\/\">Derecho de sucesiones y herencias<\/a><span><i class=\"fa-sharp fa-light fa-arrow-right\"><\/i><\/span><\/li><li><a href=\"https:\/\/koellnadvogada.com\/es\/reconhecimento-de-decisoes-estrangeiras\/\">Reconocimiento de resoluciones extranjeras<\/a><span><i class=\"fa-sharp fa-light fa-arrow-right\"><\/i><\/span><\/li><li><a href=\"https:\/\/koellnadvogada.com\/es\/direito-penal\/\">Derecho penal<\/a><span><i class=\"fa-sharp fa-light fa-arrow-right\"><\/i><\/span><\/li><\/ul><\/div>\t\t\t\t<\/div>\n\t\t\t\t<\/div>\n\t\t\t\t<\/div>\n\t\t\t\t\t<\/div>\n\t\t\t\t<\/div>\n\t\t\t\t<\/div>","protected":false},"excerpt":{"rendered":"<p>Direito Civil Assessoria jur\u00eddica estrat\u00e9gica a empresas em mat\u00e9rias de direito civil, com atua\u00e7\u00e3o voltada \u00e0 estrutura\u00e7\u00e3o segura das rela\u00e7\u00f5es comerciais e \u00e0 mitiga\u00e7\u00e3o de riscos jur\u00eddicos. Elabora\u00e7\u00e3o, revis\u00e3o e an\u00e1lise de contratos empresariais, garantindo clareza, equil\u00edbrio e prote\u00e7\u00e3o dos interesses envolvidos em cada opera\u00e7\u00e3o. Atua\u00e7\u00e3o em quest\u00f5es relacionadas \u00e0 responsabilidade civil, cumprimento contratual, negocia\u00e7\u00f5es&#8230;<\/p>","protected":false},"author":1,"featured_media":0,"parent":0,"menu_order":0,"comment_status":"closed","ping_status":"closed","template":"","meta":{"footnotes":""},"class_list":["post-5346","page","type-page","status-publish","hentry"],"_links":{"self":[{"href":"https:\/\/koellnadvogada.com\/es\/wp-json\/wp\/v2\/pages\/5346","targetHints":{"allow":["GET"]}}],"collection":[{"href":"https:\/\/koellnadvogada.com\/es\/wp-json\/wp\/v2\/pages"}],"about":[{"href":"https:\/\/koellnadvogada.com\/es\/wp-json\/wp\/v2\/types\/page"}],"author":[{"embeddable":true,"href":"https:\/\/koellnadvogada.com\/es\/wp-json\/wp\/v2\/users\/1"}],"replies":[{"embeddable":true,"href":"https:\/\/koellnadvogada.com\/es\/wp-json\/wp\/v2\/comments?post=5346"}],"version-history":[{"count":26,"href":"https:\/\/koellnadvogada.com\/es\/wp-json\/wp\/v2\/pages\/5346\/revisions"}],"predecessor-version":[{"id":6974,"href":"https:\/\/koellnadvogada.com\/es\/wp-json\/wp\/v2\/pages\/5346\/revisions\/6974"}],"wp:attachment":[{"href":"https:\/\/koellnadvogada.com\/es\/wp-json\/wp\/v2\/media?parent=5346"}],"curies":[{"name":"wp","href":"https:\/\/api.w.org\/{rel}","templated":true}]}}