{"id":5343,"date":"2026-02-10T19:53:28","date_gmt":"2026-02-10T19:53:28","guid":{"rendered":"https:\/\/koellnadvogada.com\/?page_id=5343"},"modified":"2026-03-02T11:24:50","modified_gmt":"2026-03-02T11:24:50","slug":"direito-penal","status":"publish","type":"page","link":"https:\/\/koellnadvogada.com\/es\/direito-penal\/","title":{"rendered":"Derecho penal"},"content":{"rendered":"<div data-elementor-type=\"wp-page\" data-elementor-id=\"5343\" class=\"elementor elementor-5343\" data-elementor-post-type=\"page\">\n\t\t\t\t<div class=\"elementor-element elementor-element-065c9e9 e-flex e-con-boxed e-con e-parent\" data-id=\"065c9e9\" data-element_type=\"container\" data-e-type=\"container\">\n\t\t\t\t\t<div class=\"e-con-inner\">\n\t\t<div class=\"elementor-element elementor-element-c68211a e-con-full e-flex e-con e-child\" data-id=\"c68211a\" data-element_type=\"container\" data-e-type=\"container\">\n\t\t\t\t<div class=\"elementor-element elementor-element-d1527bf elementor-widget elementor-widget-image\" data-id=\"d1527bf\" data-element_type=\"widget\" data-e-type=\"widget\" data-widget_type=\"image.default\">\n\t\t\t\t\t\t\t\t\t\t\t\t\t\t\t<img decoding=\"async\" src=\"https:\/\/koellnadvogada.com\/wp-content\/uploads\/elementor\/thumbs\/imagem-decisoes-definem-caminhos-v1-rif013ql237ilx9f0mo0eu3bj6mqz10hbv8ogq6f4u.png\" title=\"imagem-deciso\u0303es-definem-caminhos-v1\" alt=\"imagem-deciso\u0303es-definem-caminhos-v1\" loading=\"lazy\" \/>\t\t\t\t\t\t\t\t\t\t\t\t\t\t\t<\/div>\n\t\t\t\t<div class=\"elementor-element elementor-element-536df09 elementor-widget elementor-widget-heading\" data-id=\"536df09\" data-element_type=\"widget\" data-e-type=\"widget\" data-widget_type=\"heading.default\">\n\t\t\t\t\t<h2 class=\"elementor-heading-title elementor-size-default\">Derecho penal<\/h2>\t\t\t\t<\/div>\n\t\t\r\n\t\t<div class=\"elementor-element elementor-element-177c633 elementor-widget elementor-widget-text-editor\" data-id=\"177c633\" data-element_type=\"widget\" data-e-type=\"widget\" data-widget_type=\"text-editor.default\">\n\t\t\t\t\t\t\t\t\t<p class=\"p1\">Atua\u00e7\u00e3o estrat\u00e9gica na defesa e no acompanhamento de processos penais, com an\u00e1lise detalhada do caso desde a fase investigativa at\u00e9 o encerramento da a\u00e7\u00e3o. Representa\u00e7\u00e3o em interrogat\u00f3rios, audi\u00eancias, medidas cautelares e demais atos processuais, sempre com foco na prote\u00e7\u00e3o integral dos direitos do cliente.<\/p><p class=\"p1\">Especial aten\u00e7\u00e3o a casos com repercuss\u00f5es migrat\u00f3rias, considerando poss\u00edveis impactos sobre visto, autoriza\u00e7\u00e3o de resid\u00eancia, naturaliza\u00e7\u00e3o e perman\u00eancia no pa\u00eds. Assessoria jur\u00eddica em situa\u00e7\u00f5es que envolvam elementos internacionais, garantindo abordagem coordenada e alinhada \u00e0s implica\u00e7\u00f5es transnacionais do caso.<\/p><p class=\"p1\">Orienta\u00e7\u00e3o preventiva, defini\u00e7\u00e3o de estrat\u00e9gias defensivas e acompanhamento pr\u00f3ximo em todas as etapas do procedimento penal, com atua\u00e7\u00e3o t\u00e9cnica, sigilosa e comprometida com a preserva\u00e7\u00e3o da reputa\u00e7\u00e3o e da seguran\u00e7a jur\u00eddica do cliente.<\/p>\t\t\t\t\t\t\t\t<\/div>\n\t\t\t\t<\/div>\n\t\t<div class=\"elementor-element elementor-element-0cbfd56 e-con-full e-flex e-con e-child\" data-id=\"0cbfd56\" data-element_type=\"container\" data-e-type=\"container\">\n\t\t\t\t<div class=\"elementor-element elementor-element-d149215 elementor-widget elementor-widget-ensafservicelist\" data-id=\"d149215\" data-element_type=\"widget\" data-e-type=\"widget\" data-widget_type=\"ensafservicelist.default\">\n\t\t\t\t<div class=\"elementor-widget-container\">\n\t\t\t\t\t<div class=\"widget widget_categories\"><h3 class=\"widget_title\">Nuestros servicios<\/h3><ul><li><a href=\"https:\/\/koellnadvogada.com\/es\/direito-de-familia-internacional\/\">Derecho de familia internacional<\/a><span><i class=\"fa-sharp fa-light fa-arrow-right\"><\/i><\/span><\/li><li><a href=\"https:\/\/koellnadvogada.com\/es\/direito-migratorio-e-imigracao\/\">Derecho de Migraci\u00f3n e Inmigraci\u00f3n<\/a><span><i class=\"fa-sharp fa-light fa-arrow-right\"><\/i><\/span><\/li><li><a href=\"https:\/\/koellnadvogada.com\/es\/direito-civil-empresarial\/\">Derecho Civil (Mercantil)<\/a><span><i class=\"fa-sharp fa-light fa-arrow-right\"><\/i><\/span><\/li><li><a href=\"https:\/\/koellnadvogada.com\/es\/direito-sucessorio-e-herancas\/\">Derecho de sucesiones y herencias<\/a><span><i class=\"fa-sharp fa-light fa-arrow-right\"><\/i><\/span><\/li><li><a href=\"https:\/\/koellnadvogada.com\/es\/reconhecimento-de-decisoes-estrangeiras\/\">Reconocimiento de resoluciones extranjeras<\/a><span><i class=\"fa-sharp fa-light fa-arrow-right\"><\/i><\/span><\/li><li><a href=\"https:\/\/koellnadvogada.com\/es\/direito-penal\/\">Derecho penal<\/a><span><i class=\"fa-sharp fa-light fa-arrow-right\"><\/i><\/span><\/li><\/ul><\/div>\t\t\t\t<\/div>\n\t\t\t\t<\/div>\n\t\t\t\t<div class=\"elementor-element elementor-element-d18e5a4 elementor-widget elementor-widget-ensafcontactinfo\" data-id=\"d18e5a4\" data-element_type=\"widget\" data-e-type=\"widget\" data-widget_type=\"ensafcontactinfo.default\">\n\t\t\t\t<div class=\"elementor-widget-container\">\n\t\t\t\t\t<div class=\"widget widget_call\"><div class=\"widget-call\"><h4 class=\"box-title\">\u00bfNecesitas ayuda?<\/h4><p class=\"box_text\">Apoyo jur\u00eddico especializado cuando m\u00e1s lo necesita.<\/p><div class=\"widget_call\"><div class=\"info-box\"><div class=\"info-box_icon\"><i class=\"fa-brands fa-whatsapp\"><\/i><\/div><div><span class=\"info-box_subtitle\">Contacto<\/span><p class=\"info-box_text\"><a href=\"https:\/\/wa.me\/4915566359635?text=Ol%C3%A1%2C%20preciso%20de%20assessoria%20jur%C3%ADdica%20para%20avaliar%20minha%20situa%C3%A7%C3%A3o%20e%20obter%20esclarecimentos%20sobre%3A\" class=\"info-box_link\">+49 15566 359635<\/a>\n<\/p><\/div><\/div><div class=\"info-box\"><div class=\"info-box_icon\"><i class=\"fas fa-envelope\"><\/i><\/div><div><span class=\"info-box_subtitle\">Correo electr\u00f3nico<\/span><p class=\"info-box_text\"><a href=\"mailto:info@koellnadvogada.com\" class=\"info-box_link\">info@koellnadvogada.com<\/a>\n<\/p><\/div><\/div><\/div><\/div><\/div>\t\t\t\t<\/div>\n\t\t\t\t<\/div>\n\t\t\t\t<\/div>\n\t\t\t\t\t<\/div>\n\t\t\t\t<\/div>\n\t\t\t\t<\/div>","protected":false},"excerpt":{"rendered":"<p>Direito Penal Atua\u00e7\u00e3o estrat\u00e9gica na defesa e no acompanhamento de processos penais, com an\u00e1lise detalhada do caso desde a fase investigativa at\u00e9 o encerramento da a\u00e7\u00e3o. Representa\u00e7\u00e3o em interrogat\u00f3rios, audi\u00eancias, medidas cautelares e demais atos processuais, sempre com foco na prote\u00e7\u00e3o integral dos direitos do cliente. Especial aten\u00e7\u00e3o a casos com repercuss\u00f5es migrat\u00f3rias, considerando poss\u00edveis&#8230;<\/p>","protected":false},"author":1,"featured_media":0,"parent":0,"menu_order":0,"comment_status":"closed","ping_status":"closed","template":"","meta":{"footnotes":""},"class_list":["post-5343","page","type-page","status-publish","hentry"],"_links":{"self":[{"href":"https:\/\/koellnadvogada.com\/es\/wp-json\/wp\/v2\/pages\/5343","targetHints":{"allow":["GET"]}}],"collection":[{"href":"https:\/\/koellnadvogada.com\/es\/wp-json\/wp\/v2\/pages"}],"about":[{"href":"https:\/\/koellnadvogada.com\/es\/wp-json\/wp\/v2\/types\/page"}],"author":[{"embeddable":true,"href":"https:\/\/koellnadvogada.com\/es\/wp-json\/wp\/v2\/users\/1"}],"replies":[{"embeddable":true,"href":"https:\/\/koellnadvogada.com\/es\/wp-json\/wp\/v2\/comments?post=5343"}],"version-history":[{"count":50,"href":"https:\/\/koellnadvogada.com\/es\/wp-json\/wp\/v2\/pages\/5343\/revisions"}],"predecessor-version":[{"id":6328,"href":"https:\/\/koellnadvogada.com\/es\/wp-json\/wp\/v2\/pages\/5343\/revisions\/6328"}],"wp:attachment":[{"href":"https:\/\/koellnadvogada.com\/es\/wp-json\/wp\/v2\/media?parent=5343"}],"curies":[{"name":"wp","href":"https:\/\/api.w.org\/{rel}","templated":true}]}}