{"id":5352,"date":"2026-02-10T19:55:14","date_gmt":"2026-02-10T19:55:14","guid":{"rendered":"https:\/\/koellnadvogada.com\/?page_id=5352"},"modified":"2026-03-02T11:23:03","modified_gmt":"2026-03-02T11:23:03","slug":"direito-migratorio-e-imigracao","status":"publish","type":"page","link":"https:\/\/koellnadvogada.com\/en\/direito-migratorio-e-imigracao\/","title":{"rendered":"Immigration Law"},"content":{"rendered":"<div data-elementor-type=\"wp-page\" data-elementor-id=\"5352\" class=\"elementor elementor-5352\" data-elementor-post-type=\"page\">\n\t\t\t\t<div class=\"elementor-element elementor-element-316a714 e-flex e-con-boxed e-con e-parent\" data-id=\"316a714\" data-element_type=\"container\" data-e-type=\"container\">\n\t\t\t\t\t<div class=\"e-con-inner\">\n\t\t<div class=\"elementor-element elementor-element-e499bec e-con-full e-flex e-con e-child\" data-id=\"e499bec\" data-element_type=\"container\" data-e-type=\"container\">\n\t\t\t\t<div class=\"elementor-element elementor-element-dc7ebdd elementor-widget elementor-widget-image\" data-id=\"dc7ebdd\" data-element_type=\"widget\" data-e-type=\"widget\" data-widget_type=\"image.default\">\n\t\t\t\t\t\t\t\t\t\t\t\t\t\t\t<img decoding=\"async\" src=\"https:\/\/koellnadvogada.com\/wp-content\/uploads\/elementor\/thumbs\/familia-passaporte-alemao-aeroporto-advocacia-internacional8-ria7e7kqwrgt0iu3ly80n4lew85dhr2civd1fy4ckc.png\" title=\"family-german-passport-airport-international-law\" alt=\"familia-passaporte-alemao-aeroporto-advocacia-internacional8\" loading=\"lazy\" \/>\t\t\t\t\t\t\t\t\t\t\t\t\t\t\t<\/div>\n\t\t\t\t<div class=\"elementor-element elementor-element-ecb4681 elementor-widget elementor-widget-heading\" data-id=\"ecb4681\" data-element_type=\"widget\" data-e-type=\"widget\" data-widget_type=\"heading.default\">\n\t\t\t\t\t<h2 class=\"elementor-heading-title elementor-size-default\">Immigration Law<\/h2>\t\t\t\t<\/div>\n\t\t\r\n\t\t<div class=\"elementor-element elementor-element-fbb8d5f elementor-widget elementor-widget-text-editor\" data-id=\"fbb8d5f\" data-element_type=\"widget\" data-e-type=\"widget\" data-widget_type=\"text-editor.default\">\n\t\t\t\t\t\t\t\t\t<p class=\"p1\">Legal consultancy specializing in Immigration Law, with expertise in visa processes, residence permits, family reunification, legal stay, and migratory regularization in Germany. Individualized guidance based on the applicant's profile, purpose of residence, and applicable legal requirements for each situation.<\/p><p class=\"p1\">Technical analysis of documentation, strategic case preparation, and follow-up with competent authorities, paying attention to the specificities of each case and administrative deadlines. Preventive action to avoid rejections, documentary inconsistencies, and risks to legal stay in the country.<\/p><p class=\"p1\">Legal support for situations involving changes in immigration status, permit renewals, naturalization, and potential repercussions arising from administrative or legal matters, ensuring a structured approach and legal certainty throughout the entire process.<\/p>\t\t\t\t\t\t\t\t<\/div>\n\t\t\t\t<\/div>\n\t\t<div class=\"elementor-element elementor-element-26c65be e-con-full e-flex e-con e-child\" data-id=\"26c65be\" data-element_type=\"container\" data-e-type=\"container\">\n\t\t\t\t<div class=\"elementor-element elementor-element-844fded elementor-widget elementor-widget-ensafservicelist\" data-id=\"844fded\" data-element_type=\"widget\" data-e-type=\"widget\" data-widget_type=\"ensafservicelist.default\">\n\t\t\t\t<div class=\"elementor-widget-container\">\n\t\t\t\t\t<div class=\"widget widget_categories\"><h3 class=\"widget_title\">Our Services<\/h3><ul><li><a href=\"https:\/\/koellnadvogada.com\/en\/direito-de-familia-internacional\/\">International Family Law<\/a><span><i class=\"fa-sharp fa-light fa-arrow-right\"><\/i><\/span><\/li><li><a href=\"https:\/\/koellnadvogada.com\/en\/direito-migratorio-e-imigracao\/\">Immigration Law<\/a><span><i class=\"fa-sharp fa-light fa-arrow-right\"><\/i><\/span><\/li><li><a href=\"https:\/\/koellnadvogada.com\/en\/direito-civil-empresarial\/\">Civil Law (Business)<\/a><span><i class=\"fa-sharp fa-light fa-arrow-right\"><\/i><\/span><\/li><li><a href=\"https:\/\/koellnadvogada.com\/en\/direito-sucessorio-e-herancas\/\">Succession Law and Inheritance<\/a><span><i class=\"fa-sharp fa-light fa-arrow-right\"><\/i><\/span><\/li><li><a href=\"https:\/\/koellnadvogada.com\/en\/reconhecimento-de-decisoes-estrangeiras\/\">Recognition of Foreign Judgments<\/a><span><i class=\"fa-sharp fa-light fa-arrow-right\"><\/i><\/span><\/li><li><a href=\"https:\/\/koellnadvogada.com\/en\/direito-penal\/\">Criminal Law<\/a><span><i class=\"fa-sharp fa-light fa-arrow-right\"><\/i><\/span><\/li><\/ul><\/div>\t\t\t\t<\/div>\n\t\t\t\t<\/div>\n\t\t\t\t<div class=\"elementor-element elementor-element-13914ca elementor-widget elementor-widget-ensafcontactinfo\" data-id=\"13914ca\" data-element_type=\"widget\" data-e-type=\"widget\" data-widget_type=\"ensafcontactinfo.default\">\n\t\t\t\t<div class=\"elementor-widget-container\">\n\t\t\t\t\t<div class=\"widget widget_call\"><div class=\"widget-call\"><h4 class=\"box-title\">Need help?<\/h4><p class=\"box_text\">Specialized legal support when you need it most.<\/p><div class=\"widget_call\"><div class=\"info-box\"><div class=\"info-box_icon\"><i class=\"fa-brands fa-whatsapp\"><\/i><\/div><div><span class=\"info-box_subtitle\">Contact<\/span><p class=\"info-box_text\"><a href=\"https:\/\/wa.me\/4915566359635?text=Ol%C3%A1%2C%20preciso%20de%20assessoria%20jur%C3%ADdica%20para%20avaliar%20minha%20situa%C3%A7%C3%A3o%20e%20obter%20esclarecimentos%20sobre%3A\" class=\"info-box_link\">+49 15566 359635<\/a>\n<\/p><\/div><\/div><div class=\"info-box\"><div class=\"info-box_icon\"><i class=\"fas fa-envelope\"><\/i><\/div><div><span class=\"info-box_subtitle\">E-mail<\/span><p class=\"info-box_text\"><a href=\"mailto:info@koellnadvogada.com\" class=\"info-box_link\">info@koellnadvogada.com<\/a>\n<\/p><\/div><\/div><\/div><\/div><\/div>\t\t\t\t<\/div>\n\t\t\t\t<\/div>\n\t\t\t\t<\/div>\n\t\t\t\t\t<\/div>\n\t\t\t\t<\/div>\n\t\t\t\t<\/div>","protected":false},"excerpt":{"rendered":"<p>Direito Migrat\u00f3rio e Imigra\u00e7\u00e3o Assessoria jur\u00eddica especializada em Direito Migrat\u00f3rio, com atua\u00e7\u00e3o em processos de visto, autoriza\u00e7\u00e3o de resid\u00eancia, reagrupamento familiar, perman\u00eancia legal e regulariza\u00e7\u00e3o migrat\u00f3ria na Alemanha. Orienta\u00e7\u00e3o individualizada conforme o perfil do requerente, finalidade da resid\u00eancia e exig\u00eancias legais aplic\u00e1veis a cada situa\u00e7\u00e3o. An\u00e1lise t\u00e9cnica da documenta\u00e7\u00e3o, prepara\u00e7\u00e3o estrat\u00e9gica do processo e acompanhamento&#8230;<\/p>","protected":false},"author":1,"featured_media":0,"parent":0,"menu_order":0,"comment_status":"closed","ping_status":"closed","template":"","meta":{"footnotes":""},"class_list":["post-5352","page","type-page","status-publish","hentry"],"_links":{"self":[{"href":"https:\/\/koellnadvogada.com\/en\/wp-json\/wp\/v2\/pages\/5352","targetHints":{"allow":["GET"]}}],"collection":[{"href":"https:\/\/koellnadvogada.com\/en\/wp-json\/wp\/v2\/pages"}],"about":[{"href":"https:\/\/koellnadvogada.com\/en\/wp-json\/wp\/v2\/types\/page"}],"author":[{"embeddable":true,"href":"https:\/\/koellnadvogada.com\/en\/wp-json\/wp\/v2\/users\/1"}],"replies":[{"embeddable":true,"href":"https:\/\/koellnadvogada.com\/en\/wp-json\/wp\/v2\/comments?post=5352"}],"version-history":[{"count":7,"href":"https:\/\/koellnadvogada.com\/en\/wp-json\/wp\/v2\/pages\/5352\/revisions"}],"predecessor-version":[{"id":6319,"href":"https:\/\/koellnadvogada.com\/en\/wp-json\/wp\/v2\/pages\/5352\/revisions\/6319"}],"wp:attachment":[{"href":"https:\/\/koellnadvogada.com\/en\/wp-json\/wp\/v2\/media?parent=5352"}],"curies":[{"name":"wp","href":"https:\/\/api.w.org\/{rel}","templated":true}]}}