{"id":5350,"date":"2026-02-10T19:54:49","date_gmt":"2026-02-10T19:54:49","guid":{"rendered":"https:\/\/koellnadvogada.com\/?page_id=5350"},"modified":"2026-03-02T11:25:06","modified_gmt":"2026-03-02T11:25:06","slug":"direito-sucessorio-e-herancas","status":"publish","type":"page","link":"https:\/\/koellnadvogada.com\/en\/direito-sucessorio-e-herancas\/","title":{"rendered":"Succession Law and Inheritance"},"content":{"rendered":"<div data-elementor-type=\"wp-page\" data-elementor-id=\"5350\" class=\"elementor elementor-5350\" data-elementor-post-type=\"page\">\n\t\t\t\t<div class=\"elementor-element elementor-element-062f6cd e-flex e-con-boxed e-con e-parent\" data-id=\"062f6cd\" data-element_type=\"container\" data-e-type=\"container\">\n\t\t\t\t\t<div class=\"e-con-inner\">\n\t\t<div class=\"elementor-element elementor-element-77934a5 e-con-full e-flex e-con e-child\" data-id=\"77934a5\" data-element_type=\"container\" data-e-type=\"container\">\n\t\t\t\t<div class=\"elementor-element elementor-element-9e3b75b elementor-widget elementor-widget-image\" data-id=\"9e3b75b\" data-element_type=\"widget\" data-e-type=\"widget\" data-widget_type=\"image.default\">\n\t\t\t\t\t\t\t\t\t\t\t\t\t\t\t<img decoding=\"async\" src=\"https:\/\/koellnadvogada.com\/wp-content\/uploads\/elementor\/thumbs\/transferencia-patrimonio-sandra-koelln2-ribum846ho03yla6gvkkmeow6ctgyy28se67b5wn9o.png\" title=\"transfer-assets-sandra-koelln2\" alt=\"transferencia-patrimonio-sandra-koelln2\" loading=\"lazy\" \/>\t\t\t\t\t\t\t\t\t\t\t\t\t\t\t<\/div>\n\t\t\t\t<div class=\"elementor-element elementor-element-ee88328 elementor-widget elementor-widget-heading\" data-id=\"ee88328\" data-element_type=\"widget\" data-e-type=\"widget\" data-widget_type=\"heading.default\">\n\t\t\t\t\t<h2 class=\"elementor-heading-title elementor-size-default\">Succession Law and Inheritance<\/h2>\t\t\t\t<\/div>\n\t\t\r\n\t\t<div class=\"elementor-element elementor-element-ef5e937 elementor-widget elementor-widget-text-editor\" data-id=\"ef5e937\" data-element_type=\"widget\" data-e-type=\"widget\" data-widget_type=\"text-editor.default\">\n\t\t\t\t\t\t\t\t\t<p class=\"p1\">Legal advisory specializing in succession matters, with expertise in international inheritances, asset division, and estate planning involving different jurisdictions. Strategic analysis of applicable legislation, considering conflicts of laws, parties' domicile, asset location, and transnational impacts.<\/p><p class=\"p1\">Guidance in structuring estate planning, focusing on asset protection, legal certainty in the transfer of assets, and prevention of future litigation. Involvement in probate, recognition and enforcement of foreign judgments, as well as the regularization of assets located in more than one country.<\/p><p class=\"p1\">Technical support at all stages of the succession process, with a careful and structured approach, focused on preserving family assets and harmonizing applicable norms in international contexts.<\/p>\t\t\t\t\t\t\t\t<\/div>\n\t\t\t\t<\/div>\n\t\t<div class=\"elementor-element elementor-element-0685580 e-con-full e-flex e-con e-child\" data-id=\"0685580\" data-element_type=\"container\" data-e-type=\"container\">\n\t\t\t\t<div class=\"elementor-element elementor-element-89e4fcc elementor-widget elementor-widget-ensafservicelist\" data-id=\"89e4fcc\" data-element_type=\"widget\" data-e-type=\"widget\" data-widget_type=\"ensafservicelist.default\">\n\t\t\t\t<div class=\"elementor-widget-container\">\n\t\t\t\t\t<div class=\"widget widget_categories\"><h3 class=\"widget_title\">Our Services<\/h3><ul><li><a href=\"https:\/\/koellnadvogada.com\/en\/direito-de-familia-internacional\/\">International Family Law<\/a><span><i class=\"fa-sharp fa-light fa-arrow-right\"><\/i><\/span><\/li><li><a href=\"https:\/\/koellnadvogada.com\/en\/direito-migratorio-e-imigracao\/\">Immigration Law<\/a><span><i class=\"fa-sharp fa-light fa-arrow-right\"><\/i><\/span><\/li><li><a href=\"https:\/\/koellnadvogada.com\/en\/direito-civil-empresarial\/\">Civil Law (Business)<\/a><span><i class=\"fa-sharp fa-light fa-arrow-right\"><\/i><\/span><\/li><li><a href=\"https:\/\/koellnadvogada.com\/en\/direito-sucessorio-e-herancas\/\">Succession Law and Inheritance<\/a><span><i class=\"fa-sharp fa-light fa-arrow-right\"><\/i><\/span><\/li><li><a href=\"https:\/\/koellnadvogada.com\/en\/reconhecimento-de-decisoes-estrangeiras\/\">Recognition of Foreign Judgments<\/a><span><i class=\"fa-sharp fa-light fa-arrow-right\"><\/i><\/span><\/li><li><a href=\"https:\/\/koellnadvogada.com\/en\/direito-penal\/\">Criminal Law<\/a><span><i class=\"fa-sharp fa-light fa-arrow-right\"><\/i><\/span><\/li><\/ul><\/div>\t\t\t\t<\/div>\n\t\t\t\t<\/div>\n\t\t\t\t<div class=\"elementor-element elementor-element-5932862 elementor-widget elementor-widget-ensafcontactinfo\" data-id=\"5932862\" data-element_type=\"widget\" data-e-type=\"widget\" data-widget_type=\"ensafcontactinfo.default\">\n\t\t\t\t<div class=\"elementor-widget-container\">\n\t\t\t\t\t<div class=\"widget widget_call\"><div class=\"widget-call\"><h4 class=\"box-title\">Need help?<\/h4><p class=\"box_text\">Specialized legal support when you need it most.<\/p><div class=\"widget_call\"><div class=\"info-box\"><div class=\"info-box_icon\"><i class=\"fa-brands fa-whatsapp\"><\/i><\/div><div><span class=\"info-box_subtitle\">Contact<\/span><p class=\"info-box_text\"><a href=\"https:\/\/wa.me\/4915566359635?text=Ol%C3%A1%2C%20preciso%20de%20assessoria%20jur%C3%ADdica%20para%20avaliar%20minha%20situa%C3%A7%C3%A3o%20e%20obter%20esclarecimentos%20sobre%3A\" class=\"info-box_link\">+49 15566 359635<\/a>\n<\/p><\/div><\/div><div class=\"info-box\"><div class=\"info-box_icon\"><i class=\"fas fa-envelope\"><\/i><\/div><div><span class=\"info-box_subtitle\">E-mail<\/span><p class=\"info-box_text\"><a href=\"mailto:info@koellnadvogada.com\" class=\"info-box_link\">info@koellnadvogada.com<\/a>\n<\/p><\/div><\/div><\/div><\/div><\/div>\t\t\t\t<\/div>\n\t\t\t\t<\/div>\n\t\t\t\t<\/div>\n\t\t\t\t\t<\/div>\n\t\t\t\t<\/div>\n\t\t\t\t<\/div>","protected":false},"excerpt":{"rendered":"<p>Direito Sucess\u00f3rio e Heran\u00e7as Assessoria jur\u00eddica especializada em mat\u00e9rias sucess\u00f3rias, com atua\u00e7\u00e3o em heran\u00e7as internacionais, partilha de bens e organiza\u00e7\u00e3o patrimonial envolvendo diferentes jurisdi\u00e7\u00f5es. An\u00e1lise estrat\u00e9gica da legisla\u00e7\u00e3o aplic\u00e1vel, considerando conflitos de leis, domic\u00edlio das partes, localiza\u00e7\u00e3o dos bens e impactos transnacionais. Orienta\u00e7\u00e3o na estrutura\u00e7\u00e3o de planejamento sucess\u00f3rio, com foco na prote\u00e7\u00e3o do patrim\u00f4nio, na&#8230;<\/p>","protected":false},"author":1,"featured_media":0,"parent":0,"menu_order":0,"comment_status":"closed","ping_status":"closed","template":"","meta":{"footnotes":""},"class_list":["post-5350","page","type-page","status-publish","hentry"],"_links":{"self":[{"href":"https:\/\/koellnadvogada.com\/en\/wp-json\/wp\/v2\/pages\/5350","targetHints":{"allow":["GET"]}}],"collection":[{"href":"https:\/\/koellnadvogada.com\/en\/wp-json\/wp\/v2\/pages"}],"about":[{"href":"https:\/\/koellnadvogada.com\/en\/wp-json\/wp\/v2\/types\/page"}],"author":[{"embeddable":true,"href":"https:\/\/koellnadvogada.com\/en\/wp-json\/wp\/v2\/users\/1"}],"replies":[{"embeddable":true,"href":"https:\/\/koellnadvogada.com\/en\/wp-json\/wp\/v2\/comments?post=5350"}],"version-history":[{"count":7,"href":"https:\/\/koellnadvogada.com\/en\/wp-json\/wp\/v2\/pages\/5350\/revisions"}],"predecessor-version":[{"id":6331,"href":"https:\/\/koellnadvogada.com\/en\/wp-json\/wp\/v2\/pages\/5350\/revisions\/6331"}],"wp:attachment":[{"href":"https:\/\/koellnadvogada.com\/en\/wp-json\/wp\/v2\/media?parent=5350"}],"curies":[{"name":"wp","href":"https:\/\/api.w.org\/{rel}","templated":true}]}}