{"id":5348,"date":"2026-02-10T19:54:29","date_gmt":"2026-02-10T19:54:29","guid":{"rendered":"https:\/\/koellnadvogada.com\/?page_id=5348"},"modified":"2026-03-02T11:24:36","modified_gmt":"2026-03-02T11:24:36","slug":"direito-de-familia-internacional","status":"publish","type":"page","link":"https:\/\/koellnadvogada.com\/en\/direito-de-familia-internacional\/","title":{"rendered":"International Family Law"},"content":{"rendered":"<div data-elementor-type=\"wp-page\" data-elementor-id=\"5348\" class=\"elementor elementor-5348\" data-elementor-post-type=\"page\">\n\t\t\t\t<div class=\"elementor-element elementor-element-5962671 e-flex e-con-boxed e-con e-parent\" data-id=\"5962671\" data-element_type=\"container\" data-e-type=\"container\">\n\t\t\t\t\t<div class=\"e-con-inner\">\n\t\t<div class=\"elementor-element elementor-element-005b30e e-con-full e-flex e-con e-child\" data-id=\"005b30e\" data-element_type=\"container\" data-e-type=\"container\">\n\t\t\t\t<div class=\"elementor-element elementor-element-8327c64 elementor-widget elementor-widget-image\" data-id=\"8327c64\" data-element_type=\"widget\" data-e-type=\"widget\" data-widget_type=\"image.default\">\n\t\t\t\t\t\t\t\t\t\t\t\t\t\t\t<img decoding=\"async\" src=\"https:\/\/koellnadvogada.com\/wp-content\/uploads\/elementor\/thumbs\/imagem-assessoria-familia-internacional-rif74yfashecdh18btf5d1lntdrlqxitn48162tscs.png\" title=\"image-advisory-family-international\" alt=\"imagem-assessoria-fami\u0301lia-internacional\" loading=\"lazy\" \/>\t\t\t\t\t\t\t\t\t\t\t\t\t\t\t<\/div>\n\t\t\t\t<div class=\"elementor-element elementor-element-4e172c6 elementor-widget elementor-widget-heading\" data-id=\"4e172c6\" data-element_type=\"widget\" data-e-type=\"widget\" data-widget_type=\"heading.default\">\n\t\t\t\t\t<h2 class=\"elementor-heading-title elementor-size-default\">International Family Law<\/h2>\t\t\t\t<\/div>\n\t\t\r\n\t\t<div class=\"elementor-element elementor-element-5d2612a elementor-widget elementor-widget-text-editor\" data-id=\"5d2612a\" data-element_type=\"widget\" data-e-type=\"widget\" data-widget_type=\"text-editor.default\">\n\t\t\t\t\t\t\t\t\t<p class=\"p1\">Legal advice specializing in family law cases with international elements, especially involving Germany, Brazil and Portugal. Acting in international divorce proceedings, definition and review of alimony, custody, cohabitation rights and regulation of parental responsibilities, always considering the particularities of each jurisdiction involved.<\/p><p class=\"p1\">Strategic guidance in defining the property regime, property division and legal organization of transnational family relationships, with careful analysis of the legal implications in different countries. Acting in the homologation and recognition of foreign decisions, guaranteeing validity and legal effectiveness in the competent territory.<\/p><p class=\"p1\">Technical and personalized support at all stages of the process, with a sensitive and structured approach, aimed at protecting the rights involved and the legal certainty of family decisions in an international context.<\/p>\t\t\t\t\t\t\t\t<\/div>\n\t\t\t\t<\/div>\n\t\t<div class=\"elementor-element elementor-element-e9583fd e-con-full e-flex e-con e-child\" data-id=\"e9583fd\" data-element_type=\"container\" data-e-type=\"container\">\n\t\t\t\t<div class=\"elementor-element elementor-element-3558411 elementor-widget elementor-widget-ensafservicelist\" data-id=\"3558411\" data-element_type=\"widget\" data-e-type=\"widget\" data-widget_type=\"ensafservicelist.default\">\n\t\t\t\t<div class=\"elementor-widget-container\">\n\t\t\t\t\t<div class=\"widget widget_categories\"><h3 class=\"widget_title\">Our Services<\/h3><ul><li><a href=\"https:\/\/koellnadvogada.com\/en\/direito-de-familia-internacional\/\">International Family Law<\/a><span><i class=\"fa-sharp fa-light fa-arrow-right\"><\/i><\/span><\/li><li><a href=\"https:\/\/koellnadvogada.com\/en\/direito-migratorio-e-imigracao\/\">Immigration Law<\/a><span><i class=\"fa-sharp fa-light fa-arrow-right\"><\/i><\/span><\/li><li><a href=\"https:\/\/koellnadvogada.com\/en\/direito-civil-empresarial\/\">Civil Law (Business)<\/a><span><i class=\"fa-sharp fa-light fa-arrow-right\"><\/i><\/span><\/li><li><a href=\"https:\/\/koellnadvogada.com\/en\/direito-sucessorio-e-herancas\/\">Succession Law and Inheritance<\/a><span><i class=\"fa-sharp fa-light fa-arrow-right\"><\/i><\/span><\/li><li><a href=\"https:\/\/koellnadvogada.com\/en\/reconhecimento-de-decisoes-estrangeiras\/\">Recognition of Foreign Judgments<\/a><span><i class=\"fa-sharp fa-light fa-arrow-right\"><\/i><\/span><\/li><li><a href=\"https:\/\/koellnadvogada.com\/en\/direito-penal\/\">Criminal Law<\/a><span><i class=\"fa-sharp fa-light fa-arrow-right\"><\/i><\/span><\/li><\/ul><\/div>\t\t\t\t<\/div>\n\t\t\t\t<\/div>\n\t\t\t\t<div class=\"elementor-element elementor-element-db9d7cf elementor-widget elementor-widget-ensafcontactinfo\" data-id=\"db9d7cf\" data-element_type=\"widget\" data-e-type=\"widget\" data-widget_type=\"ensafcontactinfo.default\">\n\t\t\t\t<div class=\"elementor-widget-container\">\n\t\t\t\t\t<div class=\"widget widget_call\"><div class=\"widget-call\"><h4 class=\"box-title\">Need help?<\/h4><p class=\"box_text\">Specialized legal support when you need it most.<\/p><div class=\"widget_call\"><div class=\"info-box\"><div class=\"info-box_icon\"><i class=\"fa-brands fa-whatsapp\"><\/i><\/div><div><span class=\"info-box_subtitle\">Contact<\/span><p class=\"info-box_text\"><a href=\"https:\/\/wa.me\/4915566359635?text=Ol%C3%A1%2C%20preciso%20de%20assessoria%20jur%C3%ADdica%20para%20avaliar%20minha%20situa%C3%A7%C3%A3o%20e%20obter%20esclarecimentos%20sobre%3A\" class=\"info-box_link\">+49 15566 359635<\/a>\n<\/p><\/div><\/div><div class=\"info-box\"><div class=\"info-box_icon\"><i class=\"fas fa-envelope\"><\/i><\/div><div><span class=\"info-box_subtitle\">E-mail<\/span><p class=\"info-box_text\"><a href=\"mailto:info@koellnadvogada.com\" class=\"info-box_link\">info@koellnadvogada.com<\/a>\n<\/p><\/div><\/div><\/div><\/div><\/div>\t\t\t\t<\/div>\n\t\t\t\t<\/div>\n\t\t\t\t<\/div>\n\t\t\t\t\t<\/div>\n\t\t\t\t<\/div>\n\t\t\t\t<\/div>","protected":false},"excerpt":{"rendered":"<p>Direito de Fam\u00edlia Internacional Assessoria jur\u00eddica especializada em casos de Direito de Fam\u00edlia com elementos internacionais, envolvendo especialmente Alemanha, Brasil e Portugal. Atua\u00e7\u00e3o em processos de div\u00f3rcio internacional, defini\u00e7\u00e3o e revis\u00e3o de pens\u00e3o aliment\u00edcia, guarda, direito de conviv\u00eancia e regulamenta\u00e7\u00e3o de responsabilidades parentais, sempre considerando as particularidades de cada jurisdi\u00e7\u00e3o envolvida. Orienta\u00e7\u00e3o estrat\u00e9gica na defini\u00e7\u00e3o&#8230;<\/p>","protected":false},"author":1,"featured_media":0,"parent":0,"menu_order":0,"comment_status":"closed","ping_status":"closed","template":"","meta":{"footnotes":""},"class_list":["post-5348","page","type-page","status-publish","hentry"],"_links":{"self":[{"href":"https:\/\/koellnadvogada.com\/en\/wp-json\/wp\/v2\/pages\/5348","targetHints":{"allow":["GET"]}}],"collection":[{"href":"https:\/\/koellnadvogada.com\/en\/wp-json\/wp\/v2\/pages"}],"about":[{"href":"https:\/\/koellnadvogada.com\/en\/wp-json\/wp\/v2\/types\/page"}],"author":[{"embeddable":true,"href":"https:\/\/koellnadvogada.com\/en\/wp-json\/wp\/v2\/users\/1"}],"replies":[{"embeddable":true,"href":"https:\/\/koellnadvogada.com\/en\/wp-json\/wp\/v2\/comments?post=5348"}],"version-history":[{"count":7,"href":"https:\/\/koellnadvogada.com\/en\/wp-json\/wp\/v2\/pages\/5348\/revisions"}],"predecessor-version":[{"id":6325,"href":"https:\/\/koellnadvogada.com\/en\/wp-json\/wp\/v2\/pages\/5348\/revisions\/6325"}],"wp:attachment":[{"href":"https:\/\/koellnadvogada.com\/en\/wp-json\/wp\/v2\/media?parent=5348"}],"curies":[{"name":"wp","href":"https:\/\/api.w.org\/{rel}","templated":true}]}}