{"id":50,"date":"2024-12-17T05:23:10","date_gmt":"2024-12-17T05:23:10","guid":{"rendered":"https:\/\/wordpress.themeholy.com\/ensaf\/?page_id=50"},"modified":"2026-02-26T20:41:11","modified_gmt":"2026-02-26T20:41:11","slug":"contato","status":"publish","type":"page","link":"https:\/\/koellnadvogada.com\/en\/contato\/","title":{"rendered":"Contact"},"content":{"rendered":"<div data-elementor-type=\"wp-page\" data-elementor-id=\"50\" class=\"elementor elementor-50\" data-elementor-post-type=\"page\">\n\t\t\t\t<div class=\"elementor-element elementor-element-533a157 e-flex e-con-boxed e-con e-parent\" data-id=\"533a157\" data-element_type=\"container\" data-e-type=\"container\">\n\t\t\t\t\t<div class=\"e-con-inner\">\n\t\t\t\t<div class=\"elementor-element elementor-element-418e923 elementor-hidden-desktop elementor-widget elementor-widget-image\" data-id=\"418e923\" data-element_type=\"widget\" data-e-type=\"widget\" data-widget_type=\"image.default\">\n\t\t\t\t\t\t\t\t\t\t\t\t\t\t\t<img fetchpriority=\"high\" decoding=\"async\" width=\"751\" height=\"420\" src=\"https:\/\/koellnadvogada.com\/wp-content\/uploads\/2026\/02\/profile-woman-entre-em-contato-v2-mobile-1024x573.png\" class=\"attachment-large size-large wp-image-6198\" alt=\"\" srcset=\"https:\/\/koellnadvogada.com\/wp-content\/uploads\/2026\/02\/profile-woman-entre-em-contato-v2-mobile-1024x573.png 1024w, https:\/\/koellnadvogada.com\/wp-content\/uploads\/2026\/02\/profile-woman-entre-em-contato-v2-mobile-300x168.png 300w, https:\/\/koellnadvogada.com\/wp-content\/uploads\/2026\/02\/profile-woman-entre-em-contato-v2-mobile-768x430.png 768w, https:\/\/koellnadvogada.com\/wp-content\/uploads\/2026\/02\/profile-woman-entre-em-contato-v2-mobile.png 1225w\" sizes=\"(max-width: 751px) 100vw, 751px\" \/>\t\t\t\t\t\t\t\t\t\t\t\t\t\t\t<\/div>\n\t\t\r\n\t\t<div class=\"elementor-element elementor-element-91c932c elementor-widget elementor-widget-ensafcontactform\" data-id=\"91c932c\" data-element_type=\"widget\" data-e-type=\"widget\" data-widget_type=\"ensafcontactform.default\">\n\t\t\t\t<div class=\"elementor-widget-container\">\n\t\t\t\t\t<div class=\"contact-from-1-wrap\"><div class=\"row gx-60 gy-40\"><div class=\"col-xl-6\"><div class=\"contact-form\"><div class=\"title-area mb-35\"><span class=\"sub-title justify-content-center sub\">Do you need legal advice?<\/span><h4 class=\"sec-title title\">Contact Us<\/h4><\/div><div class=\"quote-form ajax-contact\">\n<div class=\"wpcf7 no-js\" id=\"wpcf7-f4134-o1\" lang=\"en-US\" dir=\"ltr\" data-wpcf7-id=\"4134\">\n<div class=\"screen-reader-response\"><p role=\"status\" aria-live=\"polite\" aria-atomic=\"true\"><\/p> <ul><\/ul><\/div>\n<form action=\"\/en\/wp-json\/wp\/v2\/pages\/50#wpcf7-f4134-o1\" method=\"post\" class=\"wpcf7-form init\" aria-label=\"Contact form\" novalidate=\"novalidate\" data-status=\"init\" data-trp-original-action=\"\/en\/wp-json\/wp\/v2\/pages\/50#wpcf7-f4134-o1\">\n<fieldset class=\"hidden-fields-container\"><input type=\"hidden\" name=\"_wpcf7\" value=\"4134\" \/><input type=\"hidden\" name=\"_wpcf7_version\" value=\"6.1.5\" \/><input type=\"hidden\" name=\"_wpcf7_locale\" value=\"en_US\" \/><input type=\"hidden\" name=\"_wpcf7_unit_tag\" value=\"wpcf7-f4134-o1\" \/><input type=\"hidden\" name=\"_wpcf7_container_post\" value=\"0\" \/><input type=\"hidden\" name=\"_wpcf7_posted_data_hash\" value=\"\" \/><input type=\"hidden\" name=\"_wpcf7_recaptcha_response\" value=\"\" \/>\n<\/fieldset>\n<div class=\"row\">\n<div class=\"form-group col-md-12\">\n<span class=\"wpcf7-form-control-wrap\" data-name=\"text-165\"><input size=\"40\" maxlength=\"400\" class=\"wpcf7-form-control wpcf7-text wpcf7-validates-as-required form-control\" aria-required=\"true\" aria-invalid=\"false\" placeholder=\"Name\" value=\"\" type=\"text\" name=\"text-165\" \/><\/span>\n<i class=\"fas fa-user\"><\/i>\n<\/div>\n<div class=\"form-group col-md-6\">\n<span class=\"wpcf7-form-control-wrap\" data-name=\"email-166\"><input size=\"40\" maxlength=\"400\" class=\"wpcf7-form-control wpcf7-email wpcf7-validates-as-required wpcf7-text wpcf7-validates-as-email form-control\" aria-required=\"true\" aria-invalid=\"false\" placeholder=\"Email\" value=\"\" type=\"email\" name=\"email-166\" \/><\/span>\n<i class=\"fas fa-envelope\"><\/i>\n<\/div>\n<div class=\"form-group col-md-6\">\n<span class=\"wpcf7-form-control-wrap\" data-name=\"number-167\"><input class=\"wpcf7-form-control wpcf7-number wpcf7-validates-as-required wpcf7-validates-as-number form-control\" aria-required=\"true\" aria-invalid=\"false\" placeholder=\"Number\" value=\"\" type=\"number\" name=\"number-167\" \/><\/span>\n<i class=\"fas fa-phone\"><\/i>\n<\/div>\n<div class=\"form-group col-12\">\n<span class=\"wpcf7-form-control-wrap\" data-name=\"textarea-168\"><textarea cols=\"40\" rows=\"10\" maxlength=\"2000\" class=\"wpcf7-form-control wpcf7-textarea wpcf7-validates-as-required form-control\" aria-required=\"true\" aria-invalid=\"false\" placeholder=\"Briefly describe your situation and the topic you wish to discuss. The clearer you are, the better we can assist you.\" name=\"textarea-168\"><\/textarea><\/span>\n<i class=\"fas fa-pencil\"><\/i>\n<\/div>\n<div class=\"form-btn col-12 mt-2\">\n<button class=\"th-btn bg-theme w-100\">Send Message <i class=\"fa-regular fa-arrow-right-long\"><\/i><\/button>\n<\/div>\n<\/div>\n<p class=\"form-messages mb-0 mt-3\"><\/p><div class=\"wpcf7-response-output\" aria-hidden=\"true\"><\/div>\n<input type=\"hidden\" name=\"trp-form-language\" value=\"en\"\/><\/form>\n<\/div>\n<\/div><\/div><\/div><div class=\"col-xl-6 shape-mockup-wrap\"><div class=\"contact-icon-box-wrap\"><div class=\"info-box\"><div class=\"info-box_icon\"><i class=\"fa-regular fa-calendar\"><\/i><\/div><div class=\"info-contnt\"><h4 class=\"footer-info-title\">Customer service<\/h4><p class=\"info-box_text\">Legal consultations by appointment only.<\/p><\/div><\/div><div class=\"info-box\"><div class=\"info-box_icon\"><i class=\"fa-brands fa-whatsapp\"><\/i><\/div><div class=\"info-contnt\"><h4 class=\"footer-info-title\">Contact<\/h4><p class=\"info-box_text\"><a href=\"https:\/\/wa.me\/4915566359635?text=Ol%C3%A1%2C%20preciso%20de%20assessoria%20jur%C3%ADdica%20para%20avaliar%20minha%20situa%C3%A7%C3%A3o%20e%20obter%20esclarecimentos%20sobre%3A\" class=\"info-box_link\">+49 15566 359635<\/a>\n<\/p><\/div><\/div><div class=\"info-box\"><div class=\"info-box_icon\"><i class=\"fa-regular fa-envelope\"><\/i><\/div><div class=\"info-contnt\"><h4 class=\"footer-info-title\">Email<\/h4><p class=\"info-box_text\"><a href=\"mailto:info@koellnadvogada.com\" class=\"info-box_link\">info@koellnadvogada.com<\/a><\/p><\/div><\/div><\/div><div class=\"contact-img\"><img decoding=\"async\" src=\"https:\/\/koellnadvogada.com\/wp-content\/uploads\/2026\/02\/bg-profile-woman-entre-em-contato-v2.png\" alt=\"bg profile woman entre em contato v2\"  \/><\/div><div class=\"shape-mockup contact_1-man\"><img decoding=\"async\" src=\"https:\/\/koellnadvogada.com\/wp-content\/uploads\/2026\/02\/profile-woman-entre-em-contato-v5.png\" alt=\"profile woman entre em contato v5\"  \/><\/div><\/div><\/div><\/div>\t\t\t\t<\/div>\n\t\t\t\t<\/div>\n\t\t\t\t\t<\/div>\n\t\t\t\t<\/div>\n\t\t\t\t<\/div>","protected":false},"excerpt":{"rendered":"<p>Precisa de orienta\u00e7\u00e3o jur\u00eddica? Entre em Contato Conosco Enviar Mensagem Atendimento Consultas jur\u00eddicas realizadas mediante agendamento pr\u00e9vio. Contato +49 15566 359635 Email info@koellnadvogada.com<\/p>","protected":false},"author":1,"featured_media":0,"parent":0,"menu_order":0,"comment_status":"closed","ping_status":"closed","template":"template-builder.php","meta":{"footnotes":""},"class_list":["post-50","page","type-page","status-publish","hentry"],"_links":{"self":[{"href":"https:\/\/koellnadvogada.com\/en\/wp-json\/wp\/v2\/pages\/50","targetHints":{"allow":["GET"]}}],"collection":[{"href":"https:\/\/koellnadvogada.com\/en\/wp-json\/wp\/v2\/pages"}],"about":[{"href":"https:\/\/koellnadvogada.com\/en\/wp-json\/wp\/v2\/types\/page"}],"author":[{"embeddable":true,"href":"https:\/\/koellnadvogada.com\/en\/wp-json\/wp\/v2\/users\/1"}],"replies":[{"embeddable":true,"href":"https:\/\/koellnadvogada.com\/en\/wp-json\/wp\/v2\/comments?post=50"}],"version-history":[{"count":5,"href":"https:\/\/koellnadvogada.com\/en\/wp-json\/wp\/v2\/pages\/50\/revisions"}],"predecessor-version":[{"id":6975,"href":"https:\/\/koellnadvogada.com\/en\/wp-json\/wp\/v2\/pages\/50\/revisions\/6975"}],"wp:attachment":[{"href":"https:\/\/koellnadvogada.com\/en\/wp-json\/wp\/v2\/media?parent=50"}],"curies":[{"name":"wp","href":"https:\/\/api.w.org\/{rel}","templated":true}]}}