{"id":6754,"date":"2026-04-03T14:52:22","date_gmt":"2026-04-03T14:52:22","guid":{"rendered":"https:\/\/koellnadvogada.com\/?page_id=6754"},"modified":"2026-04-03T14:57:16","modified_gmt":"2026-04-03T14:57:16","slug":"impressum","status":"publish","type":"page","link":"https:\/\/koellnadvogada.com\/de\/impressum\/","title":{"rendered":"Impressum"},"content":{"rendered":"<div data-elementor-type=\"wp-page\" data-elementor-id=\"6754\" class=\"elementor elementor-6754\" data-elementor-post-type=\"page\">\n\t\t\t\t<div class=\"elementor-element elementor-element-4f082f6 e-flex e-con-boxed e-con e-parent\" data-id=\"4f082f6\" data-element_type=\"container\" data-e-type=\"container\">\n\t\t\t\t\t<div class=\"e-con-inner\">\n\t\t<div class=\"elementor-element elementor-element-2449089 e-con-full e-flex e-con e-child\" data-id=\"2449089\" data-element_type=\"container\" data-e-type=\"container\">\n\t\t\t\t<div class=\"elementor-element elementor-element-6cb82b6 elementor-widget elementor-widget-image\" data-id=\"6cb82b6\" data-element_type=\"widget\" data-e-type=\"widget\" data-widget_type=\"image.default\">\n\t\t\t\t\t\t\t\t\t\t\t\t\t\t\t<img decoding=\"async\" src=\"https:\/\/koellnadvogada.com\/wp-content\/uploads\/elementor\/thumbs\/impressum-cover-page-rlgv7l90lxirwacw92d85dgsd7ynl7ad4fuzjibi6k.jpeg\" title=\"Impressum-Titelseite\" alt=\"impressum-cover-page\" loading=\"lazy\" \/>\t\t\t\t\t\t\t\t\t\t\t\t\t\t\t<\/div>\n\t\t\t\t<div class=\"elementor-element elementor-element-db55b95 elementor-widget elementor-widget-heading\" data-id=\"db55b95\" data-element_type=\"widget\" data-e-type=\"widget\" data-widget_type=\"heading.default\">\n\t\t\t\t\t<h2 class=\"elementor-heading-title elementor-size-default\">Impressum<\/h2>\t\t\t\t<\/div>\n\t\t\r\n\t\t<div class=\"elementor-element elementor-element-92d3703 elementor-widget elementor-widget-text-editor\" data-id=\"92d3703\" data-element_type=\"widget\" data-e-type=\"widget\" data-widget_type=\"text-editor.default\">\n\t\t\t\t\t\t\t\t\t<p><strong>Sandra Helena Koelln<\/strong><br \/>Rechtsanw\u00e4ltin und Advogada<br \/>Eichelh\u00e4herstra\u00dfe 46<br \/>81249 M\u00fcnchen<br \/>Telefon: +49 89 4113 0903<br \/>E-Mail: sandra@koellnadvogada.com<br \/>Steuernummer: 89 534 227 015<\/p>\t\t\t\t\t\t\t\t<\/div>\n\t\t\t\t<\/div>\n\t\t<div class=\"elementor-element elementor-element-5d3a113 e-con-full e-flex e-con e-child\" data-id=\"5d3a113\" data-element_type=\"container\" data-e-type=\"container\">\n\t\t\t\t<div class=\"elementor-element elementor-element-22d5c90 elementor-widget elementor-widget-ensafcontactinfo\" data-id=\"22d5c90\" data-element_type=\"widget\" data-e-type=\"widget\" data-widget_type=\"ensafcontactinfo.default\">\n\t\t\t\t<div class=\"elementor-widget-container\">\n\t\t\t\t\t<div class=\"widget widget_call\"><div class=\"widget-call\"><h4 class=\"box-title\">Ben\u00f6tigen Sie Hilfe?<\/h4><p class=\"box_text\">Spezialisierte Rechtsberatung zur sicheren F\u00fchrung.<\/p><div class=\"widget_call\"><div class=\"info-box\"><div class=\"info-box_icon\"><i class=\"fa-brands fa-whatsapp\"><\/i><\/div><div><span class=\"info-box_subtitle\">Erz\u00e4hlen Sie uns:<\/span><p class=\"info-box_text\"><!-- WhatsApp -->\n<a href=\"https:\/\/wa.me\/4915566359635?text=Ol\u00e1,%20preciso%20de%20assessoria%20jur\u00eddica...\" target=\"_blank\">\n  WhatsApp\n<\/a>\n<\/p><\/div><\/div><div class=\"info-box\"><div class=\"info-box_icon\"><i class=\"fas fa-envelope\"><\/i><\/div><div><span class=\"info-box_subtitle\">E-Mail<\/span><p class=\"info-box_text\"><a href=\"mailto:info@koellnadvogada.com\" class=\"info-box_link\">info@koellnadvogada.com<\/a>\n<\/p><\/div><\/div><\/div><\/div><\/div>\t\t\t\t<\/div>\n\t\t\t\t<\/div>\n\t\t\t\t<div class=\"elementor-element elementor-element-49249f2 elementor-hidden-mobile elementor-widget elementor-widget-ensafservicelist\" data-id=\"49249f2\" data-element_type=\"widget\" data-e-type=\"widget\" data-widget_type=\"ensafservicelist.default\">\n\t\t\t\t<div class=\"elementor-widget-container\">\n\t\t\t\t\t<div class=\"widget widget_categories\"><h3 class=\"widget_title\">T\u00e4tigkeitsbereiche<\/h3><ul><li><a href=\"https:\/\/koellnadvogada.com\/de\/cidadania\/\">Staatsb\u00fcrgerschaft<\/a><span><i class=\"fa-sharp fa-light fa-arrow-right\"><\/i><\/span><\/li><li><a href=\"https:\/\/koellnadvogada.com\/de\/cidadania-alema\/\">Internationales Familienrecht<\/a><span><i class=\"fa-sharp fa-light fa-arrow-right\"><\/i><\/span><\/li><li><a href=\"https:\/\/koellnadvogada.com\/de\/cidadania-portuguesa\/\">Einwanderungsrecht und Migration<\/a><span><i class=\"fa-sharp fa-light fa-arrow-right\"><\/i><\/span><\/li><li><a href=\"https:\/\/koellnadvogada.com\/de\/cidadania-italiana\/\">Zivilrecht (Wirtschaftsrecht)<\/a><span><i class=\"fa-sharp fa-light fa-arrow-right\"><\/i><\/span><\/li><li><a href=\"https:\/\/koellnadvogada.com\/de\/cidadania-espanhola\/\">Erbrecht und Erbschaften<\/a><span><i class=\"fa-sharp fa-light fa-arrow-right\"><\/i><\/span><\/li><li><a href=\"https:\/\/koellnadvogada.com\/de\/reconhecimento-de-decisoes-estrangeiras\/\">Anerkennung ausl\u00e4ndischer Entscheidungen<\/a><span><i class=\"fa-sharp fa-light fa-arrow-right\"><\/i><\/span><\/li><li><a href=\"https:\/\/koellnadvogada.com\/de\/direito-penal\/\">Strafrecht<\/a><span><i class=\"fa-sharp fa-light fa-arrow-right\"><\/i><\/span><\/li><\/ul><\/div>\t\t\t\t<\/div>\n\t\t\t\t<\/div>\n\t\t\t\t<\/div>\n\t\t\t\t\t<\/div>\n\t\t\t\t<\/div>\n\t\t\t\t<\/div>","protected":false},"excerpt":{"rendered":"<p>Impressum Sandra Helena KoellnRechtsanw\u00e4ltin und AdvogadaEichelh\u00e4herstr. 4681249 M\u00fcnchenPhone: +49 89 4113\u200b 0903E-Mail: sandra@koellnadvogada.comSteuernummer: 89\u200b 534 \u200b227 \u200b015 Servi\u00e7os Cidadania Direito de Fam\u00edlia Internacional Direito Migrat\u00f3rio e Imigra\u00e7\u00e3o Direito Civil (Empresarial) Direito Sucess\u00f3rio e Heran\u00e7as Reconhecimento de Decis\u00f5es Estrangeiras Direito Penal Precisa de Ajuda? Suporte jur\u00eddico especializado quando voc\u00ea mais precisa. Contato +49 15566 359635 E-mail&#8230;<\/p>","protected":false},"author":1,"featured_media":0,"parent":0,"menu_order":0,"comment_status":"closed","ping_status":"closed","template":"","meta":{"footnotes":""},"class_list":["post-6754","page","type-page","status-publish","hentry"],"_links":{"self":[{"href":"https:\/\/koellnadvogada.com\/de\/wp-json\/wp\/v2\/pages\/6754","targetHints":{"allow":["GET"]}}],"collection":[{"href":"https:\/\/koellnadvogada.com\/de\/wp-json\/wp\/v2\/pages"}],"about":[{"href":"https:\/\/koellnadvogada.com\/de\/wp-json\/wp\/v2\/types\/page"}],"author":[{"embeddable":true,"href":"https:\/\/koellnadvogada.com\/de\/wp-json\/wp\/v2\/users\/1"}],"replies":[{"embeddable":true,"href":"https:\/\/koellnadvogada.com\/de\/wp-json\/wp\/v2\/comments?post=6754"}],"version-history":[{"count":10,"href":"https:\/\/koellnadvogada.com\/de\/wp-json\/wp\/v2\/pages\/6754\/revisions"}],"predecessor-version":[{"id":7172,"href":"https:\/\/koellnadvogada.com\/de\/wp-json\/wp\/v2\/pages\/6754\/revisions\/7172"}],"wp:attachment":[{"href":"https:\/\/koellnadvogada.com\/de\/wp-json\/wp\/v2\/media?parent=6754"}],"curies":[{"name":"wp","href":"https:\/\/api.w.org\/{rel}","templated":true}]}}