{"id":6433,"date":"2026-03-25T16:30:36","date_gmt":"2026-03-25T16:30:36","guid":{"rendered":"https:\/\/aquamarine-lemur-517961.hostingersite.com\/?page_id=6433"},"modified":"2026-04-05T22:53:48","modified_gmt":"2026-04-05T22:53:48","slug":"cidadania-espanhola","status":"publish","type":"page","link":"https:\/\/koellnadvogada.com\/de\/cidadania-espanhola\/","title":{"rendered":"Spanische Staatsb\u00fcrgerschaft"},"content":{"rendered":"<div data-elementor-type=\"wp-page\" data-elementor-id=\"6433\" class=\"elementor elementor-6433\" data-elementor-post-type=\"page\">\n\t\t\t\t<div class=\"elementor-element elementor-element-5850384 e-flex e-con-boxed e-con e-parent\" data-id=\"5850384\" data-element_type=\"container\" data-e-type=\"container\">\n\t\t\t\t\t<div class=\"e-con-inner\">\n\t\t<div class=\"elementor-element elementor-element-d279cea e-con-full e-flex e-con e-child\" data-id=\"d279cea\" data-element_type=\"container\" data-e-type=\"container\">\n\t\t\t\t<div class=\"elementor-element elementor-element-3bb57e7 elementor-widget elementor-widget-image\" data-id=\"3bb57e7\" data-element_type=\"widget\" data-e-type=\"widget\" data-widget_type=\"image.default\">\n\t\t\t\t\t\t\t\t\t\t\t\t\t\t\t<img decoding=\"async\" src=\"https:\/\/koellnadvogada.com\/wp-content\/uploads\/elementor\/thumbs\/Spanish_citizenship_law_202603251437-rl141dvipujdpkxu86myau4o9ap1bufh7pjmaklfpo.jpeg\" title=\"Spanish_citizenship_law_202603251437\" alt=\"Spanish_citizenship_law_202603251437\" loading=\"lazy\" \/>\t\t\t\t\t\t\t\t\t\t\t\t\t\t\t<\/div>\n\t\t\t\t<div class=\"elementor-element elementor-element-206ceba elementor-widget elementor-widget-heading\" data-id=\"206ceba\" data-element_type=\"widget\" data-e-type=\"widget\" data-widget_type=\"heading.default\">\n\t\t\t\t\t<h2 class=\"elementor-heading-title elementor-size-default\">Spanische Staatsb\u00fcrgerschaft: Recht der demokratischen Erinnerung und Abstammung<\/h2>\t\t\t\t<\/div>\n\t\t\r\n\t\t<div class=\"elementor-element elementor-element-56ab171 elementor-widget elementor-widget-text-editor\" data-id=\"56ab171\" data-element_type=\"widget\" data-e-type=\"widget\" data-widget_type=\"text-editor.default\">\n\t\t\t\t\t\t\t\t\t<p>Spanien bietet verschiedene Wege zur Staatsb\u00fcrgerschaft f\u00fcr Nachkommen von Spaniern und f\u00fcr Ausl\u00e4nder mit historischen Verbindungen zum Land. Das Gesetz zur demokratischen Erinnerung (Gesetz 20\/2022), das seit Oktober 2022 in Kraft ist, hat den Zugang zur spanischen Staatsb\u00fcrgerschaft f\u00fcr Nachkommen von Exilanten und Emigranten erheblich erweitert.<\/p><p>Das B\u00fcro Sandra Koelln bietet rechtliche Beratung und Begleitung f\u00fcr spanische Einb\u00fcrgerungsverfahren an, mit Betreuung in Portugiesisch, Deutsch und Englisch.<\/p><h3>Gesetz \u00fcber das demokratische Ged\u00e4chtnis (Gesetz 20\/2022)<\/h3><p>A <strong>Gesetz zur Erinnerung an die Demokratie<\/strong> gew\u00e4hrt das Recht auf die spanische Staatsb\u00fcrgerschaft f\u00fcr Nachkommen von Spaniern, die w\u00e4hrend des B\u00fcrgerkriegs und der Franco-Diktatur ausgewandert sind oder ins Exil gegangen sind. Die Hauptbeg\u00fcnstigten sind:<\/p><ul><li><strong>Kinder und Enkelkinder <\/strong>spanischer Herkunft, im Ausland geboren<\/li><li><strong>Kinder von M\u00fcttern <\/strong>die ihre spanische Staatsb\u00fcrgerschaft durch Heirat mit Ausl\u00e4ndern verloren haben (fr\u00fchere diskriminierende Gesetzgebung)<\/li><li><strong>Kinder und Enkelkinder von Exilanten <\/strong>die ihre spanische Staatsb\u00fcrgerschaft verloren haben oder aus politischen Gr\u00fcnden auf sie verzichten mussten<\/li><\/ul><p><strong>Achtung: <\/strong>Die Frist f\u00fcr die Beantragung der Staatsb\u00fcrgerschaft nach diesem Gesetz ist begrenzt. Es wird empfohlen, den Prozess so bald wie m\u00f6glich einzuleiten, um das Recht nicht zu verlieren.<\/p><h3>Andere Wege zur spanischen Staatsb\u00fcrgerschaft<\/h3><h5>Durch Abstammung (Option)<\/h5><p>Im Ausland geborene Personen, deren Vater oder Mutter Spanierin war, k\u00f6nnen das Recht aus\u00fcben, sich f\u00fcr die spanische Staatsangeh\u00f6rigkeit zu entscheiden. Dieses Recht muss innerhalb bestimmter gesetzlicher Fristen ausge\u00fcbt werden.<\/p><h5>Nach Wohnsitz<\/h5><p>Ausl\u00e4nder, die sich rechtm\u00e4\u00dfig in Spanien aufhalten, k\u00f6nnen nach 10 Jahren ununterbrochenen Aufenthalts einen Antrag auf Einb\u00fcrgerung stellen. F\u00fcr Staatsangeh\u00f6rige der iberoamerikanischen L\u00e4nder (einschlie\u00dflich Brasilien), Portugals, Andorras, der Philippinen und \u00c4quatorialguineas sowie f\u00fcr Nachkommen sephardischer Juden verk\u00fcrzt sich diese Frist auf 2 Jahre.<\/p><h5>Durch Hochzeit<\/h5><p>Ehepartner von spanischen Staatsb\u00fcrgern k\u00f6nnen nach 1 Jahr legalen Aufenthalts in Spanien die Staatsb\u00fcrgerschaft beantragen, sofern sie seit mindestens 1 Jahr verheiratet sind.<\/p><h3>Erforderliche Dokumentation<\/h3><ul><li>Geburts-, Heirats- und Sterbeurkunden des Antragstellers und seiner spanischen Verwandten in aufsteigender Linie<\/li><li>Dokumente zum Nachweis der spanischen Staatsb\u00fcrgerschaft des Vorfahren (DNI, Reisepass, konsularische Immatrikulationsbescheinigung)<\/li><li>F\u00fcr das Gesetz \u00fcber das demokratische Gedenken: Unterlagen, die das Exil oder die Emigration des Vorfahren belegen<\/li><li>Ins Spanische \u00fcbersetzte und apostillierte Dokumente (Haager Apostille)<\/li><li>Polizeiliches F\u00fchrungszeugnis<\/li><\/ul><h3>H\u00e4ufig gestellte Fragen zur spanischen Staatsb\u00fcrgerschaft<\/h3><h5>Gilt das Gesetz \u00fcber das demokratische Ged\u00e4chtnis noch?<\/h5><p>Das Gesetz wurde im Oktober 2022 verabschiedet und enth\u00e4lt eine spezifische Umsetzungsfrist f\u00fcr Einb\u00fcrgerungsantr\u00e4ge. Es ist unerl\u00e4sslich, die geltenden Fristen zu pr\u00fcfen, da diese begrenzt sein k\u00f6nnen. Kontaktieren Sie unser B\u00fcro, um die Berechtigung und die f\u00fcr Ihren Fall geltende Frist zu best\u00e4tigen.<\/p><h5>Ich bin der Urenkel eines Spaniers. Habe ich das Recht dazu?<\/h5><p>Es kommt auf den Weg an. Das Gesetz zur demokratischen Erinnerung gilt haupts\u00e4chlich f\u00fcr Kinder und Enkelkinder. Bei Urenkeln sieht die Strategie in der Regel so aus, dass zuerst das Enkelkind die Staatsb\u00fcrgerschaft erwirbt und dann das Urenkelkind einen Antrag als spanisches Kind stellt. Jeder Fall muss individuell gepr\u00fcft werden.<\/p><h5>Haben Brasilianer einen Vorteil, wenn es darum geht, die spanische Staatsb\u00fcrgerschaft zu erhalten?<\/h5><p>Ja. F\u00fcr Staatsangeh\u00f6rige iberoamerikanischer L\u00e4nder, einschlie\u00dflich Brasiliens, gilt eine verk\u00fcrzte Aufenthaltsdauer f\u00fcr die Einb\u00fcrgerung: nur 2 statt 10 Jahre. Dies ist einer der am leichtesten zug\u00e4nglichen Wege f\u00fcr Brasilianer, die in Spanien leben oder leben wollen.<\/p><h5>Kann ich eine doppelte Staatsb\u00fcrgerschaft mit Spanien haben?<\/h5><p>Ja, sofern die andere Staatsangeh\u00f6rigkeit aus einem iberoamerikanischen Land (einschlie\u00dflich Brasilien) stammt. In diesen F\u00e4llen erlaubt Spanien die doppelte Staatsb\u00fcrgerschaft, ohne dass diese aufgegeben werden muss. F\u00fcr andere Staatsangeh\u00f6rigkeiten gelten andere Regeln.<\/p>\t\t\t\t\t\t\t\t<\/div>\n\t\t\t\t<\/div>\n\t\t<div class=\"elementor-element elementor-element-36b30e0 e-con-full e-flex e-con e-child\" data-id=\"36b30e0\" data-element_type=\"container\" data-e-type=\"container\">\n\t\t\t\t<div class=\"elementor-element elementor-element-a8958c5 elementor-widget elementor-widget-ensafcontactinfo\" data-id=\"a8958c5\" data-element_type=\"widget\" data-e-type=\"widget\" data-widget_type=\"ensafcontactinfo.default\">\n\t\t\t\t<div class=\"elementor-widget-container\">\n\t\t\t\t\t<div class=\"widget widget_call\"><div class=\"widget-call\"><h4 class=\"box-title\">Ben\u00f6tigen Sie Hilfe?<\/h4><p class=\"box_text\">Spezialisierte Rechtsberatung zur sicheren F\u00fchrung.<\/p><div class=\"widget_call\"><div class=\"info-box\"><div class=\"info-box_icon\"><i class=\"fa-brands fa-whatsapp\"><\/i><\/div><div><span class=\"info-box_subtitle\">Erz\u00e4hlen Sie uns:<\/span><p class=\"info-box_text\"><!-- WhatsApp -->\n<a href=\"https:\/\/wa.me\/4915566359635?text=Ol\u00e1,%20preciso%20de%20assessoria%20jur\u00eddica...\" target=\"_blank\">\n  WhatsApp\n<\/a>\n<\/p><\/div><\/div><div class=\"info-box\"><div class=\"info-box_icon\"><i class=\"fas fa-envelope\"><\/i><\/div><div><span class=\"info-box_subtitle\">E-Mail<\/span><p class=\"info-box_text\"><a href=\"mailto:info@koellnadvogada.com\" class=\"info-box_link\">info@koellnadvogada.com<\/a>\n<\/p><\/div><\/div><\/div><\/div><\/div>\t\t\t\t<\/div>\n\t\t\t\t<\/div>\n\t\t\t\t<div class=\"elementor-element elementor-element-7b56ead elementor-hidden-mobile elementor-widget elementor-widget-ensafservicelist\" data-id=\"7b56ead\" data-element_type=\"widget\" data-e-type=\"widget\" data-widget_type=\"ensafservicelist.default\">\n\t\t\t\t<div class=\"elementor-widget-container\">\n\t\t\t\t\t<div class=\"widget widget_categories\"><h3 class=\"widget_title\">Staatsb\u00fcrgerschaft<\/h3><ul><li><a href=\"https:\/\/koellnadvogada.com\/de\/cidadania-alema\/\">Deutsch<\/a><span><i class=\"fa-sharp fa-light fa-arrow-right\"><\/i><\/span><\/li><li><a href=\"https:\/\/koellnadvogada.com\/de\/cidadania-portuguesa\/\">Portugiesisch<\/a><span><i class=\"fa-sharp fa-light fa-arrow-right\"><\/i><\/span><\/li><li><a href=\"https:\/\/koellnadvogada.com\/de\/cidadania-italiana\/\">Italienisch<\/a><span><i class=\"fa-sharp fa-light fa-arrow-right\"><\/i><\/span><\/li><\/ul><\/div>\t\t\t\t<\/div>\n\t\t\t\t<\/div>\n\t\t\t\t<div class=\"elementor-element elementor-element-3ac0549 elementor-hidden-mobile elementor-widget elementor-widget-ensafservicelist\" data-id=\"3ac0549\" data-element_type=\"widget\" data-e-type=\"widget\" data-widget_type=\"ensafservicelist.default\">\n\t\t\t\t<div class=\"elementor-widget-container\">\n\t\t\t\t\t<div class=\"widget widget_categories\"><h3 class=\"widget_title\">T\u00e4tigkeitsbereiche<\/h3><ul><li><a href=\"https:\/\/koellnadvogada.com\/de\/cidadania\/\">Staatsb\u00fcrgerschaft<\/a><span><i class=\"fa-sharp fa-light fa-arrow-right\"><\/i><\/span><\/li><li><a href=\"https:\/\/koellnadvogada.com\/de\/direito-de-familia-internacional\/\">Internationales Familienrecht<\/a><span><i class=\"fa-sharp fa-light fa-arrow-right\"><\/i><\/span><\/li><li><a href=\"https:\/\/koellnadvogada.com\/de\/direito-migratorio-e-imigracao\/\">Einwanderungsrecht und Migration<\/a><span><i class=\"fa-sharp fa-light fa-arrow-right\"><\/i><\/span><\/li><li><a href=\"https:\/\/koellnadvogada.com\/de\/direito-civil\/\">Zivilrecht<\/a><span><i class=\"fa-sharp fa-light fa-arrow-right\"><\/i><\/span><\/li><li><a href=\"https:\/\/koellnadvogada.com\/de\/direito-sucessorio-e-herancas\/\">Erbrecht und Erbschaften<\/a><span><i class=\"fa-sharp fa-light fa-arrow-right\"><\/i><\/span><\/li><li><a href=\"https:\/\/koellnadvogada.com\/de\/reconhecimento-de-decisoes-estrangeiras\/\">Anerkennung ausl\u00e4ndischer Entscheidungen<\/a><span><i class=\"fa-sharp fa-light fa-arrow-right\"><\/i><\/span><\/li><li><a href=\"https:\/\/koellnadvogada.com\/de\/direito-penal\/\">Strafrecht<\/a><span><i class=\"fa-sharp fa-light fa-arrow-right\"><\/i><\/span><\/li><\/ul><\/div>\t\t\t\t<\/div>\n\t\t\t\t<\/div>\n\t\t\t\t<\/div>\n\t\t\t\t\t<\/div>\n\t\t\t\t<\/div>\n\t\t\t\t<\/div>","protected":false},"excerpt":{"rendered":"<p>Cidadania Espanhola: Lei de Mem\u00f3ria Democr\u00e1tica e Descend\u00eancia A Espanha oferece diversas vias de acesso \u00e0 cidadania para descendentes de espanhois e para estrangeiros com la\u00e7os hist\u00f3ricos com o pa\u00eds. A Lei de Mem\u00f3ria Democr\u00e1tica (Lei 20\/2022), em vigor desde outubro de 2022, ampliou significativamente o acesso \u00e0 nacionalidade espanhola para descendentes de exilados e&#8230;<\/p>","protected":false},"author":1,"featured_media":0,"parent":0,"menu_order":0,"comment_status":"closed","ping_status":"closed","template":"","meta":{"footnotes":""},"class_list":["post-6433","page","type-page","status-publish","hentry"],"_links":{"self":[{"href":"https:\/\/koellnadvogada.com\/de\/wp-json\/wp\/v2\/pages\/6433","targetHints":{"allow":["GET"]}}],"collection":[{"href":"https:\/\/koellnadvogada.com\/de\/wp-json\/wp\/v2\/pages"}],"about":[{"href":"https:\/\/koellnadvogada.com\/de\/wp-json\/wp\/v2\/types\/page"}],"author":[{"embeddable":true,"href":"https:\/\/koellnadvogada.com\/de\/wp-json\/wp\/v2\/users\/1"}],"replies":[{"embeddable":true,"href":"https:\/\/koellnadvogada.com\/de\/wp-json\/wp\/v2\/comments?post=6433"}],"version-history":[{"count":25,"href":"https:\/\/koellnadvogada.com\/de\/wp-json\/wp\/v2\/pages\/6433\/revisions"}],"predecessor-version":[{"id":7132,"href":"https:\/\/koellnadvogada.com\/de\/wp-json\/wp\/v2\/pages\/6433\/revisions\/7132"}],"wp:attachment":[{"href":"https:\/\/koellnadvogada.com\/de\/wp-json\/wp\/v2\/media?parent=6433"}],"curies":[{"name":"wp","href":"https:\/\/api.w.org\/{rel}","templated":true}]}}