{"id":6382,"date":"2026-03-25T13:01:07","date_gmt":"2026-03-25T13:01:07","guid":{"rendered":"https:\/\/aquamarine-lemur-517961.hostingersite.com\/?page_id=6382"},"modified":"2026-04-05T15:50:59","modified_gmt":"2026-04-05T15:50:59","slug":"cidadania","status":"publish","type":"page","link":"https:\/\/koellnadvogada.com\/de\/cidadania\/","title":{"rendered":"Staatsb\u00fcrgerschaft"},"content":{"rendered":"<div data-elementor-type=\"wp-page\" data-elementor-id=\"6382\" class=\"elementor elementor-6382\" data-elementor-post-type=\"page\">\n\t\t\t\t<div class=\"elementor-element elementor-element-ad026f3 e-flex e-con-boxed e-con e-parent\" data-id=\"ad026f3\" data-element_type=\"container\" data-e-type=\"container\">\n\t\t\t\t\t<div class=\"e-con-inner\">\n\t\t<div class=\"elementor-element elementor-element-d674b4d e-con-full e-flex e-con e-child\" data-id=\"d674b4d\" data-element_type=\"container\" data-e-type=\"container\">\n\t\t\t\t<div class=\"elementor-element elementor-element-c029e34 elementor-widget elementor-widget-image\" data-id=\"c029e34\" data-element_type=\"widget\" data-e-type=\"widget\" data-widget_type=\"image.default\">\n\t\t\t\t\t\t\t\t\t\t\t\t\t\t\t<img decoding=\"async\" src=\"https:\/\/koellnadvogada.com\/wp-content\/uploads\/elementor\/thumbs\/cidadania-rl126uuqzzgrz5kqpfdjtmi6nilsj2beqfafhj8k3w.jpeg\" title=\"Staatsb\u00fcrgerschaft\" alt=\"cidadania\" loading=\"lazy\" \/>\t\t\t\t\t\t\t\t\t\t\t\t\t\t\t<\/div>\n\t\t\t\t<div class=\"elementor-element elementor-element-63e9130 elementor-widget elementor-widget-heading\" data-id=\"63e9130\" data-element_type=\"widget\" data-e-type=\"widget\" data-widget_type=\"heading.default\">\n\t\t\t\t\t<h2 class=\"elementor-heading-title elementor-size-default\">Europ\u00e4ische Staatsb\u00fcrgerschaft: Spezialisierte Rechtsberatung<\/h2>\t\t\t\t<\/div>\n\t\t\r\n\t\t<div class=\"elementor-element elementor-element-cd54a84 elementor-widget elementor-widget-text-editor\" data-id=\"cd54a84\" data-element_type=\"widget\" data-e-type=\"widget\" data-widget_type=\"text-editor.default\">\n\t\t\t\t\t\t\t\t\t<p>Der Erwerb einer europ\u00e4ischen Staatsb\u00fcrgerschaft \u00f6ffnet T\u00fcren zur Freiz\u00fcgigkeit, Arbeit und zum Wohnen in jedem Land der Europ\u00e4ischen Union. Ob durch Einb\u00fcrgerung, Abstammung oder historische Rechte, der Prozess erfordert spezifisches juristisches Wissen und pr\u00e4zise Dokumentation.<\/p><p>Das B\u00fcro <strong>Sandra Koelln Advocacia &amp; Associados<\/strong>, mit Sitz in M\u00fcnchen bietet umfassende Beratung f\u00fcr Staatsb\u00fcrgerschaftsverfahren in vier europ\u00e4ischen L\u00e4ndern: <strong>Deutschland, Portugal, Italien und Spanien<\/strong>. Wir betreuen Kunden unterschiedlichster Nationalit\u00e4ten, mit einem Schwerpunkt auf der lusophonen und lateinamerikanischen Gemeinschaft, die in Europa ans\u00e4ssig ist.<\/p><p>Dr. Sandra Koelln ist dreisprachige Juristin (Portugiesisch, Deutsch und Englisch) und bei der portugiesischen Anwaltskammer eingetragen. <strong>OAB Brasilien, RAK M\u00fcnchen und die Portugiesische Anwaltskammer<\/strong> - eine einzigartige Qualifikation, die es ihnen erm\u00f6glicht, direkt und ohne Zwischenh\u00e4ndler in den Rechtssystemen der verschiedenen L\u00e4nder zu arbeiten.<br \/>Unsere Staatsb\u00fcrgerschaftsdienste<\/p><h3>Deutsche Staatsangeh\u00f6rigkeit<\/h3><p>Einb\u00fcrgerung f\u00fcr in Deutschland lebende Personen, Anerkennung der Abstammung und Verfahren nach dem neuen Staatsangeh\u00f6rigkeitsgesetz 2024 - einschlie\u00dflich der Erlaubnis zur doppelten Staatsb\u00fcrgerschaft und der verk\u00fcrzten Aufenthaltsdauer von 5 Jahren.<\/p><p><a href=\"https:\/\/koellnadvogada.com\/de\/cidadania-alema\/\"><em>\u2192 Mehr erfahren: \/buergerrechte\/deutsche-buergerrechte\/<\/em><\/a><\/p><h3>Portugiesische Staatsb\u00fcrgerschaft<\/h3><p>Portugiesische Staatsangeh\u00f6rigkeit durch Abstammung, Heirat, Einb\u00fcrgerung oder im Rahmen der Sonderregelung f\u00fcr sephardische Gemeinschaften. Durch ihre Mitgliedschaft in der portugiesischen Anwaltskammer kann Dr. Sandra direkt vor den portugiesischen Beh\u00f6rden auftreten.<\/p><p><em><a href=\"https:\/\/koellnadvogada.com\/de\/cidadania-portuguesa\/\">\u2192 Weitere Informationen: \/cidadania\/citizenship-portuguese\/<\/a><br \/><\/em><\/p><h3>Italienische Staatsb\u00fcrgerschaft<\/h3><p>Anerkennung der italienischen Staatsb\u00fcrgerschaft durch Abstammung (jure sanguinis) ohne Generationsgrenze. Beratung bei der Zusammenstellung der Dokumentationsakte, \u00dcbersetzungen und Antragsstellung bei italienischen Konsulaten oder direkt in Gemeinden in Italien.<\/p><p><a href=\"https:\/\/koellnadvogada.com\/de\/cidadania-italiana\/\"><em>\u2192 Weitere Informationen: \/citizenship\/italian-citizenship\/<\/em><\/a><\/p><h3>Spanische Staatsb\u00fcrgerschaft<\/h3><p>Verfahren im Rahmen des Gesetzes zur demokratischen Erinnerung, Staatsb\u00fcrgerschaft durch Abstammung und Einb\u00fcrgerung f\u00fcr in Spanien ans\u00e4ssige Ausl\u00e4nder oder Ausl\u00e4nder mit historischen Verbindungen zum Land.<\/p><p><a href=\"https:\/\/koellnadvogada.com\/de\/cidadania-espanhola\/\"><em>\u2192 Weitere Informationen: \/citizenship\/spanish-citizenship\/<\/em><\/a><\/p><h2>Weshalb auf spezialisierte Rechtsberatung z\u00e4hlen?<\/h2><p>Einb\u00fcrgerungsverfahren beinhalten sich h\u00e4ufig \u00e4ndernde Gesetzgebungen, die \u00fcbersetzt und legalisiert werden m\u00fcssen, sowie Beh\u00f6rden in verschiedenen L\u00e4ndern mit unterschiedlichen Verfahren. Ein Fehler in der Dokumentation kann monatelange Verz\u00f6gerungen oder sogar die Ablehnung des Antrags bedeuten.<\/p><p>Mit spezialisierter Rechtsberatung haben Sie die Gewissheit, dass jeder Schritt des Prozesses korrekt abgewickelt wird \u2013 von der ersten Eligibilit\u00e4tspr\u00fcfung bis zum Erhalt des europ\u00e4ischen Passes.<\/p><h2>Wem wir dienen<\/h2><p>Unser B\u00fcro betreut Mandanten jeder Nationalit\u00e4t, die Rechtsberatung f\u00fcr europ\u00e4ische Staatsb\u00fcrgerschaftsverfahren ben\u00f6tigen. Obwohl die Mehrheit unserer Mandanten aus der brasilianischen und portugiesischsprachigen Gemeinschaft in Deutschland stammt, arbeiten wir regelm\u00e4\u00dfig mit Menschen aus L\u00e4ndern wie Mosambik, Angola, Kolumbien, Argentinien und anderen zusammen und bieten Betreuung in Portugiesisch, Deutsch und Englisch an.<\/p><p><em>\u00a0<\/em><\/p>\t\t\t\t\t\t\t\t<\/div>\n\t\t\t\t<\/div>\n\t\t<div class=\"elementor-element elementor-element-a911c07 e-con-full e-flex e-con e-child\" data-id=\"a911c07\" data-element_type=\"container\" data-e-type=\"container\">\n\t\t\t\t<div class=\"elementor-element elementor-element-4b9de92 elementor-widget elementor-widget-ensafcontactinfo\" data-id=\"4b9de92\" data-element_type=\"widget\" data-e-type=\"widget\" data-widget_type=\"ensafcontactinfo.default\">\n\t\t\t\t<div class=\"elementor-widget-container\">\n\t\t\t\t\t<div class=\"widget widget_call\"><div class=\"widget-call\"><h4 class=\"box-title\">Ben\u00f6tigen Sie Hilfe?<\/h4><p class=\"box_text\">Spezialisierte Rechtsberatung zur sicheren F\u00fchrung.<\/p><div class=\"widget_call\"><div class=\"info-box\"><div class=\"info-box_icon\"><i class=\"fa-brands fa-whatsapp\"><\/i><\/div><div><span class=\"info-box_subtitle\">Erz\u00e4hlen Sie uns:<\/span><p class=\"info-box_text\"><!-- WhatsApp -->\n<a href=\"https:\/\/wa.me\/4915566359635?text=Ol\u00e1,%20preciso%20de%20assessoria%20jur\u00eddica...\" target=\"_blank\">\n  WhatsApp\n<\/a>\n<\/p><\/div><\/div><div class=\"info-box\"><div class=\"info-box_icon\"><i class=\"fas fa-envelope\"><\/i><\/div><div><span class=\"info-box_subtitle\">E-Mail<\/span><p class=\"info-box_text\"><a href=\"mailto:info@koellnadvogada.com\" class=\"info-box_link\">info@koellnadvogada.com<\/a>\n<\/p><\/div><\/div><\/div><\/div><\/div>\t\t\t\t<\/div>\n\t\t\t\t<\/div>\n\t\t\t\t<div class=\"elementor-element elementor-element-64570e6 elementor-hidden-mobile elementor-widget elementor-widget-ensafservicelist\" data-id=\"64570e6\" data-element_type=\"widget\" data-e-type=\"widget\" data-widget_type=\"ensafservicelist.default\">\n\t\t\t\t<div class=\"elementor-widget-container\">\n\t\t\t\t\t<div class=\"widget widget_categories\"><h3 class=\"widget_title\">Weitere Dienstleistungen<\/h3><ul><li><a href=\"https:\/\/koellnadvogada.com\/de\/direito-de-familia-internacional\/\">Internationales Familienrecht<\/a><span><i class=\"fa-sharp fa-light fa-arrow-right\"><\/i><\/span><\/li><li><a href=\"https:\/\/koellnadvogada.com\/de\/direito-migratorio-e-imigracao\/\">Einwanderungsrecht und Migration<\/a><span><i class=\"fa-sharp fa-light fa-arrow-right\"><\/i><\/span><\/li><li><a href=\"https:\/\/koellnadvogada.com\/de\/direito-civil\/\">Zivilrecht<\/a><span><i class=\"fa-sharp fa-light fa-arrow-right\"><\/i><\/span><\/li><li><a href=\"https:\/\/koellnadvogada.com\/de\/direito-sucessorio-e-herancas\/\">Erbrecht und Erbschaften<\/a><span><i class=\"fa-sharp fa-light fa-arrow-right\"><\/i><\/span><\/li><li><a href=\"https:\/\/koellnadvogada.com\/de\/reconhecimento-de-decisoes-estrangeiras\/\">Anerkennung ausl\u00e4ndischer Entscheidungen<\/a><span><i class=\"fa-sharp fa-light fa-arrow-right\"><\/i><\/span><\/li><li><a href=\"https:\/\/koellnadvogada.com\/de\/direito-penal\/\">Strafrecht<\/a><span><i class=\"fa-sharp fa-light fa-arrow-right\"><\/i><\/span><\/li><\/ul><\/div>\t\t\t\t<\/div>\n\t\t\t\t<\/div>\n\t\t\t\t<\/div>\n\t\t\t\t\t<\/div>\n\t\t\t\t<\/div>\n\t\t\t\t<\/div>","protected":false},"excerpt":{"rendered":"<p>Cidadania Europeia: Assessoria Jur\u00eddica Especializada Obter uma cidadania europeia abre portas para a livre circula\u00e7\u00e3o, trabalho e resid\u00eancia em qualquer pa\u00eds da Uni\u00e3o Europeia. Seja por naturaliza\u00e7\u00e3o, descend\u00eancia ou direito hist\u00f3rico, o processo exige conhecimento jur\u00eddico espec\u00edfico e documenta\u00e7\u00e3o precisa. O escrit\u00f3rio Sandra Koelln Advocacia &amp; Associados, com sede em Munique, oferece assessoria completa para&#8230;<\/p>","protected":false},"author":1,"featured_media":0,"parent":0,"menu_order":0,"comment_status":"closed","ping_status":"closed","template":"","meta":{"footnotes":""},"class_list":["post-6382","page","type-page","status-publish","hentry"],"_links":{"self":[{"href":"https:\/\/koellnadvogada.com\/de\/wp-json\/wp\/v2\/pages\/6382","targetHints":{"allow":["GET"]}}],"collection":[{"href":"https:\/\/koellnadvogada.com\/de\/wp-json\/wp\/v2\/pages"}],"about":[{"href":"https:\/\/koellnadvogada.com\/de\/wp-json\/wp\/v2\/types\/page"}],"author":[{"embeddable":true,"href":"https:\/\/koellnadvogada.com\/de\/wp-json\/wp\/v2\/users\/1"}],"replies":[{"embeddable":true,"href":"https:\/\/koellnadvogada.com\/de\/wp-json\/wp\/v2\/comments?post=6382"}],"version-history":[{"count":33,"href":"https:\/\/koellnadvogada.com\/de\/wp-json\/wp\/v2\/pages\/6382\/revisions"}],"predecessor-version":[{"id":6962,"href":"https:\/\/koellnadvogada.com\/de\/wp-json\/wp\/v2\/pages\/6382\/revisions\/6962"}],"wp:attachment":[{"href":"https:\/\/koellnadvogada.com\/de\/wp-json\/wp\/v2\/media?parent=6382"}],"curies":[{"name":"wp","href":"https:\/\/api.w.org\/{rel}","templated":true}]}}