{"id":5354,"date":"2026-02-10T19:55:55","date_gmt":"2026-02-10T19:55:55","guid":{"rendered":"https:\/\/koellnadvogada.com\/?page_id=5354"},"modified":"2026-04-10T21:58:21","modified_gmt":"2026-04-10T21:58:21","slug":"reconhecimento-de-decisoes-estrangeiras","status":"publish","type":"page","link":"https:\/\/koellnadvogada.com\/de\/reconhecimento-de-decisoes-estrangeiras\/","title":{"rendered":"Anerkennung ausl\u00e4ndischer Entscheidungen"},"content":{"rendered":"<div data-elementor-type=\"wp-page\" data-elementor-id=\"5354\" class=\"elementor elementor-5354\" data-elementor-post-type=\"page\">\n\t\t\t\t<div class=\"elementor-element elementor-element-074b029 e-flex e-con-boxed e-con e-parent\" data-id=\"074b029\" data-element_type=\"container\" data-e-type=\"container\">\n\t\t\t\t\t<div class=\"e-con-inner\">\n\t\t<div class=\"elementor-element elementor-element-29369da e-con-full e-flex e-con e-child\" data-id=\"29369da\" data-element_type=\"container\" data-e-type=\"container\">\n\t\t\t\t<div class=\"elementor-element elementor-element-41ccca3 elementor-widget elementor-widget-image\" data-id=\"41ccca3\" data-element_type=\"widget\" data-e-type=\"widget\" data-widget_type=\"image.default\">\n\t\t\t\t\t\t\t\t\t\t\t\t\t\t\t<img decoding=\"async\" src=\"https:\/\/koellnadvogada.com\/wp-content\/uploads\/elementor\/thumbs\/documentos-sentenca-estrangeira-riddzzk6utcf3rwwyu9ehi2pkmpued45fkmp62sfbw.png\" title=\"Dokumente ausl\u00e4ndisches Urteil\" alt=\"Documentos homologa\u00e7\u00e3o senten\u00e7a estrangeira Brasil Alemanha\" loading=\"lazy\" \/>\t\t\t\t\t\t\t\t\t\t\t\t\t\t\t<\/div>\n\t\t\t\t<div class=\"elementor-element elementor-element-1e6339c elementor-widget elementor-widget-heading\" data-id=\"1e6339c\" data-element_type=\"widget\" data-e-type=\"widget\" data-widget_type=\"heading.default\">\n\t\t\t\t\t<h3 class=\"elementor-heading-title elementor-size-default\">Anerkennung ausl\u00e4ndischer Entscheidungen<\/h3>\t\t\t\t<\/div>\n\t\t\r\n\t\t<div class=\"elementor-element elementor-element-c58385a elementor-widget elementor-widget-text-editor\" data-id=\"c58385a\" data-element_type=\"widget\" data-e-type=\"widget\" data-widget_type=\"text-editor.default\">\n\t\t\t\t\t\t\t\t\t<p class=\"p1\">Rechtsberatung, die sich auf die Analyse und Durchf\u00fchrung von Verfahren zur Anerkennung und Vollstreckung ausl\u00e4ndischer Gerichtsurteile in Deutschland spezialisiert hat. Technische Unterst\u00fctzung bei der Pr\u00fcfung der rechtlichen Voraussetzungen, der normativen Kompatibilit\u00e4t und der formellen Angemessenheit von im Ausland ergangenen Entscheidungen, um deren G\u00fcltigkeit und Wirksamkeit auf deutschem Territorium zu gew\u00e4hrleisten.<\/p><p class=\"p1\">Umfassende Begleitung des Verfahrens bei den zust\u00e4ndigen Beh\u00f6rden, mit besonderem Schwerpunkt auf den Bereichen Familien- und Erbrecht, einschlie\u00dflich Scheidungen, Sorgerecht, Unterhalt, G\u00fcterstand und Erbschaftsangelegenheiten. Strategische Analyse der rechtlichen Auswirkungen und m\u00f6glicher Folgen der Genehmigung.<\/p><p class=\"p1\">Strukturierte Orientierung zur Gew\u00e4hrleistung der Rechtssicherheit bei der \u00dcbertragung von Entscheidungen zwischen verschiedenen Gerichtsbarkeiten, zur F\u00f6rderung der normativen Harmonisierung und zur Wirksamkeit international anerkannter Rechte.<\/p>\t\t\t\t\t\t\t\t<\/div>\n\t\t\t\t<\/div>\n\t\t<div class=\"elementor-element elementor-element-1df9cee e-con-full e-flex e-con e-child\" data-id=\"1df9cee\" data-element_type=\"container\" data-e-type=\"container\">\n\t\t\t\t<div class=\"elementor-element elementor-element-65f9aa2 elementor-widget elementor-widget-ensafcontactinfo\" data-id=\"65f9aa2\" data-element_type=\"widget\" data-e-type=\"widget\" data-widget_type=\"ensafcontactinfo.default\">\n\t\t\t\t<div class=\"elementor-widget-container\">\n\t\t\t\t\t<div class=\"widget widget_call\"><div class=\"widget-call\"><h4 class=\"box-title\">Ben\u00f6tigen Sie Hilfe?<\/h4><p class=\"box_text\">Spezialisierte Rechtsberatung zur sicheren F\u00fchrung.<\/p><div class=\"widget_call\"><div class=\"info-box\"><div class=\"info-box_icon\"><i class=\"fa-brands fa-whatsapp\"><\/i><\/div><div><span class=\"info-box_subtitle\">Erz\u00e4hlen Sie uns:<\/span><p class=\"info-box_text\"><!-- WhatsApp -->\n<a href=\"https:\/\/wa.me\/4915566359635?text=Ol\u00e1,%20preciso%20de%20assessoria%20jur\u00eddica...\" target=\"_blank\" rel=\"noopener\">\n  WhatsApp\n<\/a>\n<\/p><\/div><\/div><div class=\"info-box\"><div class=\"info-box_icon\"><i class=\"fas fa-envelope\"><\/i><\/div><div><span class=\"info-box_subtitle\">E-Mail<\/span><p class=\"info-box_text\"><a href=\"mailto:info@koellnadvogada.com\" class=\"info-box_link\">info@koellnadvogada.com<\/a>\n<\/p><\/div><\/div><\/div><\/div><\/div>\t\t\t\t<\/div>\n\t\t\t\t<\/div>\n\t\t\t\t<div class=\"elementor-element elementor-element-a20283c elementor-hidden-mobile elementor-widget elementor-widget-ensafservicelist\" data-id=\"a20283c\" data-element_type=\"widget\" data-e-type=\"widget\" data-widget_type=\"ensafservicelist.default\">\n\t\t\t\t<div class=\"elementor-widget-container\">\n\t\t\t\t\t<div class=\"widget widget_categories\"><h3 class=\"widget_title\">T\u00e4tigkeitsbereiche<\/h3><ul><li><a href=\"https:\/\/koellnadvogada.com\/de\/cidadania\/\">Staatsb\u00fcrgerschaft<\/a><span><i class=\"fa-sharp fa-light fa-arrow-right\"><\/i><\/span><\/li><li><a href=\"https:\/\/koellnadvogada.com\/de\/direito-de-familia-internacional\/\">Internationales Familienrecht<\/a><span><i class=\"fa-sharp fa-light fa-arrow-right\"><\/i><\/span><\/li><li><a href=\"https:\/\/koellnadvogada.com\/de\/direito-migratorio-e-imigracao\/\">Einwanderungsrecht und Migration<\/a><span><i class=\"fa-sharp fa-light fa-arrow-right\"><\/i><\/span><\/li><li><a href=\"https:\/\/koellnadvogada.com\/de\/direito-civil\/\">Zivilrecht<\/a><span><i class=\"fa-sharp fa-light fa-arrow-right\"><\/i><\/span><\/li><li><a href=\"https:\/\/koellnadvogada.com\/de\/direito-sucessorio-e-herancas\/\">Erbrecht und Erbschaften<\/a><span><i class=\"fa-sharp fa-light fa-arrow-right\"><\/i><\/span><\/li><li><a href=\"https:\/\/koellnadvogada.com\/de\/direito-penal\/\">Strafrecht<\/a><span><i class=\"fa-sharp fa-light fa-arrow-right\"><\/i><\/span><\/li><\/ul><\/div>\t\t\t\t<\/div>\n\t\t\t\t<\/div>\n\t\t\t\t<\/div>\n\t\t\t\t\t<\/div>\n\t\t\t\t<\/div>\n\t\t<div class=\"elementor-element elementor-element-876a32b e-flex e-con-boxed e-con e-parent\" data-id=\"876a32b\" data-element_type=\"container\" data-e-type=\"container\">\n\t\t\t\t\t<div class=\"e-con-inner\">\n\t\t\t\t<div class=\"elementor-element elementor-element-e571207 elementor-widget elementor-widget-heading\" data-id=\"e571207\" data-element_type=\"widget\" data-e-type=\"widget\" data-widget_type=\"heading.default\">\n\t\t\t\t\t<h4 class=\"elementor-heading-title elementor-size-default\">H\u00e4ufig gestellte Fragen<\/h4>\t\t\t\t<\/div>\n\t\t\t\t<div class=\"elementor-element elementor-element-87ff2b5 elementor-widget elementor-widget-n-accordion\" data-id=\"87ff2b5\" data-element_type=\"widget\" data-e-type=\"widget\" data-settings=\"{&quot;default_state&quot;:&quot;all_collapsed&quot;,&quot;max_items_expended&quot;:&quot;one&quot;,&quot;n_accordion_animation_duration&quot;:{&quot;unit&quot;:&quot;ms&quot;,&quot;size&quot;:400,&quot;sizes&quot;:[]}}\" data-widget_type=\"nested-accordion.default\">\n\t\t\t\t\t\t\t<div class=\"e-n-accordion\" aria-label=\"Akkordeon. Links mit Enter oder Leertaste \u00f6ffnen, mit Escape schlie\u00dfen und mit den Pfeiltasten navigieren\">\n\t\t\t\t\t\t<details id=\"e-n-accordion-item-1420\" class=\"e-n-accordion-item\" >\n\t\t\t\t<summary class=\"e-n-accordion-item-title\" data-accordion-index=\"1\" tabindex=\"0\" aria-expanded=\"false\" aria-controls=\"e-n-accordion-item-1420\" >\n\t\t\t\t\t<span class='e-n-accordion-item-title-header'><div class=\"e-n-accordion-item-title-text\"> Wie kann man eine deutsche Scheidung in Brasilien anerkennen lassen? <\/div><\/span>\n\t\t\t\t\t\t\t<span class='e-n-accordion-item-title-icon'>\n\t\t\t<span class='e-opened' ><i aria-hidden=\"true\" class=\"fas fa-minus\"><\/i><\/span>\n\t\t\t<span class='e-closed'><i aria-hidden=\"true\" class=\"fas fa-plus\"><\/i><\/span>\n\t\t<\/span>\n\n\t\t\t\t\t\t<\/summary>\n\t\t\t\t<div role=\"region\" aria-labelledby=\"e-n-accordion-item-1420\" class=\"elementor-element elementor-element-a8d2c81 e-con-full e-flex e-con e-child\" data-id=\"a8d2c81\" data-element_type=\"container\" data-e-type=\"container\">\n\t\t\t\t<div class=\"elementor-element elementor-element-a6a0f79 elementor-widget elementor-widget-text-editor\" data-id=\"a6a0f79\" data-element_type=\"widget\" data-e-type=\"widget\" data-widget_type=\"text-editor.default\">\n\t\t\t\t\t\t\t\t\t<p>Die Anerkennung eines ausl\u00e4ndischen Scheidungsurteils in Brasilien erfolgt durch das Superior Tribunal de Justi\u00e7a (STJ). Der Prozess erfordert: das urspr\u00fcngliche deutsche Urteil mit Rechtskraft, eine beglaubigte \u00dcbersetzung ins Portugiesische, Apostille (Haager Apostille) und einen von einem bei der OAB registrierten Anwalt unterzeichneten Antrag. Die durchschnittliche Bearbeitungszeit betr\u00e4gt 6 bis 12 Monate. Nach der Genehmigung kann die Scheidung im brasilianischen Standesamt eingetragen werden.<\/p>\t\t\t\t\t\t\t\t<\/div>\n\t\t\t\t<\/div>\n\t\t\t\t\t<\/details>\n\t\t\t\t\t\t<details id=\"e-n-accordion-item-1421\" class=\"e-n-accordion-item\" >\n\t\t\t\t<summary class=\"e-n-accordion-item-title\" data-accordion-index=\"2\" tabindex=\"-1\" aria-expanded=\"false\" aria-controls=\"e-n-accordion-item-1421\" >\n\t\t\t\t\t<span class='e-n-accordion-item-title-header'><div class=\"e-n-accordion-item-title-text\"> Hat ein brasilianisches Urteil G\u00fcltigkeit in Deutschland? <\/div><\/span>\n\t\t\t\t\t\t\t<span class='e-n-accordion-item-title-icon'>\n\t\t\t<span class='e-opened' ><i aria-hidden=\"true\" class=\"fas fa-minus\"><\/i><\/span>\n\t\t\t<span class='e-closed'><i aria-hidden=\"true\" class=\"fas fa-plus\"><\/i><\/span>\n\t\t<\/span>\n\n\t\t\t\t\t\t<\/summary>\n\t\t\t\t<div role=\"region\" aria-labelledby=\"e-n-accordion-item-1421\" class=\"elementor-element elementor-element-328fba7 e-con-full e-flex e-con e-child\" data-id=\"328fba7\" data-element_type=\"container\" data-e-type=\"container\">\n\t\t\t\t<div class=\"elementor-element elementor-element-7014ab4 elementor-widget elementor-widget-text-editor\" data-id=\"7014ab4\" data-element_type=\"widget\" data-e-type=\"widget\" data-widget_type=\"text-editor.default\">\n\t\t\t\t\t\t\t\t\t<p>Wenn Verm\u00f6genswerte in beiden L\u00e4ndern vorhanden sind, sind in der Regel zwei separate Nachlassverfahren erforderlich: eines in Brasilien (f\u00fcr Verm\u00f6genswerte in Brasilien) und eines in Deutschland (f\u00fcr Verm\u00f6genswerte in Deutschland). Die europ\u00e4ische Erbrechtsverordnung (EU 650\/2012) kann anwendbar sein, wenn der Verstorbene Staatsb\u00fcrger eines EU-Landes war, Brasilien ist jedoch nicht Teil dieser Verordnung. Die Koordination zwischen Anw\u00e4lten in beiden L\u00e4ndern ist unerl\u00e4sslich, um Doppelbesteuerung und Zust\u00e4ndigkeitskonflikte zu vermeiden.<\/p>\t\t\t\t\t\t\t\t<\/div>\n\t\t\t\t<\/div>\n\t\t\t\t\t<\/details>\n\t\t\t\t\t\t<details id=\"e-n-accordion-item-1422\" class=\"e-n-accordion-item\" >\n\t\t\t\t<summary class=\"e-n-accordion-item-title\" data-accordion-index=\"3\" tabindex=\"-1\" aria-expanded=\"false\" aria-controls=\"e-n-accordion-item-1422\" >\n\t\t\t\t\t<span class='e-n-accordion-item-title-header'><div class=\"e-n-accordion-item-title-text\"> Wird eine brasilianische au\u00dfergerichtliche Scheidung in Deutschland anerkannt? <\/div><\/span>\n\t\t\t\t\t\t\t<span class='e-n-accordion-item-title-icon'>\n\t\t\t<span class='e-opened' ><i aria-hidden=\"true\" class=\"fas fa-minus\"><\/i><\/span>\n\t\t\t<span class='e-closed'><i aria-hidden=\"true\" class=\"fas fa-plus\"><\/i><\/span>\n\t\t<\/span>\n\n\t\t\t\t\t\t<\/summary>\n\t\t\t\t<div role=\"region\" aria-labelledby=\"e-n-accordion-item-1422\" class=\"elementor-element elementor-element-1821d9c e-con-full e-flex e-con e-child\" data-id=\"1821d9c\" data-element_type=\"container\" data-e-type=\"container\">\n\t\t\t\t<div class=\"elementor-element elementor-element-01635f2 elementor-widget elementor-widget-text-editor\" data-id=\"01635f2\" data-element_type=\"widget\" data-e-type=\"widget\" data-widget_type=\"text-editor.default\">\n\t\t\t\t\t\t\t\t\t<p>Ja, aber es bedarf eines Anerkennungsverfahrens. In Deutschland wird die Anerkennung ausl\u00e4ndischer Urteile durch \u00a7 328 der ZPO (Zivilprozessordnung) geregelt. Das deutsche Gericht pr\u00fcft, ob das Urteil mit der deutschen \u00f6ffentlichen Ordnung vereinbar ist und ob der Beklagte die M\u00f6glichkeit zur Verteidigung hatte. Bei Scheidungen erfolgt die Anerkennung durch die Landesjustizverwaltung, nicht durch das Gericht.<\/p>\t\t\t\t\t\t\t\t<\/div>\n\t\t\t\t<\/div>\n\t\t\t\t\t<\/details>\n\t\t\t\t\t\t<details id=\"e-n-accordion-item-1423\" class=\"e-n-accordion-item\" >\n\t\t\t\t<summary class=\"e-n-accordion-item-title\" data-accordion-index=\"4\" tabindex=\"-1\" aria-expanded=\"false\" aria-controls=\"e-n-accordion-item-1423\" >\n\t\t\t\t\t<span class='e-n-accordion-item-title-header'><div class=\"e-n-accordion-item-title-text\"> Wie lange dauert die Anerkennung eines ausl\u00e4ndischen Urteils? <\/div><\/span>\n\t\t\t\t\t\t\t<span class='e-n-accordion-item-title-icon'>\n\t\t\t<span class='e-opened' ><i aria-hidden=\"true\" class=\"fas fa-minus\"><\/i><\/span>\n\t\t\t<span class='e-closed'><i aria-hidden=\"true\" class=\"fas fa-plus\"><\/i><\/span>\n\t\t<\/span>\n\n\t\t\t\t\t\t<\/summary>\n\t\t\t\t<div role=\"region\" aria-labelledby=\"e-n-accordion-item-1423\" class=\"elementor-element elementor-element-d15cb83 e-con-full e-flex e-con e-child\" data-id=\"d15cb83\" data-element_type=\"container\" data-e-type=\"container\">\n\t\t\t\t<div class=\"elementor-element elementor-element-76fcd33 elementor-widget elementor-widget-text-editor\" data-id=\"76fcd33\" data-element_type=\"widget\" data-e-type=\"widget\" data-widget_type=\"text-editor.default\">\n\t\t\t\t\t\t\t\t\t<p>Die Fristen variieren je nach Land und Art des Urteils. In Brasilien (STJ) dauert die Anerkennung eines deutschen Urteils im Durchschnitt 6 bis 12 Monate. In Deutschland kann die Anerkennung brasilianischer Urteile je nach Komplexit\u00e4t und zust\u00e4ndiger Beh\u00f6rde 3 bis 9 Monate dauern. Die korrekte Vorbereitung der Dokumentation ist der Faktor, der die Frist am meisten beeinflusst \u2013 Dokumentationsfehler f\u00fchren zu R\u00fccksendungen und erheblichen Verz\u00f6gerungen.<\/p>\t\t\t\t\t\t\t\t<\/div>\n\t\t\t\t<\/div>\n\t\t\t\t\t<\/details>\n\t\t\t\t\t<\/div>\n\t\t\t\t\t\t<\/div>\n\t\t\t\t\t<\/div>\n\t\t\t\t<\/div>\n\t\t\t\t<\/div>","protected":false},"excerpt":{"rendered":"<p>Reconhecimento de Decis\u00f5es Estrangeiras Assessoria jur\u00eddica especializada na an\u00e1lise e condu\u00e7\u00e3o de procedimentos voltados ao reconhecimento e \u00e0 execu\u00e7\u00e3o de decis\u00f5es judiciais estrangeiras na Alemanha. Atua\u00e7\u00e3o t\u00e9cnica na verifica\u00e7\u00e3o dos requisitos legais, compatibilidade normativa e adequa\u00e7\u00e3o formal das decis\u00f5es proferidas no exterior, assegurando sua validade e efic\u00e1cia no territ\u00f3rio alem\u00e3o. Acompanhamento completo do procedimento junto&#8230;<\/p>","protected":false},"author":1,"featured_media":0,"parent":0,"menu_order":0,"comment_status":"closed","ping_status":"closed","template":"","meta":{"footnotes":""},"class_list":["post-5354","page","type-page","status-publish","hentry"],"_links":{"self":[{"href":"https:\/\/koellnadvogada.com\/de\/wp-json\/wp\/v2\/pages\/5354","targetHints":{"allow":["GET"]}}],"collection":[{"href":"https:\/\/koellnadvogada.com\/de\/wp-json\/wp\/v2\/pages"}],"about":[{"href":"https:\/\/koellnadvogada.com\/de\/wp-json\/wp\/v2\/types\/page"}],"author":[{"embeddable":true,"href":"https:\/\/koellnadvogada.com\/de\/wp-json\/wp\/v2\/users\/1"}],"replies":[{"embeddable":true,"href":"https:\/\/koellnadvogada.com\/de\/wp-json\/wp\/v2\/comments?post=5354"}],"version-history":[{"count":31,"href":"https:\/\/koellnadvogada.com\/de\/wp-json\/wp\/v2\/pages\/5354\/revisions"}],"predecessor-version":[{"id":7460,"href":"https:\/\/koellnadvogada.com\/de\/wp-json\/wp\/v2\/pages\/5354\/revisions\/7460"}],"wp:attachment":[{"href":"https:\/\/koellnadvogada.com\/de\/wp-json\/wp\/v2\/media?parent=5354"}],"curies":[{"name":"wp","href":"https:\/\/api.w.org\/{rel}","templated":true}]}}