{"id":5350,"date":"2026-02-10T19:54:49","date_gmt":"2026-02-10T19:54:49","guid":{"rendered":"https:\/\/koellnadvogada.com\/?page_id=5350"},"modified":"2026-04-10T21:58:04","modified_gmt":"2026-04-10T21:58:04","slug":"direito-sucessorio-e-herancas","status":"publish","type":"page","link":"https:\/\/koellnadvogada.com\/de\/direito-sucessorio-e-herancas\/","title":{"rendered":"Erbrecht und Erbschaften"},"content":{"rendered":"<div data-elementor-type=\"wp-page\" data-elementor-id=\"5350\" class=\"elementor elementor-5350\" data-elementor-post-type=\"page\">\n\t\t\t\t<div class=\"elementor-element elementor-element-062f6cd e-flex e-con-boxed e-con e-parent\" data-id=\"062f6cd\" data-element_type=\"container\" data-e-type=\"container\">\n\t\t\t\t\t<div class=\"e-con-inner\">\n\t\t<div class=\"elementor-element elementor-element-77934a5 e-con-full e-flex e-con e-child\" data-id=\"77934a5\" data-element_type=\"container\" data-e-type=\"container\">\n\t\t\t\t<div class=\"elementor-element elementor-element-9e3b75b elementor-widget elementor-widget-image\" data-id=\"9e3b75b\" data-element_type=\"widget\" data-e-type=\"widget\" data-widget_type=\"image.default\">\n\t\t\t\t\t\t\t\t\t\t\t\t\t\t\t<img decoding=\"async\" src=\"https:\/\/koellnadvogada.com\/wp-content\/uploads\/elementor\/thumbs\/planejamento-patrimonial-internacional-ribum846ho03yla6gvkkmeow6ctgyy28se67b5wn9o.png\" title=\"Internationale Verm\u00f6gensplanung\" alt=\"Planejamento patrimonial e heran\u00e7a internacional Brasil Alemanha\" loading=\"lazy\" \/>\t\t\t\t\t\t\t\t\t\t\t\t\t\t\t<\/div>\n\t\t\t\t<div class=\"elementor-element elementor-element-ee88328 elementor-widget elementor-widget-heading\" data-id=\"ee88328\" data-element_type=\"widget\" data-e-type=\"widget\" data-widget_type=\"heading.default\">\n\t\t\t\t\t<h3 class=\"elementor-heading-title elementor-size-default\">Erbrecht und Erbschaften<\/h3>\t\t\t\t<\/div>\n\t\t\r\n\t\t<div class=\"elementor-element elementor-element-ef5e937 elementor-widget elementor-widget-text-editor\" data-id=\"ef5e937\" data-element_type=\"widget\" data-e-type=\"widget\" data-widget_type=\"text-editor.default\">\n\t\t\t\t\t\t\t\t\t<p class=\"p1\">Rechtsberatung spezialisiert auf Erbschaftsangelegenheiten, mit T\u00e4tigkeit in internationalen Erbschaften, Nachlassaufteilung und Verm\u00f6gensorganisation, die verschiedene Gerichtsbarkeiten umfasst. Strategische Analyse der anwendbaren Gesetzgebung unter Ber\u00fccksichtigung von Kollisionsnormen, Wohnsitz der Parteien, Standort der Verm\u00f6genswerte und grenz\u00fcberschreitenden Auswirkungen.<\/p><p class=\"p1\">Beratung bei der Strukturierung von Nachlassplanung mit Schwerpunkt auf Verm\u00f6gensschutz, rechtssicherer \u00dcbertragung von Verm\u00f6genswerten und Vermeidung zuk\u00fcnftiger Rechtsstreitigkeiten. T\u00e4tigkeit in Nachlassverfahren, Anerkennung und Vollstreckung ausl\u00e4ndischer Entscheidungen sowie Regularisierung von Verm\u00f6genswerten, die sich in mehr als einem Land befinden.<\/p><p class=\"p1\">Technische Unterst\u00fctzung in allen Phasen des Nachfolgeprozesses, mit einem sorgf\u00e4ltigen und strukturierten Ansatz, der auf den Erhalt des Familienverm\u00f6gens und die Harmonisierung der anwendbaren Normen in internationalen Kontexten abzielt.<\/p>\t\t\t\t\t\t\t\t<\/div>\n\t\t\t\t<\/div>\n\t\t<div class=\"elementor-element elementor-element-0685580 e-con-full e-flex e-con e-child\" data-id=\"0685580\" data-element_type=\"container\" data-e-type=\"container\">\n\t\t\t\t<div class=\"elementor-element elementor-element-79dfe8a elementor-widget elementor-widget-ensafcontactinfo\" data-id=\"79dfe8a\" data-element_type=\"widget\" data-e-type=\"widget\" data-widget_type=\"ensafcontactinfo.default\">\n\t\t\t\t<div class=\"elementor-widget-container\">\n\t\t\t\t\t<div class=\"widget widget_call\"><div class=\"widget-call\"><h4 class=\"box-title\">Ben\u00f6tigen Sie Hilfe?<\/h4><p class=\"box_text\">Spezialisierte Rechtsberatung zur sicheren F\u00fchrung.<\/p><div class=\"widget_call\"><div class=\"info-box\"><div class=\"info-box_icon\"><i class=\"fa-brands fa-whatsapp\"><\/i><\/div><div><span class=\"info-box_subtitle\">Erz\u00e4hlen Sie uns:<\/span><p class=\"info-box_text\"><!-- WhatsApp -->\n<a href=\"https:\/\/wa.me\/4915566359635?text=Ol\u00e1,%20preciso%20de%20assessoria%20jur\u00eddica...\" target=\"_blank\" rel=\"noopener\">\n  WhatsApp\n<\/a>\n<\/p><\/div><\/div><div class=\"info-box\"><div class=\"info-box_icon\"><i class=\"fas fa-envelope\"><\/i><\/div><div><span class=\"info-box_subtitle\">E-Mail<\/span><p class=\"info-box_text\"><a href=\"mailto:info@koellnadvogada.com\" class=\"info-box_link\">info@koellnadvogada.com<\/a>\n<\/p><\/div><\/div><\/div><\/div><\/div>\t\t\t\t<\/div>\n\t\t\t\t<\/div>\n\t\t\t\t<div class=\"elementor-element elementor-element-90f3370 elementor-hidden-mobile elementor-widget elementor-widget-ensafservicelist\" data-id=\"90f3370\" data-element_type=\"widget\" data-e-type=\"widget\" data-widget_type=\"ensafservicelist.default\">\n\t\t\t\t<div class=\"elementor-widget-container\">\n\t\t\t\t\t<div class=\"widget widget_categories\"><h3 class=\"widget_title\">T\u00e4tigkeitsbereiche<\/h3><ul><li><a href=\"https:\/\/koellnadvogada.com\/de\/cidadania\/\">Staatsb\u00fcrgerschaft<\/a><span><i class=\"fa-sharp fa-light fa-arrow-right\"><\/i><\/span><\/li><li><a href=\"https:\/\/koellnadvogada.com\/de\/direito-de-familia-internacional\/\">Internationales Familienrecht<\/a><span><i class=\"fa-sharp fa-light fa-arrow-right\"><\/i><\/span><\/li><li><a href=\"https:\/\/koellnadvogada.com\/de\/direito-migratorio-e-imigracao\/\">Einwanderungsrecht und Migration<\/a><span><i class=\"fa-sharp fa-light fa-arrow-right\"><\/i><\/span><\/li><li><a href=\"https:\/\/koellnadvogada.com\/de\/direito-civil\/\">Zivilrecht<\/a><span><i class=\"fa-sharp fa-light fa-arrow-right\"><\/i><\/span><\/li><li><a href=\"https:\/\/koellnadvogada.com\/de\/reconhecimento-de-decisoes-estrangeiras\/\">Anerkennung ausl\u00e4ndischer Entscheidungen<\/a><span><i class=\"fa-sharp fa-light fa-arrow-right\"><\/i><\/span><\/li><li><a href=\"https:\/\/koellnadvogada.com\/de\/direito-penal\/\">Strafrecht<\/a><span><i class=\"fa-sharp fa-light fa-arrow-right\"><\/i><\/span><\/li><\/ul><\/div>\t\t\t\t<\/div>\n\t\t\t\t<\/div>\n\t\t\t\t<\/div>\n\t\t\t\t\t<\/div>\n\t\t\t\t<\/div>\n\t\t<div class=\"elementor-element elementor-element-6ac0cfa e-flex e-con-boxed e-con e-parent\" data-id=\"6ac0cfa\" data-element_type=\"container\" data-e-type=\"container\">\n\t\t\t\t\t<div class=\"e-con-inner\">\n\t\t\t\t<div class=\"elementor-element elementor-element-b0754a3 elementor-widget elementor-widget-heading\" data-id=\"b0754a3\" data-element_type=\"widget\" data-e-type=\"widget\" data-widget_type=\"heading.default\">\n\t\t\t\t\t<h4 class=\"elementor-heading-title elementor-size-default\">H\u00e4ufig gestellte Fragen<\/h4>\t\t\t\t<\/div>\n\t\t\t\t<div class=\"elementor-element elementor-element-e5bfb2c elementor-widget elementor-widget-n-accordion\" data-id=\"e5bfb2c\" data-element_type=\"widget\" data-e-type=\"widget\" data-settings=\"{&quot;default_state&quot;:&quot;all_collapsed&quot;,&quot;max_items_expended&quot;:&quot;one&quot;,&quot;n_accordion_animation_duration&quot;:{&quot;unit&quot;:&quot;ms&quot;,&quot;size&quot;:400,&quot;sizes&quot;:[]}}\" data-widget_type=\"nested-accordion.default\">\n\t\t\t\t\t\t\t<div class=\"e-n-accordion\" aria-label=\"Akkordeon. Links mit Enter oder Leertaste \u00f6ffnen, mit Escape schlie\u00dfen und mit den Pfeiltasten navigieren\">\n\t\t\t\t\t\t<details id=\"e-n-accordion-item-2400\" class=\"e-n-accordion-item\" >\n\t\t\t\t<summary class=\"e-n-accordion-item-title\" data-accordion-index=\"1\" tabindex=\"0\" aria-expanded=\"false\" aria-controls=\"e-n-accordion-item-2400\" >\n\t\t\t\t\t<span class='e-n-accordion-item-title-header'><div class=\"e-n-accordion-item-title-text\"> Ich habe einen Verwandten in Deutschland, bin aber Brasilianer. Wie funktioniert das? <\/div><\/span>\n\t\t\t\t\t\t\t<span class='e-n-accordion-item-title-icon'>\n\t\t\t<span class='e-opened' ><i aria-hidden=\"true\" class=\"fas fa-minus\"><\/i><\/span>\n\t\t\t<span class='e-closed'><i aria-hidden=\"true\" class=\"fas fa-plus\"><\/i><\/span>\n\t\t<\/span>\n\n\t\t\t\t\t\t<\/summary>\n\t\t\t\t<div role=\"region\" aria-labelledby=\"e-n-accordion-item-2400\" class=\"elementor-element elementor-element-26a305f e-con-full e-flex e-con e-child\" data-id=\"26a305f\" data-element_type=\"container\" data-e-type=\"container\">\n\t\t\t\t<div class=\"elementor-element elementor-element-b15fa6f elementor-widget elementor-widget-text-editor\" data-id=\"b15fa6f\" data-element_type=\"widget\" data-e-type=\"widget\" data-widget_type=\"text-editor.default\">\n\t\t\t\t\t\t\t\t\t<p>Wenn ein Brasilianer Erbe von Verm\u00f6genswerten in Deutschland ist, unterliegt der Nachlassprozess grunds\u00e4tzlich dem Recht des letzten Wohnsitzes des Verstorbenen. Wenn der Verstorbene in Deutschland gelebt hat, gilt das deutsche Erbrecht. Der Erbe muss beim Nachlassgericht einen Erbschein beantragen. Brasilianische Dokumente wie Geburts- und Heiratsurkunden m\u00fcssen \u00fcbersetzt und mit einer Apostille versehen werden.<\/p>\t\t\t\t\t\t\t\t<\/div>\n\t\t\t\t<\/div>\n\t\t\t\t\t<\/details>\n\t\t\t\t\t\t<details id=\"e-n-accordion-item-2401\" class=\"e-n-accordion-item\" >\n\t\t\t\t<summary class=\"e-n-accordion-item-title\" data-accordion-index=\"2\" tabindex=\"-1\" aria-expanded=\"false\" aria-controls=\"e-n-accordion-item-2401\" >\n\t\t\t\t\t<span class='e-n-accordion-item-title-header'><div class=\"e-n-accordion-item-title-text\"> Wie funktioniert der internationale Inventar zwischen Brasilien und Deutschland? <\/div><\/span>\n\t\t\t\t\t\t\t<span class='e-n-accordion-item-title-icon'>\n\t\t\t<span class='e-opened' ><i aria-hidden=\"true\" class=\"fas fa-minus\"><\/i><\/span>\n\t\t\t<span class='e-closed'><i aria-hidden=\"true\" class=\"fas fa-plus\"><\/i><\/span>\n\t\t<\/span>\n\n\t\t\t\t\t\t<\/summary>\n\t\t\t\t<div role=\"region\" aria-labelledby=\"e-n-accordion-item-2401\" class=\"elementor-element elementor-element-bdc14fa e-con-full e-flex e-con e-child\" data-id=\"bdc14fa\" data-element_type=\"container\" data-e-type=\"container\">\n\t\t\t\t<div class=\"elementor-element elementor-element-b81d32a elementor-widget elementor-widget-text-editor\" data-id=\"b81d32a\" data-element_type=\"widget\" data-e-type=\"widget\" data-widget_type=\"text-editor.default\">\n\t\t\t\t\t\t\t\t\t<p>Wenn Verm\u00f6genswerte in beiden L\u00e4ndern vorhanden sind, sind in der Regel zwei separate Nachlassverfahren erforderlich: eines in Brasilien (f\u00fcr Verm\u00f6genswerte in Brasilien) und eines in Deutschland (f\u00fcr Verm\u00f6genswerte in Deutschland). Die europ\u00e4ische Erbrechtsverordnung (EU 650\/2012) kann anwendbar sein, wenn der Verstorbene Staatsb\u00fcrger eines EU-Landes war, Brasilien ist jedoch nicht Teil dieser Verordnung. Die Koordination zwischen Anw\u00e4lten in beiden L\u00e4ndern ist unerl\u00e4sslich, um Doppelbesteuerung und Zust\u00e4ndigkeitskonflikte zu vermeiden.<\/p>\t\t\t\t\t\t\t\t<\/div>\n\t\t\t\t<\/div>\n\t\t\t\t\t<\/details>\n\t\t\t\t\t\t<details id=\"e-n-accordion-item-2402\" class=\"e-n-accordion-item\" >\n\t\t\t\t<summary class=\"e-n-accordion-item-title\" data-accordion-index=\"3\" tabindex=\"-1\" aria-expanded=\"false\" aria-controls=\"e-n-accordion-item-2402\" >\n\t\t\t\t\t<span class='e-n-accordion-item-title-header'><div class=\"e-n-accordion-item-title-text\"> Gibt es in Deutschland eine Erbschaftssteuer? <\/div><\/span>\n\t\t\t\t\t\t\t<span class='e-n-accordion-item-title-icon'>\n\t\t\t<span class='e-opened' ><i aria-hidden=\"true\" class=\"fas fa-minus\"><\/i><\/span>\n\t\t\t<span class='e-closed'><i aria-hidden=\"true\" class=\"fas fa-plus\"><\/i><\/span>\n\t\t<\/span>\n\n\t\t\t\t\t\t<\/summary>\n\t\t\t\t<div role=\"region\" aria-labelledby=\"e-n-accordion-item-2402\" class=\"elementor-element elementor-element-7d8c8c1 e-con-full e-flex e-con e-child\" data-id=\"7d8c8c1\" data-element_type=\"container\" data-e-type=\"container\">\n\t\t\t\t<div class=\"elementor-element elementor-element-9bd99a4 elementor-widget elementor-widget-text-editor\" data-id=\"9bd99a4\" data-element_type=\"widget\" data-e-type=\"widget\" data-widget_type=\"text-editor.default\">\n\t\t\t\t\t\t\t\t\t<p>Ja. Deutschland erhebt eine Erbschaftssteuer (Erbschaftsteuer) mit S\u00e4tzen von 7%bis 50% , je nach Verwandtschaftsgrad und Erbschaftswert. Ehepartner haben eine Freigrenze von bis zu 500.000 \u20ac, Kinder bis zu 400.000 \u20ac und Enkel bis zu 200.000 \u20ac. F\u00fcr Erben ohne nahe Verwandtschaft betr\u00e4gt die Freigrenze nur 20.000 \u20ac. Die Steuer ist auch dann f\u00e4llig, wenn der Erbe im Ausland wohnt, sofern sich die Verm\u00f6genswerte in Deutschland befinden.<\/p>\t\t\t\t\t\t\t\t<\/div>\n\t\t\t\t<\/div>\n\t\t\t\t\t<\/details>\n\t\t\t\t\t\t<details id=\"e-n-accordion-item-2403\" class=\"e-n-accordion-item\" >\n\t\t\t\t<summary class=\"e-n-accordion-item-title\" data-accordion-index=\"4\" tabindex=\"-1\" aria-expanded=\"false\" aria-controls=\"e-n-accordion-item-2403\" >\n\t\t\t\t\t<span class='e-n-accordion-item-title-header'><div class=\"e-n-accordion-item-title-text\"> Ist ein in Brasilien errichtetes Testament in Deutschland g\u00fcltig? <\/div><\/span>\n\t\t\t\t\t\t\t<span class='e-n-accordion-item-title-icon'>\n\t\t\t<span class='e-opened' ><i aria-hidden=\"true\" class=\"fas fa-minus\"><\/i><\/span>\n\t\t\t<span class='e-closed'><i aria-hidden=\"true\" class=\"fas fa-plus\"><\/i><\/span>\n\t\t<\/span>\n\n\t\t\t\t\t\t<\/summary>\n\t\t\t\t<div role=\"region\" aria-labelledby=\"e-n-accordion-item-2403\" class=\"elementor-element elementor-element-cf6e8d1 e-con-full e-flex e-con e-child\" data-id=\"cf6e8d1\" data-element_type=\"container\" data-e-type=\"container\">\n\t\t\t\t<div class=\"elementor-element elementor-element-3ea6c4a elementor-widget elementor-widget-text-editor\" data-id=\"3ea6c4a\" data-element_type=\"widget\" data-e-type=\"widget\" data-widget_type=\"text-editor.default\">\n\t\t\t\t\t\t\t\t\t<p>Das kommt darauf an. Die formelle G\u00fcltigkeit eines Testaments wird gem\u00e4\u00df dem Haager \u00dcbereinkommen \u00fcber das auf die Form von Verf\u00fcgungen von Todes wegen anzuwendende Recht (1961) beurteilt. Ein in Brasilien nach brasilianischen Formalit\u00e4ten errichtetes Testament kann in Deutschland g\u00fcltig sein, muss aber \u00fcbersetzt und dem deutschen Nachlassgericht vorgelegt werden. Es wird empfohlen, dass Personen, die Verm\u00f6genswerte in beiden L\u00e4ndern besitzen, separate Testamente f\u00fcr jede Gerichtsbarkeit erstellen.<\/p>\t\t\t\t\t\t\t\t<\/div>\n\t\t\t\t<\/div>\n\t\t\t\t\t<\/details>\n\t\t\t\t\t\t<details id=\"e-n-accordion-item-2404\" class=\"e-n-accordion-item\" >\n\t\t\t\t<summary class=\"e-n-accordion-item-title\" data-accordion-index=\"5\" tabindex=\"-1\" aria-expanded=\"false\" aria-controls=\"e-n-accordion-item-2404\" >\n\t\t\t\t\t<span class='e-n-accordion-item-title-header'><div class=\"e-n-accordion-item-title-text\"> Kann ich ein Erbe in Deutschland ausschlagen? <\/div><\/span>\n\t\t\t\t\t\t\t<span class='e-n-accordion-item-title-icon'>\n\t\t\t<span class='e-opened' ><i aria-hidden=\"true\" class=\"fas fa-minus\"><\/i><\/span>\n\t\t\t<span class='e-closed'><i aria-hidden=\"true\" class=\"fas fa-plus\"><\/i><\/span>\n\t\t<\/span>\n\n\t\t\t\t\t\t<\/summary>\n\t\t\t\t<div role=\"region\" aria-labelledby=\"e-n-accordion-item-2404\" class=\"elementor-element elementor-element-c451b05 e-con-full e-flex e-con e-child\" data-id=\"c451b05\" data-element_type=\"container\" data-e-type=\"container\">\n\t\t\t\t<div class=\"elementor-element elementor-element-2a7fccb elementor-widget elementor-widget-text-editor\" data-id=\"2a7fccb\" data-element_type=\"widget\" data-e-type=\"widget\" data-widget_type=\"text-editor.default\">\n\t\t\t\t\t\t\t\t\t<p>In Deutschland muss die Ausschlagung der Erbschaft innerhalb von 6 Wochen erfolgen, nachdem der Erbe Kenntnis von der Erbschaft erlangt hat (6 Monate, wenn der Erbe im Ausland lebt). Die Ausschlagung ist ein deklaratorischer Akt und muss vor dem Nachlassgericht oder durch eine notariell beglaubigte Erkl\u00e4rung erfolgen. Nach der Ausschlagung kann sie nicht r\u00fcckg\u00e4ngig gemacht werden. Es ist \u00fcblich, auszuschlagen, wenn die Schulden des Erblassers den Wert des Verm\u00f6gens \u00fcbersteigen.<\/p>\t\t\t\t\t\t\t\t<\/div>\n\t\t\t\t<\/div>\n\t\t\t\t\t<\/details>\n\t\t\t\t\t<\/div>\n\t\t\t\t\t\t<\/div>\n\t\t\t\t\t<\/div>\n\t\t\t\t<\/div>\n\t\t\t\t<\/div>","protected":false},"excerpt":{"rendered":"<p>Direito Sucess\u00f3rio e Heran\u00e7as Assessoria jur\u00eddica especializada em mat\u00e9rias sucess\u00f3rias, com atua\u00e7\u00e3o em heran\u00e7as internacionais, partilha de bens e organiza\u00e7\u00e3o patrimonial envolvendo diferentes jurisdi\u00e7\u00f5es. An\u00e1lise estrat\u00e9gica da legisla\u00e7\u00e3o aplic\u00e1vel, considerando conflitos de leis, domic\u00edlio das partes, localiza\u00e7\u00e3o dos bens e impactos transnacionais. Orienta\u00e7\u00e3o na estrutura\u00e7\u00e3o de planejamento sucess\u00f3rio, com foco na prote\u00e7\u00e3o do patrim\u00f4nio, na&#8230;<\/p>","protected":false},"author":1,"featured_media":0,"parent":0,"menu_order":0,"comment_status":"closed","ping_status":"closed","template":"","meta":{"footnotes":""},"class_list":["post-5350","page","type-page","status-publish","hentry"],"_links":{"self":[{"href":"https:\/\/koellnadvogada.com\/de\/wp-json\/wp\/v2\/pages\/5350","targetHints":{"allow":["GET"]}}],"collection":[{"href":"https:\/\/koellnadvogada.com\/de\/wp-json\/wp\/v2\/pages"}],"about":[{"href":"https:\/\/koellnadvogada.com\/de\/wp-json\/wp\/v2\/types\/page"}],"author":[{"embeddable":true,"href":"https:\/\/koellnadvogada.com\/de\/wp-json\/wp\/v2\/users\/1"}],"replies":[{"embeddable":true,"href":"https:\/\/koellnadvogada.com\/de\/wp-json\/wp\/v2\/comments?post=5350"}],"version-history":[{"count":34,"href":"https:\/\/koellnadvogada.com\/de\/wp-json\/wp\/v2\/pages\/5350\/revisions"}],"predecessor-version":[{"id":7457,"href":"https:\/\/koellnadvogada.com\/de\/wp-json\/wp\/v2\/pages\/5350\/revisions\/7457"}],"wp:attachment":[{"href":"https:\/\/koellnadvogada.com\/de\/wp-json\/wp\/v2\/media?parent=5350"}],"curies":[{"name":"wp","href":"https:\/\/api.w.org\/{rel}","templated":true}]}}